{"id":40912,"date":"2024-08-26T13:29:45","date_gmt":"2024-09-09T14:57:03","guid":{"rendered":"https:\/\/staging.nbg.eu\/product\/vanward-hunter-pro\/"},"modified":"2024-09-09T14:59:12","modified_gmt":"2024-09-09T14:59:12","slug":"vanward-filca","status":"publish","type":"product","link":"https:\/\/staging.nbg.eu\/lv\/product\/vanward-filca\/","title":{"rendered":"Vanward Filca"},"content":{"rendered":"<div class=\"product-description\">\n<h2>Vanward Hunter PRO<\/h2>\n<p>Izbaudiet izcilu veiktsp\u0113ju zem 300 gramiem ar Vanward Hunter PRO sl\u0101p\u0113t\u0101ju. Tas pied\u0101v\u0101 optimiz\u0113tu deflektoru izvietojumu uzlabotai spiediena izl\u012bdzin\u0101\u0161anai un iztur\u012bgu se\u0161st\u016bra \u0101r\u0113jo dizainu, nodro\u0161inot uzlabotu dro\u0161\u012bbu, iztur\u012bbu un dzes\u0113\u0161anas efektivit\u0101ti.<\/p>\n<h2>Galven\u0101s iez\u012bmes:<\/h2>\n<ul>\n<li>3D druk\u0101ts vien\u0101 5. klases tit\u0101na gabal\u0101 maksim\u0101lai dro\u0161\u012bbai un veiktsp\u0113jai<\/li>\n<li>\u0100rk\u0101rt\u012bgi iztur\u012bgs un korozijiztur\u012bgs<\/li>\n<li>Main\u0101mas ner\u016bs\u0113jo\u0161\u0101 t\u0113rauda v\u012bt\u0146u ielikt\u0146i<\/li>\n<li>POM gredzens optim\u0101lai stobra atstatumam<\/li>\n<li>Pieejams ar da\u017e\u0101diem v\u012bt\u0146u veidiem: 1\/2*28&#8243;, 5\/8&#215;24&#8243; M14x1, M14x1,5, M15x1, M16x1, M18x1<\/li>\n<\/ul>\n<h2>Specifik\u0101cijas:<\/h2>\n<ul>\n<li>Diametrs: 48mm<\/li>\n<li>Garums: 220mm<\/li>\n<li>Svars: 295 grami*<\/li>\n<\/ul>\n<p>Vanward Hunter PRO inovat\u012bvais dizains un izcilie materi\u0101li padara to par ide\u0101lu izv\u0113li pras\u012bgiem medniekiem un \u0161au\u0161anas entuziastiem, kuri pieprasa lab\u0101ko sl\u0101p\u0113t\u0101ju tehnolo\u0123iju.<\/p>\n<\/div>\n","protected":false},"excerpt":{"rendered":"<p>\u012apa\u0161i viegls, tit\u0101na klusin\u0101t\u0101js ar optimiz\u0113tu veiktsp\u0113ju.<\/p>\n","protected":false},"featured_media":102157,"template":"","meta":{"_acf_changed":false},"product_brand":[11945],"product_cat":[13827,13780,13762],"product_tag":[],"class_list":{"0":"post-40912","1":"product","2":"type-product","3":"status-publish","4":"has-post-thumbnail","6":"product_brand-vanward","7":"product_cat-sautene","8":"product_cat-sautenes-troksnu-slapetaji","9":"product_cat-troksnu-slapetaji","11":"first","12":"instock","13":"taxable","14":"shipping-taxable","15":"purchasable","16":"product-type-variable","17":"wvs-archive-product-wrapper"},"acf":[],"_links":{"self":[{"href":"https:\/\/staging.nbg.eu\/lv\/wp-json\/wp\/v2\/product\/40912","targetHints":{"allow":["GET"]}}],"collection":[{"href":"https:\/\/staging.nbg.eu\/lv\/wp-json\/wp\/v2\/product"}],"about":[{"href":"https:\/\/staging.nbg.eu\/lv\/wp-json\/wp\/v2\/types\/product"}],"wp:featuredmedia":[{"embeddable":true,"href":"https:\/\/staging.nbg.eu\/lv\/wp-json\/wp\/v2\/media\/102157"}],"wp:attachment":[{"href":"https:\/\/staging.nbg.eu\/lv\/wp-json\/wp\/v2\/media?parent=40912"}],"wp:term":[{"taxonomy":"product_brand","embeddable":true,"href":"https:\/\/staging.nbg.eu\/lv\/wp-json\/wp\/v2\/product_brand?post=40912"},{"taxonomy":"product_cat","embeddable":true,"href":"https:\/\/staging.nbg.eu\/lv\/wp-json\/wp\/v2\/product_cat?post=40912"},{"taxonomy":"product_tag","embeddable":true,"href":"https:\/\/staging.nbg.eu\/lv\/wp-json\/wp\/v2\/product_tag?post=40912"}],"curies":[{"name":"wp","href":"https:\/\/api.w.org\/{rel}","templated":true}]}}