{"id":405348,"date":"2025-06-30T19:47:39","date_gmt":"2025-06-30T16:47:39","guid":{"rendered":"https:\/\/staging.nbg.eu\/product\/compensator-ase-utra-au780-borelock-223-muzzle-brake-1-2x28-unef\/"},"modified":"2025-06-30T19:49:22","modified_gmt":"2025-06-30T16:49:22","slug":"kompensators-ase-utra-au780-borelock-223-dulu-bremze-12x28-unef","status":"publish","type":"product","link":"https:\/\/staging.nbg.eu\/lv\/product\/kompensators-ase-utra-au780-borelock-223-dulu-bremze-12x28-unef\/","title":{"rendered":"KOMPENSATORS ASE UTRA AU780 BoreLock .223 dulu bremze 1\/2&#8243;x28 UNEF"},"content":{"rendered":"<h2>KOMPENSATORS ASE UTRA AU780 BoreLock .223 Stobra Bremze<\/h2>\n<p>KOMPENSATORS ASE UTRA AU780 BoreLock .223 stobra bremze ar BoreLock \u0101tras piestiprin\u0101\u0161anas sist\u0113mu. \u0160\u012b ier\u012bce ir paredz\u0113ta 5,56 mm NATO trieciena \u0161auten\u0113m un vieglajiem lo\u017emet\u0113jiem, nodro\u0161inot dro\u0161u un viegli lietojamu piestiprin\u0101\u0161anas risin\u0101jumu.<\/p>\n<h2>Galven\u0101s \u012bpa\u0161\u012bbas:<\/h2>\n<ul>\n<li>V\u012btne: 1\/2&#8243;x28 UNEF<\/li>\n<li>Sader\u012bgs ar .223 Remington \/ 5,56 NATO<\/li>\n<li>BoreLock \u0101tras piestiprin\u0101\u0161anas sist\u0113ma<\/li>\n<li>Divu portu dizains atsitiena samazin\u0101\u0161anai<\/li>\n<li>Kompakts izm\u0113rs<\/li>\n<li>Samazina uzliesmojumu un vizu\u0101lo paman\u0101m\u012bbu<\/li>\n<\/ul>\n<p>AU780 BoreLock stobra bremze ir da\u013ca no ASE UTRA BoreLock mont\u0101\u017eas sist\u0113mas, kas ietver da\u017e\u0101dus liesmu sl\u0101p\u0113t\u0101ju stiprin\u0101jumus un mont\u0101\u017eas apkakli. \u0160\u012b bremze nodro\u0161ina atsitiena kontroli, saglab\u0101jot zemu profilu.<\/p>\n<p>KOMPENSATORS ASE UTRA AU780 BoreLock .223 stobra bremze ir piem\u0113rota j\u016bsu iero\u010da konfigur\u0101cijai.<\/p>\n","protected":false},"excerpt":{"rendered":"<p>Kompakts, efekt\u012bvs atsitiena samazin\u0101t\u0101js .223 \u0161auten\u0113m. \u0100tr\u0101s piestiprin\u0101\u0161anas sist\u0113ma.<\/p>\n","protected":false},"featured_media":359526,"template":"","meta":{"_acf_changed":false},"product_brand":[],"product_cat":[13827,13780,13776],"product_tag":[],"class_list":{"0":"post-405348","1":"product","2":"type-product","3":"status-publish","4":"has-post-thumbnail","6":"product_cat-sautene","7":"product_cat-sautenes-troksnu-slapetaji","8":"product_cat-sautenes-uzlabojumi","10":"first","11":"instock","12":"taxable","13":"shipping-taxable","14":"purchasable","15":"product-type-simple"},"acf":[],"_links":{"self":[{"href":"https:\/\/staging.nbg.eu\/lv\/wp-json\/wp\/v2\/product\/405348","targetHints":{"allow":["GET"]}}],"collection":[{"href":"https:\/\/staging.nbg.eu\/lv\/wp-json\/wp\/v2\/product"}],"about":[{"href":"https:\/\/staging.nbg.eu\/lv\/wp-json\/wp\/v2\/types\/product"}],"wp:featuredmedia":[{"embeddable":true,"href":"https:\/\/staging.nbg.eu\/lv\/wp-json\/wp\/v2\/media\/359526"}],"wp:attachment":[{"href":"https:\/\/staging.nbg.eu\/lv\/wp-json\/wp\/v2\/media?parent=405348"}],"wp:term":[{"taxonomy":"product_brand","embeddable":true,"href":"https:\/\/staging.nbg.eu\/lv\/wp-json\/wp\/v2\/product_brand?post=405348"},{"taxonomy":"product_cat","embeddable":true,"href":"https:\/\/staging.nbg.eu\/lv\/wp-json\/wp\/v2\/product_cat?post=405348"},{"taxonomy":"product_tag","embeddable":true,"href":"https:\/\/staging.nbg.eu\/lv\/wp-json\/wp\/v2\/product_tag?post=405348"}],"curies":[{"name":"wp","href":"https:\/\/api.w.org\/{rel}","templated":true}]}}