{"id":404797,"date":"2025-06-30T12:06:16","date_gmt":"2025-06-30T09:06:16","guid":{"rendered":"https:\/\/staging.nbg.eu\/product\/ammunition-sb-cal-357-mag-fmj-10-25g\/"},"modified":"2025-06-30T12:07:48","modified_gmt":"2025-06-30T09:07:48","slug":"municija-sb-kal-357-mag-fmj-1025g","status":"publish","type":"product","link":"https:\/\/staging.nbg.eu\/lv\/product\/municija-sb-kal-357-mag-fmj-1025g\/","title":{"rendered":"MUNICIJA S&#038;B kal. 357 Mag FMJ 10.25g"},"content":{"rendered":"<div class=\"product-description\">\n<h2>S&amp;B FMJ .357 Magnum 10.25g<\/h2>\n<p>Sellier &amp; Bellot pilna met\u0101la apvalka .357 Magnum patrona. \u0160\u012b mun\u012bcija ir paredz\u0113ta revolveru lietot\u0101jiem.<\/p>\n<h3>Galven\u0101s \u012bpa\u0161\u012bbas:<\/h3>\n<ul>\n<li>Kalibrs: .357 Magnum<\/li>\n<li>Lodes svars: 158gr\/10.25g Pilna met\u0101la apvalks (FMJ)<\/li>\n<li>Stobra \u0101trums: 385 m\/s<\/li>\n<li>Balistiskais koeficients: 0.184<\/li>\n<li>Jaudas faktors: 199.6<\/li>\n<li>Kastes izm\u0113rs: 50 patronas<\/li>\n<\/ul>\n<p>Ra\u017eot\u0101js Sellier &amp; Bellot darbojas kop\u0161 1825. gada. \u0160\u012b patrona ir piem\u0113rota treni\u0146iem, sacens\u012bb\u0101m un cit\u0101m \u0161au\u0161anas aktivit\u0101t\u0113m.<\/p>\n<p>\u0160o mun\u012bciju izmanto gan civiliedz\u012bvot\u0101ji, gan milit\u0101rais person\u0101ls vis\u0101 pasaul\u0113. S&amp;B .357 Magnum patronas ir paredz\u0113tas prec\u012bzai un uzticamai \u0161au\u0161anai.<\/p>\n<\/div>\n","protected":false},"excerpt":{"rendered":"<p>S&amp;B .357 Mag FMJ 10,25g: Jaud\u012bga, prec\u012bza revolvera mun\u012bcija treni\u0146iem<\/p>\n","protected":false},"featured_media":359128,"template":"","meta":{"_acf_changed":false},"product_brand":[],"product_cat":[13812,13802],"product_tag":[],"class_list":{"0":"post-404797","1":"product","2":"type-product","3":"status-publish","4":"has-post-thumbnail","6":"product_cat-licencets","7":"product_cat-municija","9":"first","10":"instock","11":"taxable","12":"shipping-taxable","13":"purchasable","14":"product-type-simple"},"acf":[],"_links":{"self":[{"href":"https:\/\/staging.nbg.eu\/lv\/wp-json\/wp\/v2\/product\/404797","targetHints":{"allow":["GET"]}}],"collection":[{"href":"https:\/\/staging.nbg.eu\/lv\/wp-json\/wp\/v2\/product"}],"about":[{"href":"https:\/\/staging.nbg.eu\/lv\/wp-json\/wp\/v2\/types\/product"}],"wp:featuredmedia":[{"embeddable":true,"href":"https:\/\/staging.nbg.eu\/lv\/wp-json\/wp\/v2\/media\/359128"}],"wp:attachment":[{"href":"https:\/\/staging.nbg.eu\/lv\/wp-json\/wp\/v2\/media?parent=404797"}],"wp:term":[{"taxonomy":"product_brand","embeddable":true,"href":"https:\/\/staging.nbg.eu\/lv\/wp-json\/wp\/v2\/product_brand?post=404797"},{"taxonomy":"product_cat","embeddable":true,"href":"https:\/\/staging.nbg.eu\/lv\/wp-json\/wp\/v2\/product_cat?post=404797"},{"taxonomy":"product_tag","embeddable":true,"href":"https:\/\/staging.nbg.eu\/lv\/wp-json\/wp\/v2\/product_tag?post=404797"}],"curies":[{"name":"wp","href":"https:\/\/api.w.org\/{rel}","templated":true}]}}