{"id":39471,"date":"2024-08-26T13:35:02","date_gmt":"2024-09-09T14:49:10","guid":{"rendered":"https:\/\/staging.nbg.eu\/product\/vanward-felt\/"},"modified":"2024-09-09T14:50:39","modified_gmt":"2024-09-09T14:50:39","slug":"vanward-ultra-viegls","status":"publish","type":"product","link":"https:\/\/staging.nbg.eu\/lv\/product\/vanward-ultra-viegls\/","title":{"rendered":"Vanward Ultra Viegls"},"content":{"rendered":"<div class=\"product-description\">\n<h2>Vanward Felt Klusin\u0101t\u0101js<\/h2>\n<p>Piedz\u012bvojiet n\u0101kamo evol\u016bciju klusin\u0101t\u0101ju tehnolo\u0123ij\u0101 ar Vanward Felt, kas izstr\u0101d\u0101ts no TE-Titan 3D druk\u0101tajiem klusin\u0101t\u0101jiem.<\/p>\n<h2>Galven\u0101s Iez\u012bmes:<\/h2>\n<ul>\n<li>Optimiz\u0113ts deflektoru izvietojums lab\u0101kai spiediena izl\u012bdzin\u0101\u0161anai<\/li>\n<li>Se\u0161st\u016bra \u0101r\u0113jais dizains uzlabotai iztur\u012bbai un efekt\u012bvai dzes\u0113\u0161anai<\/li>\n<li>Neticami viegls, tikai 171 grami*<\/li>\n<li>3D druk\u0101ts vien\u0101 gabal\u0101 no 5. klases tit\u0101na<\/li>\n<li>Ner\u016bs\u0113jo\u0161\u0101 t\u0113rauda v\u012bt\u0146ot\u0101 da\u013ca<\/li>\n<li>Iztur\u012bgs pret \u016bdeni, s\u0101ls \u0161\u0137\u012bdumiem un iero\u010du g\u0101z\u0113m<\/li>\n<li>Minim\u0101la pulvera atlikumu pielip\u0161ana<\/li>\n<\/ul>\n<h2>Specifik\u0101cijas:<\/h2>\n<ul>\n<li>Pieejamie kalibri: .223, .264, .30<\/li>\n<li>V\u012bt\u0146u veidi: M18x1, M15x1, M14x1, 1\/2*28<\/li>\n<li>Izm\u0113ri: \u00d842mm x 130mm garums<\/li>\n<\/ul>\n<p>Izstr\u0101d\u0101ts ar vado\u0161o lauka \u0161\u0101v\u0113ju ieguld\u012bjumu, Vanward Felt pied\u0101v\u0101 nep\u0101rsp\u0113tu dro\u0161\u012bbu, iztur\u012bbu un veiktsp\u0113ju. T\u0101 integr\u0113t\u0101s dzes\u0113\u0161anas ribas un vieglais dizains padara to ide\u0101li piem\u0113rotu lauka \u0161au\u0161anas pielietojumiem.<\/p>\n<p><em>*Svars M14x1 v\u012btnes veidam<\/em><\/p>\n<\/div>\n","protected":false},"excerpt":{"rendered":"<p>Viegls, 3D druk\u0101ts tit\u0101na klusin\u0101t\u0101js ar optimiz\u0113tu dizainu.<\/p>\n","protected":false},"featured_media":32226,"template":"","meta":{"_acf_changed":false},"product_brand":[11945],"product_cat":[13827,13780,13762],"product_tag":[],"class_list":{"0":"post-39471","1":"product","2":"type-product","3":"status-publish","4":"has-post-thumbnail","6":"product_brand-vanward","7":"product_cat-sautene","8":"product_cat-sautenes-troksnu-slapetaji","9":"product_cat-troksnu-slapetaji","11":"first","12":"instock","13":"taxable","14":"shipping-taxable","15":"purchasable","16":"product-type-variable","17":"wvs-archive-product-wrapper"},"acf":[],"_links":{"self":[{"href":"https:\/\/staging.nbg.eu\/lv\/wp-json\/wp\/v2\/product\/39471","targetHints":{"allow":["GET"]}}],"collection":[{"href":"https:\/\/staging.nbg.eu\/lv\/wp-json\/wp\/v2\/product"}],"about":[{"href":"https:\/\/staging.nbg.eu\/lv\/wp-json\/wp\/v2\/types\/product"}],"wp:featuredmedia":[{"embeddable":true,"href":"https:\/\/staging.nbg.eu\/lv\/wp-json\/wp\/v2\/media\/32226"}],"wp:attachment":[{"href":"https:\/\/staging.nbg.eu\/lv\/wp-json\/wp\/v2\/media?parent=39471"}],"wp:term":[{"taxonomy":"product_brand","embeddable":true,"href":"https:\/\/staging.nbg.eu\/lv\/wp-json\/wp\/v2\/product_brand?post=39471"},{"taxonomy":"product_cat","embeddable":true,"href":"https:\/\/staging.nbg.eu\/lv\/wp-json\/wp\/v2\/product_cat?post=39471"},{"taxonomy":"product_tag","embeddable":true,"href":"https:\/\/staging.nbg.eu\/lv\/wp-json\/wp\/v2\/product_tag?post=39471"}],"curies":[{"name":"wp","href":"https:\/\/api.w.org\/{rel}","templated":true}]}}