{"id":38294,"date":"2024-08-26T13:54:16","date_gmt":"2024-09-09T14:38:42","guid":{"rendered":"https:\/\/staging.nbg.eu\/product\/vanward-ultra-light\/"},"modified":"2025-05-01T17:51:45","modified_gmt":"2025-05-01T17:51:45","slug":"bcm-atri-nonemams-slingas-grieztnis-pastiprinats-dizains","status":"publish","type":"product","link":"https:\/\/staging.nbg.eu\/lv\/product\/bcm-atri-nonemams-slingas-grieztnis-pastiprinats-dizains\/","title":{"rendered":"BCM\u00ae \u0100tri No\u0146emams Slingas Grieztnis (Pastiprin\u0101ts Dizains)"},"content":{"rendered":"<h2>Vanward Ultra Vieglais Klusin\u0101t\u0101js<\/h2>\n<p>Izbaudiet nep\u0101rsp\u0113jamu vieglumu un veiktsp\u0113ju ar Vanward Ultra Light klusin\u0101t\u0101ju. Ar svaru tikai 137 grami*, tas ir visviegl\u0101kais sav\u0101 klas\u0113, nezaud\u0113jot funkcionalit\u0101ti.<\/p>\n<h2>Galven\u0101s Iez\u012bmes:<\/h2>\n<ul>\n<li>Optimiz\u0113ts deflektoru izvietojums lab\u0101kai spiediena izl\u012bdzin\u0101\u0161anai<\/li>\n<li>Se\u0161st\u016bra \u0101r\u0113jais dizains uzlabotai iztur\u012bbai un dzes\u0113\u0161anai<\/li>\n<li>3D druk\u0101ts vien\u0101 gabal\u0101 no 5. klases tit\u0101na<\/li>\n<li>\u0100rk\u0101rt\u012bgi iztur\u012bgs un korozijiztur\u012bgs<\/li>\n<li>Pieejams kalibriem .223, .264 un .30<\/li>\n<li>V\u012bt\u0146u tipi: M18x1, M15x1, M14x1, 1\/2*28<\/li>\n<\/ul>\n<h2>Specifik\u0101cijas:<\/h2>\n<ul>\n<li>Diametrs: 42mm<\/li>\n<li>Garums: 130mm<\/li>\n<li>Svars: 137 grami* (M18 modelis)<\/li>\n<\/ul>\n<p>Paaugstiniet savu \u0161au\u0161anas pieredzi ar Vanward Ultra Light &#8211; kur inov\u0101cijas satiekas ar veiktsp\u0113ju.<\/p>\n","protected":false},"excerpt":{"rendered":"<p>\u012apa\u0161i viegls tit\u0101na klusin\u0101t\u0101js, 137g. 3D druk\u0101ts, iztur\u012bgs, efekt\u012bva dzes\u0113\u0161ana.<\/p>\n","protected":false},"featured_media":32434,"template":"","meta":{"_acf_changed":false},"product_brand":[11945],"product_cat":[13827,13780,13762],"product_tag":[],"class_list":{"0":"post-38294","1":"product","2":"type-product","3":"status-publish","4":"has-post-thumbnail","6":"product_brand-vanward","7":"product_cat-sautene","8":"product_cat-sautenes-troksnu-slapetaji","9":"product_cat-troksnu-slapetaji","11":"first","12":"instock","13":"taxable","14":"shipping-taxable","15":"purchasable","16":"product-type-variable","17":"wvs-archive-product-wrapper"},"acf":[],"_links":{"self":[{"href":"https:\/\/staging.nbg.eu\/lv\/wp-json\/wp\/v2\/product\/38294","targetHints":{"allow":["GET"]}}],"collection":[{"href":"https:\/\/staging.nbg.eu\/lv\/wp-json\/wp\/v2\/product"}],"about":[{"href":"https:\/\/staging.nbg.eu\/lv\/wp-json\/wp\/v2\/types\/product"}],"wp:featuredmedia":[{"embeddable":true,"href":"https:\/\/staging.nbg.eu\/lv\/wp-json\/wp\/v2\/media\/32434"}],"wp:attachment":[{"href":"https:\/\/staging.nbg.eu\/lv\/wp-json\/wp\/v2\/media?parent=38294"}],"wp:term":[{"taxonomy":"product_brand","embeddable":true,"href":"https:\/\/staging.nbg.eu\/lv\/wp-json\/wp\/v2\/product_brand?post=38294"},{"taxonomy":"product_cat","embeddable":true,"href":"https:\/\/staging.nbg.eu\/lv\/wp-json\/wp\/v2\/product_cat?post=38294"},{"taxonomy":"product_tag","embeddable":true,"href":"https:\/\/staging.nbg.eu\/lv\/wp-json\/wp\/v2\/product_tag?post=38294"}],"curies":[{"name":"wp","href":"https:\/\/api.w.org\/{rel}","templated":true}]}}