{"id":37612,"date":"2024-09-02T10:54:46","date_gmt":"2024-09-02T10:54:46","guid":{"rendered":"https:\/\/staging.nbg.eu\/product\/bcm-quick-detach-sling-swivel-heavy-duty-design\/"},"modified":"2024-09-09T14:28:56","modified_gmt":"2024-09-09T14:28:56","slug":"bcm-mcmr-sm-atri-nonemams-slingas-stiprinajums-m-lok-saderigs","status":"publish","type":"product","link":"https:\/\/staging.nbg.eu\/lv\/product\/bcm-mcmr-sm-atri-nonemams-slingas-stiprinajums-m-lok-saderigs\/","title":{"rendered":"BCM\u00ae MCMR-SM \u0100tri No\u0146emams Slingas Stiprin\u0101jums (M-LOK\u00ae Sader\u012bgs*)"},"content":{"rendered":"<div class=\"product-description\">\n<h2>BCM\u00ae \u0100tri no\u0146emama siksnas skava (Iztur\u012bga konstrukcija)<\/h2>\n<p>Uzlabojiet sava \u0161aujamiero\u010da funkcionalit\u0101ti ar BCM\u00ae \u0100tri no\u0146emamo siksnas skavu, kas izstr\u0101d\u0101ta ilgiztur\u012bbai un uzticam\u012bbai.<\/p>\n<ul>\n<li>Iegremd\u0113ta virzu\u013ca dizains nov\u0113r\u0161 nejau\u0161u atbr\u012bvo\u0161anu, nodro\u0161inot, ka j\u016bsu siksna paliek dro\u0161i piestiprin\u0101ta<\/li>\n<li>Prec\u012bzi izgatavota no oglek\u013ca t\u0113rauda ar mang\u0101na fosf\u0101ta apdari augst\u0101kai korozijas iztur\u012bbai<\/li>\n<li>Pirms p\u0101rkl\u0101\u0161anas apstr\u0101d\u0101ta ar vibr\u0101cijas un smil\u0161u str\u016bklas metodi, lai ieg\u016btu gludu, neaiz\u0137ero\u0161u virsmu<\/li>\n<li>Sader\u012bga ar 1-1\/4&#8243; siksn\u0101m, pied\u0101v\u0101jot univers\u0101lumu da\u017e\u0101d\u0101m konfigur\u0101cij\u0101m<\/li>\n<li>Iztur\u012bga konstrukcija iztur intens\u012bvu lieto\u0161anu pras\u012bgos apst\u0101k\u013cos<\/li>\n<\/ul>\n<p>Uzticieties BCM kvalit\u0101tei un veiktsp\u0113jai. \u0160\u012b \u0101tri no\u0146emam\u0101 siksnas skava ir ide\u0101ls papildin\u0101jums j\u016bsu taktiskajam apr\u012bkojumam, nodro\u0161inot \u0101tru piestiprin\u0101\u0161anu un no\u0146em\u0161anu, neapdraudot dro\u0161\u012bbu.<\/p>\n<\/div>\n","protected":false},"excerpt":{"rendered":"<p>\u0100tri no\u0146emams iztur\u012bgs siksnas \u0161\u0137\u0113rsis. Dro\u0161s, iztur\u012bgs, sader\u012bgs ar 1-1\/4&#8243;.<\/p>\n","protected":false},"featured_media":36983,"template":"","meta":{"_acf_changed":false},"product_brand":[11062],"product_cat":[13827,13776,13790],"product_tag":[],"class_list":{"0":"post-37612","1":"product","2":"type-product","3":"status-publish","4":"has-post-thumbnail","6":"product_brand-bcm","7":"product_cat-sautene","8":"product_cat-sautenes-uzlabojumi","9":"product_cat-siksnas","11":"first","12":"instock","13":"taxable","14":"shipping-taxable","15":"purchasable","16":"product-type-simple"},"acf":[],"_links":{"self":[{"href":"https:\/\/staging.nbg.eu\/lv\/wp-json\/wp\/v2\/product\/37612","targetHints":{"allow":["GET"]}}],"collection":[{"href":"https:\/\/staging.nbg.eu\/lv\/wp-json\/wp\/v2\/product"}],"about":[{"href":"https:\/\/staging.nbg.eu\/lv\/wp-json\/wp\/v2\/types\/product"}],"wp:featuredmedia":[{"embeddable":true,"href":"https:\/\/staging.nbg.eu\/lv\/wp-json\/wp\/v2\/media\/36983"}],"wp:attachment":[{"href":"https:\/\/staging.nbg.eu\/lv\/wp-json\/wp\/v2\/media?parent=37612"}],"wp:term":[{"taxonomy":"product_brand","embeddable":true,"href":"https:\/\/staging.nbg.eu\/lv\/wp-json\/wp\/v2\/product_brand?post=37612"},{"taxonomy":"product_cat","embeddable":true,"href":"https:\/\/staging.nbg.eu\/lv\/wp-json\/wp\/v2\/product_cat?post=37612"},{"taxonomy":"product_tag","embeddable":true,"href":"https:\/\/staging.nbg.eu\/lv\/wp-json\/wp\/v2\/product_tag?post=37612"}],"curies":[{"name":"wp","href":"https:\/\/api.w.org\/{rel}","templated":true}]}}