{"id":37589,"date":"2024-09-02T16:31:14","date_gmt":"2024-09-02T16:31:14","guid":{"rendered":"https:\/\/staging.nbg.eu\/product\/bcm-mcmr-sm-quick-detachable-sling-mount-m-lok-compatible\/"},"modified":"2024-09-09T14:22:00","modified_gmt":"2024-09-09T14:22:00","slug":"bcm-3-collu-picatinny-sliezu-sekcija-aluminijs-m-lok-saderigs","status":"publish","type":"product","link":"https:\/\/staging.nbg.eu\/lv\/product\/bcm-3-collu-picatinny-sliezu-sekcija-aluminijs-m-lok-saderigs\/","title":{"rendered":"BCM\u00ae 3 collu Picatinny Slie\u017eu Sekcija, Alum\u012bnijs (M-LOK\u00ae Sader\u012bgs*)"},"content":{"rendered":"<div class=\"product-description\">\n<h2>BCM\u00ae MCMR-SM \u0100tri no\u0146emamais siksnas stiprin\u0101jums (M-LOK\u00ae sader\u012bgs*)<\/h2>\n<p>Uzlabojiet sava \u0161aujamiero\u010da daudzpus\u012bbu ar BCM\u00ae MCMR-SM \u0101tri no\u0146emamo siksnas stiprin\u0101jumu. \u0160is zem\u0101 profila piederums ir izstr\u0101d\u0101ts, lai palielin\u0101tu mobilit\u0101ti un samazin\u0101tu aiz\u0137er\u0161an\u0101s iesp\u0113ju, padarot to par b\u016btisku papildin\u0101jumu j\u016bsu M-LOK\u00ae sader\u012bgai sist\u0113mai.<\/p>\n<ul>\n<li>M-LOK\u00ae sader\u012bgs vieglai uzst\u0101d\u012b\u0161anai<\/li>\n<li>Piem\u0113rots standarta pogas nospie\u0161anas, \u0101tri no\u0146emamiem siksnas \u0161arn\u012briem (nav iek\u013cauti)<\/li>\n<li>8 poz\u012bciju (360\u00b0) nerot\u0113jo\u0161\u0101 blo\u0137\u0113\u0161anas saskarne optim\u0101lai siksnas novieto\u0161anai<\/li>\n<li>Iztur\u012bga t\u0113rauda konstrukcija nodro\u0161ina ilgsto\u0161u veiktsp\u0113ju<\/li>\n<\/ul>\n<p>Izbaudiet uzlabotu manevr\u0113tsp\u0113ju un \u0101tru siksnas piestiprin\u0101\u0161anu ar \u0161o robusto, zem\u0101 profila stiprin\u0101jumu. Piez\u012bme: \u0100tri no\u0146emamais siksnas \u0161arn\u012brs tiek p\u0101rdots atsevi\u0161\u0137i.<\/p>\n<\/div>\n","protected":false},"excerpt":{"rendered":"<p>BCM\u00ae MCMR-SM QD siksnas stiprin\u0101jums: zema profila, sader\u012bgs ar M-LOK.<\/p>\n","protected":false},"featured_media":37053,"template":"","meta":{"_acf_changed":false},"product_brand":[11062],"product_cat":[13827,13776,13790],"product_tag":[],"class_list":{"0":"post-37589","1":"product","2":"type-product","3":"status-publish","4":"has-post-thumbnail","6":"product_brand-bcm","7":"product_cat-sautene","8":"product_cat-sautenes-uzlabojumi","9":"product_cat-siksnas","11":"first","12":"instock","13":"taxable","14":"shipping-taxable","15":"purchasable","16":"product-type-simple"},"acf":[],"_links":{"self":[{"href":"https:\/\/staging.nbg.eu\/lv\/wp-json\/wp\/v2\/product\/37589","targetHints":{"allow":["GET"]}}],"collection":[{"href":"https:\/\/staging.nbg.eu\/lv\/wp-json\/wp\/v2\/product"}],"about":[{"href":"https:\/\/staging.nbg.eu\/lv\/wp-json\/wp\/v2\/types\/product"}],"wp:featuredmedia":[{"embeddable":true,"href":"https:\/\/staging.nbg.eu\/lv\/wp-json\/wp\/v2\/media\/37053"}],"wp:attachment":[{"href":"https:\/\/staging.nbg.eu\/lv\/wp-json\/wp\/v2\/media?parent=37589"}],"wp:term":[{"taxonomy":"product_brand","embeddable":true,"href":"https:\/\/staging.nbg.eu\/lv\/wp-json\/wp\/v2\/product_brand?post=37589"},{"taxonomy":"product_cat","embeddable":true,"href":"https:\/\/staging.nbg.eu\/lv\/wp-json\/wp\/v2\/product_cat?post=37589"},{"taxonomy":"product_tag","embeddable":true,"href":"https:\/\/staging.nbg.eu\/lv\/wp-json\/wp\/v2\/product_tag?post=37589"}],"curies":[{"name":"wp","href":"https:\/\/api.w.org\/{rel}","templated":true}]}}