{"id":37564,"date":"2024-09-02T16:34:30","date_gmt":"2024-09-02T16:34:30","guid":{"rendered":"https:\/\/staging.nbg.eu\/product\/bcm-3-inch-picatinny-rail-section-aluminum-m-lok-compatible\/"},"modified":"2024-09-09T14:10:04","modified_gmt":"2024-09-09T14:10:04","slug":"bcm-kag-m-lok-saderigs","status":"publish","type":"product","link":"https:\/\/staging.nbg.eu\/lv\/product\/bcm-kag-m-lok-saderigs\/","title":{"rendered":"BCM\u00ae KAG &#8211; (M-LOK\u00ae Sader\u012bgs*)"},"content":{"rendered":"<div class=\"product-description\">\n<h2>BCM\u00ae 3 collu Picatinny sliedes sekcija, alum\u012bnijs (M-LOK\u00ae sader\u012bga*)<\/h2>\n<p>Uzlabojiet sava \u0161aujamiero\u010da daudzpus\u012bbu ar BCM\u00ae 3 collu Picatinny sliedes sekciju. \u0160is augst\u0101k\u0101s kvalit\u0101tes piederums ir izgatavots no ciet\u0101 anod\u0113ta avi\u0101cijas alum\u012bnija sakaus\u0113juma, nodro\u0161inot iztur\u012bbu un ilgm\u016b\u017e\u012bbu pras\u012bg\u0101s vid\u0113s.<\/p>\n<ul>\n<li>Ra\u017eots atbilsto\u0161i Mil-Standard 1913 Picatinny Arsenal specifik\u0101cij\u0101m<\/li>\n<li>Pret aiz\u0137er\u0161anos notur\u012bgs dizains vienm\u0113r\u012bgai lieto\u0161anai<\/li>\n<li>M-LOK\u00ae sader\u012bgs vieglai uzst\u0101d\u012b\u0161anai un no\u0146em\u0161anai<\/li>\n<li>Viegla, bet iztur\u012bga konstrukcija<\/li>\n<li>Ide\u0101li piem\u0113rots da\u017e\u0101du piederumu, tostarp lukturu, l\u0101zeru un rokturu, uzst\u0101d\u012b\u0161anai<\/li>\n<\/ul>\n<p>\u0160\u012b sliedes sekcija apvieno funkcionalit\u0101ti ar taktisko est\u0113tiku, \u013caujot piel\u0101got \u0161aujamieroci j\u016bsu konkr\u0113taj\u0101m vajadz\u012bb\u0101m. Neatkar\u012bgi no t\u0101, vai esat profesion\u0101ls operators vai entuziasts, BCM\u00ae 3 collu Picatinny sliedes sekcija ir b\u016btisks papildin\u0101jums j\u016bsu apr\u012bkojumam.<\/p>\n<\/div>\n","protected":false},"excerpt":{"rendered":"<p>BCM\u00ae 3&#8243; Picatinny sliede: Milit\u0101r\u0101s specifik\u0101cijas, M-LOK sader\u012bga, aizsarg\u0101ta pret aiz\u0137er\u0161anos<\/p>\n","protected":false},"featured_media":37192,"template":"","meta":{"_acf_changed":false},"product_brand":[11062],"product_cat":[13827,13776,13775],"product_tag":[],"class_list":{"0":"post-37564","1":"product","2":"type-product","3":"status-publish","4":"has-post-thumbnail","6":"product_brand-bcm","7":"product_cat-sautene","8":"product_cat-sautenes-uzlabojumi","9":"product_cat-sliedes","11":"first","12":"instock","13":"taxable","14":"shipping-taxable","15":"purchasable","16":"product-type-simple"},"acf":[],"_links":{"self":[{"href":"https:\/\/staging.nbg.eu\/lv\/wp-json\/wp\/v2\/product\/37564","targetHints":{"allow":["GET"]}}],"collection":[{"href":"https:\/\/staging.nbg.eu\/lv\/wp-json\/wp\/v2\/product"}],"about":[{"href":"https:\/\/staging.nbg.eu\/lv\/wp-json\/wp\/v2\/types\/product"}],"wp:featuredmedia":[{"embeddable":true,"href":"https:\/\/staging.nbg.eu\/lv\/wp-json\/wp\/v2\/media\/37192"}],"wp:attachment":[{"href":"https:\/\/staging.nbg.eu\/lv\/wp-json\/wp\/v2\/media?parent=37564"}],"wp:term":[{"taxonomy":"product_brand","embeddable":true,"href":"https:\/\/staging.nbg.eu\/lv\/wp-json\/wp\/v2\/product_brand?post=37564"},{"taxonomy":"product_cat","embeddable":true,"href":"https:\/\/staging.nbg.eu\/lv\/wp-json\/wp\/v2\/product_cat?post=37564"},{"taxonomy":"product_tag","embeddable":true,"href":"https:\/\/staging.nbg.eu\/lv\/wp-json\/wp\/v2\/product_tag?post=37564"}],"curies":[{"name":"wp","href":"https:\/\/api.w.org\/{rel}","templated":true}]}}