{"id":37520,"date":"2024-09-02T16:37:54","date_gmt":"2024-09-02T16:37:54","guid":{"rendered":"https:\/\/staging.nbg.eu\/product\/bcm-kag-m-lok-compatible\/"},"modified":"2024-09-09T14:01:27","modified_gmt":"2024-09-09T14:01:27","slug":"condition-one-j-arm-45-170","status":"publish","type":"product","link":"https:\/\/staging.nbg.eu\/lv\/product\/condition-one-j-arm-45-170\/","title":{"rendered":"Condition One J-Arm 45\u00b0 1.70"},"content":{"rendered":"<div class=\"product-description\">\n<h2>BCM\u00ae KAG &#8211; Kinest\u0113tiskais le\u0146\u0137a rokturis (M-LOK\u00ae sader\u012bgs*)<\/h2>\n<p>Uzlabojiet savu \u0161au\u0161anas pieredzi ar BCM\u00ae KAG, kas ir BCM\u00ae un Travis Haley no Haley Strategic Partners sadarb\u012bbas rezult\u0101ts. \u0160im inovat\u012bvajam rokturim ir \u0161\u0101das \u012bpa\u0161\u012bbas:<\/p>\n<ul>\n<li>Biomeh\u0101niski efekt\u012bvs priek\u0161\u0113jais sl\u012bpums pozit\u012bvai satverei<\/li>\n<li>Loc\u012btavu atslogo\u0161ana plaukstas loc\u012btavai, elkonim un plecam<\/li>\n<li>Tekstur\u0113ta priek\u0161puse un aizmugure konsekventai saskarei<\/li>\n<li>&#8220;C-skavas&#8221; satv\u0113rienam un atbalst\u012bt\u0101m \u0161au\u0161anas poz\u012bcij\u0101m<\/li>\n<li>Kompakts dizains uzlabotai iero\u010da manipul\u0101cijai<\/li>\n<li>Ra\u017eots ASV no augstas kvalit\u0101tes, triecieniztur\u012bgiem polim\u0113riem<\/li>\n<\/ul>\n<p>KAG ergonomiskais dizains papildina m\u016bsdienu \u0161au\u0161anas rokturus, nodro\u0161inot vienm\u0113r\u012bgas p\u0101rejas un uzlabotu efektivit\u0101ti, nepievienojot apjom\u012bgumu j\u016bsu iero\u010du sist\u0113mai.<\/p>\n<\/div>\n","protected":false},"excerpt":{"rendered":"<p>BCM\u00ae KAG: Ergonomisks M-LOK\u00ae rokturis uzlabotai iero\u010da kontrolei.<\/p>\n","protected":false},"featured_media":37356,"template":"","meta":{"_acf_changed":false},"product_brand":[11062],"product_cat":[13843],"product_tag":[],"class_list":{"0":"post-37520","1":"product","2":"type-product","3":"status-publish","4":"has-post-thumbnail","6":"product_brand-bcm","7":"product_cat-nekategorizets","9":"first","10":"instock","11":"taxable","12":"shipping-taxable","13":"purchasable","14":"product-type-variable","15":"wvs-archive-product-wrapper"},"acf":[],"_links":{"self":[{"href":"https:\/\/staging.nbg.eu\/lv\/wp-json\/wp\/v2\/product\/37520","targetHints":{"allow":["GET"]}}],"collection":[{"href":"https:\/\/staging.nbg.eu\/lv\/wp-json\/wp\/v2\/product"}],"about":[{"href":"https:\/\/staging.nbg.eu\/lv\/wp-json\/wp\/v2\/types\/product"}],"wp:featuredmedia":[{"embeddable":true,"href":"https:\/\/staging.nbg.eu\/lv\/wp-json\/wp\/v2\/media\/37356"}],"wp:attachment":[{"href":"https:\/\/staging.nbg.eu\/lv\/wp-json\/wp\/v2\/media?parent=37520"}],"wp:term":[{"taxonomy":"product_brand","embeddable":true,"href":"https:\/\/staging.nbg.eu\/lv\/wp-json\/wp\/v2\/product_brand?post=37520"},{"taxonomy":"product_cat","embeddable":true,"href":"https:\/\/staging.nbg.eu\/lv\/wp-json\/wp\/v2\/product_cat?post=37520"},{"taxonomy":"product_tag","embeddable":true,"href":"https:\/\/staging.nbg.eu\/lv\/wp-json\/wp\/v2\/product_tag?post=37520"}],"curies":[{"name":"wp","href":"https:\/\/api.w.org\/{rel}","templated":true}]}}