{"id":37452,"date":"2024-09-02T10:45:09","date_gmt":"2024-09-09T13:25:07","guid":{"rendered":"https:\/\/staging.nbg.eu\/product\/condition-one-j-arm-45-1-70\/"},"modified":"2024-09-09T13:25:46","modified_gmt":"2024-09-09T13:25:46","slug":"videjs-tkn-papildinajums-advanced","status":"publish","type":"product","link":"https:\/\/staging.nbg.eu\/lv\/product\/videjs-tkn-papildinajums-advanced\/","title":{"rendered":"Vid\u0113js TKN!\u2122 Papildin\u0101jums &#8211; ADVANCED"},"content":{"rendered":"<div class=\"product-description\">\n<h2>Condition One J-Arm 45\u00b0 1,70<\/h2>\n<p>Uzlabojiet savu Condition One modul\u0101ro stiprin\u0101jumu (C.O.M.M.) ar daudzpus\u012bgo Condition One J-Arm. \u0160is b\u016btiskais piederums pied\u0101v\u0101 nep\u0101rsp\u0113jamu elast\u012bbu da\u017e\u0101du papildin\u0101jumu piestiprin\u0101\u0161anai j\u016bsu komplektam.<\/p>\n<ul>\n<li>45\u00b0 le\u0146\u0137is optim\u0101lai pozicion\u0113\u0161anai<\/li>\n<li>1,70&#8243; garums prec\u012bzai piederumu izvieto\u0161anai<\/li>\n<li>Abpus\u0113js dizains &#8211; stiprin\u0101ms kreisaj\u0101 vai labaj\u0101 pus\u0113<\/li>\n<li>Regul\u0113jams priek\u0161\u0113jais un aizmugur\u0113jais novietojums<\/li>\n<li>Izgatavots no iztur\u012bga 7075-T6 alum\u012bnija<\/li>\n<li>III tipa ciet\u0101s anod\u0113\u0161anas apdare<\/li>\n<li>Pieejams smil\u0161kr\u0101s\u0101 un meln\u0101 kr\u0101s\u0101<\/li>\n<\/ul>\n<p>Piel\u0101gojiet savu apr\u012bkojuma izk\u0101rtojumu viegli un efekt\u012bvi. J-Arm piel\u0101gojam\u0101 daba \u013cauj operatoriem optimiz\u0113t savu komplektu jebkurai misijai vai v\u0113lm\u0113m. Izbaudiet augst\u0101ko kvalit\u0101ti un funkcionalit\u0101ti ar Condition One J-Arm 45\u00b0 1,70.<\/p>\n<\/div>\n","protected":false},"excerpt":{"rendered":"<p>Daudzpus\u012bgs 45\u00b0 J-veida stiprin\u0101jums C.O.M.M. sist\u0113mai. Iztur\u012bgs alum\u012bnijs, regul\u0113jams.<\/p>\n","protected":false},"featured_media":35364,"template":"","meta":{"_acf_changed":false},"product_brand":[11085],"product_cat":[13803,13804,13827,13776],"product_tag":[],"class_list":{"0":"post-37452","1":"product","2":"type-product","3":"status-publish","4":"has-post-thumbnail","6":"product_brand-badger-ordnance","7":"product_cat-merkesana","8":"product_cat-sarkanpunkta-temekli","9":"product_cat-sautene","10":"product_cat-sautenes-uzlabojumi","12":"first","13":"instock","14":"taxable","15":"shipping-taxable","16":"purchasable","17":"product-type-simple"},"acf":[],"_links":{"self":[{"href":"https:\/\/staging.nbg.eu\/lv\/wp-json\/wp\/v2\/product\/37452","targetHints":{"allow":["GET"]}}],"collection":[{"href":"https:\/\/staging.nbg.eu\/lv\/wp-json\/wp\/v2\/product"}],"about":[{"href":"https:\/\/staging.nbg.eu\/lv\/wp-json\/wp\/v2\/types\/product"}],"wp:featuredmedia":[{"embeddable":true,"href":"https:\/\/staging.nbg.eu\/lv\/wp-json\/wp\/v2\/media\/35364"}],"wp:attachment":[{"href":"https:\/\/staging.nbg.eu\/lv\/wp-json\/wp\/v2\/media?parent=37452"}],"wp:term":[{"taxonomy":"product_brand","embeddable":true,"href":"https:\/\/staging.nbg.eu\/lv\/wp-json\/wp\/v2\/product_brand?post=37452"},{"taxonomy":"product_cat","embeddable":true,"href":"https:\/\/staging.nbg.eu\/lv\/wp-json\/wp\/v2\/product_cat?post=37452"},{"taxonomy":"product_tag","embeddable":true,"href":"https:\/\/staging.nbg.eu\/lv\/wp-json\/wp\/v2\/product_tag?post=37452"}],"curies":[{"name":"wp","href":"https:\/\/api.w.org\/{rel}","templated":true}]}}