{"id":36749,"date":"2024-07-29T19:05:32","date_gmt":"2024-09-02T14:41:47","guid":{"rendered":"https:\/\/staging.nbg.eu\/product\/medium-tkn-refill-advanced\/"},"modified":"2024-09-02T14:42:49","modified_gmt":"2024-09-02T14:42:49","slug":"two-4-jostas-soma-brunuplaksnu-nesejiem","status":"publish","type":"product","link":"https:\/\/staging.nbg.eu\/lv\/product\/two-4-jostas-soma-brunuplaksnu-nesejiem\/","title":{"rendered":"Two-4 Jostas Soma Bru\u0146upl\u0101k\u0161\u0146u Nes\u0113jiem"},"content":{"rendered":"<div class=\"product-description\">\n<h2>Vid\u0113js TKN!\u2122 Papildin\u0101jums &#8211; ADVANCED no BlueForceGear<\/h2>\n<p>Uzlabojiet savu traumu komplektu ar vid\u0113jo TKN!\u2122 Papildin\u0101jumu &#8211; ADVANCED no BlueForceGear. \u0160is visaptvero\u0161ais papildin\u0101juma komplekts ir paredz\u0113ts j\u016bsu eso\u0161\u0101 TKN!\u2122 (Trauma Kit NOW!) papildin\u0101\u0161anai vai jauna, piln\u012bb\u0101 apr\u012bkota traumu komplekta izveido\u0161anai \u0101rk\u0101rtas situ\u0101cij\u0101m.<\/p>\n<h2>Galven\u0101s iez\u012bmes:<\/h2>\n<ul>\n<li>Pilns uzlabotu medic\u012bnisko piederumu komplekts traumu apr\u016bpei<\/li>\n<li>Ietver b\u016btiskus priek\u0161metus smagu traumu \u0101rst\u0113\u0161anai<\/li>\n<li>Kompakts un organiz\u0113ts \u0101trai piek\u013cuvei \u0101rk\u0101rtas situ\u0101cij\u0101s<\/li>\n<li>Augstas kvalit\u0101tes, milit\u0101r\u0101 l\u012bme\u0146a komponenti<\/li>\n<li>Piem\u0113rots ties\u012bbsarg\u0101jo\u0161\u0101m iest\u0101d\u0113m, milit\u0101rajam un civilajam lietojumam<\/li>\n<\/ul>\n<h2>Komplekta saturs:<\/h2>\n<ul>\n<li>Uzlabotais papildin\u0101juma komplekts ietver:\n<li>1. Traumu cimdi (Sarull\u0113ti 1x p\u0101ris)<\/li>\n<li>2. Quikclot Combat marle (1x)<\/li>\n<li>3. \u0100rk\u0101rtas traumu p\u0101rs\u0113js 6&#8243; (1x)<\/li>\n<li>4. Hipotermijas sega<\/li>\n<li>5. Plakani saloc\u012bta lente (1x)<\/li>\n<li>6. Saspiesta marle (1x)<\/li>\n<li>7. Traumu \u0161\u0137\u0113res (1x)<\/li>\n<li>8. Pilna izm\u0113ra kr\u016b\u0161u kurvis (1x Dv\u012b\u0146u iepakojums)<\/li>\n<li>9. Nazofaringe\u0101lais elpce\u013c\u0161 (1x)<\/li>\n<li>10. Dekompresijas adata (1x)<\/li>\n<\/ul>\n<p>Vid\u0113jais TKN!\u2122 Papildin\u0101jums &#8211; ADVANCED ir profesion\u0101li atlas\u012bts, lai nodro\u0161in\u0101tu jums nepiecie\u0161amos instrumentus stipras asi\u0146o\u0161anas, pneimonoraksa un elpce\u013cu obstrukcijas nov\u0113r\u0161anai. Katrs komponents ir r\u016bp\u012bgi izv\u0113l\u0113ts t\u0101 efektivit\u0101tes un viegl\u0101s lieto\u0161anas d\u0113\u013c augstas spriedzes situ\u0101cij\u0101s.<\/p>\n<p>Neatkar\u012bgi no t\u0101, vai esat pirm\u0101s pal\u012bdz\u012bbas sniedz\u0113js, \u0101ra entuziasts vai vienk\u0101r\u0161i gatavojaties negaid\u012bt\u0101m \u0101rk\u0101rtas situ\u0101cij\u0101m, \u0161is papildin\u0101juma komplekts nodro\u0161ina, ka esat apr\u012bkots kritisko traumu apstr\u0101dei, l\u012bdz ierodas profesion\u0101la medic\u012bnisk\u0101 pal\u012bdz\u012bba. Neapdraudiet dro\u0161\u012bbu \u2013 izv\u0113lieties BlueForceGear vid\u0113jo TKN!\u2122 Papildin\u0101jumu &#8211; ADVANCED uzticamam, dz\u012bv\u012bbu gl\u0101bjo\u0161am apr\u012bkojumam.<\/p>\n<p><strong>Piez\u012bme:<\/strong> Lai nodro\u0161in\u0101tu optim\u0101lu efektivit\u0101ti \u0101rk\u0101rtas situ\u0101cij\u0101s, \u013coti ieteicama ir atbilsto\u0161a apm\u0101c\u012bba \u0161o medic\u012bnisko piederumu lieto\u0161an\u0101.<\/p>\n<\/div>\n","protected":false},"excerpt":{"rendered":"<p>Kompakts, uzlabots traumu komplekta papildin\u0101jums kritiskai apr\u016bpei lauka apst\u0101k\u013cos.<\/p>\n","protected":false},"featured_media":36758,"template":"","meta":{"_acf_changed":false},"product_brand":[11134],"product_cat":[13794,13829],"product_tag":[],"class_list":{"0":"post-36749","1":"product","2":"type-product","3":"status-publish","4":"has-post-thumbnail","6":"product_brand-blue-force-gear","7":"product_cat-ekipejums","8":"product_cat-mediciniskais","10":"first","11":"instock","12":"taxable","13":"shipping-taxable","14":"purchasable","15":"product-type-simple"},"acf":[],"_links":{"self":[{"href":"https:\/\/staging.nbg.eu\/lv\/wp-json\/wp\/v2\/product\/36749","targetHints":{"allow":["GET"]}}],"collection":[{"href":"https:\/\/staging.nbg.eu\/lv\/wp-json\/wp\/v2\/product"}],"about":[{"href":"https:\/\/staging.nbg.eu\/lv\/wp-json\/wp\/v2\/types\/product"}],"wp:featuredmedia":[{"embeddable":true,"href":"https:\/\/staging.nbg.eu\/lv\/wp-json\/wp\/v2\/media\/36758"}],"wp:attachment":[{"href":"https:\/\/staging.nbg.eu\/lv\/wp-json\/wp\/v2\/media?parent=36749"}],"wp:term":[{"taxonomy":"product_brand","embeddable":true,"href":"https:\/\/staging.nbg.eu\/lv\/wp-json\/wp\/v2\/product_brand?post=36749"},{"taxonomy":"product_cat","embeddable":true,"href":"https:\/\/staging.nbg.eu\/lv\/wp-json\/wp\/v2\/product_cat?post=36749"},{"taxonomy":"product_tag","embeddable":true,"href":"https:\/\/staging.nbg.eu\/lv\/wp-json\/wp\/v2\/product_tag?post=36749"}],"curies":[{"name":"wp","href":"https:\/\/api.w.org\/{rel}","templated":true}]}}