{"id":36504,"date":"2024-07-29T19:12:01","date_gmt":"2024-09-02T14:22:15","guid":{"rendered":"https:\/\/staging.nbg.eu\/product\/two-4-waist-pack-for-plate-carriers\/"},"modified":"2024-09-02T14:23:26","modified_gmt":"2024-09-02T14:23:26","slug":"ten-speed-kumberbanda-atloks-triskarss-m4","status":"publish","type":"product","link":"https:\/\/staging.nbg.eu\/lv\/product\/ten-speed-kumberbanda-atloks-triskarss-m4\/","title":{"rendered":"Ten-Speed\u00ae Kumberbanda Atloks &#8211; Tr\u012bsk\u0101r\u0161s M4"},"content":{"rendered":"<p>Uzlabojiet savu bru\u0146uvestes nes\u0113ja apr\u012bkojumu ar daudzpus\u012bgo BlueForceGear Two-4 jostas somu. \u0160\u012b zem\u0101 profila soma dro\u0161i piestiprin\u0101s pie j\u016bsu jostas vai bru\u0146uvestes nes\u0113ja, nodro\u0161inot \u0101tru piek\u013cuvi b\u016btiskajam apr\u012bkojumam. T\u0101s \u012bpa\u0161\u012bbas ietver:<\/p>\n<ul>\n<li>Iztur\u012bga 500D Cordura konstrukcija<\/li>\n<li>MOLLE-sader\u012bga stiprin\u0101jumu sist\u0113ma<\/li>\n<li>Galvenais nodal\u012bjums ar iek\u0161\u0113jo organiz\u0101ciju<\/li>\n<li>Priek\u0161\u0113j\u0101 administr\u0101cijas kabata s\u012bkiem priek\u0161metiem<\/li>\n<li>Ambidekstrs dizains lieto\u0161anai ar kreiso vai labo roku<\/li>\n<li>Pieejams vair\u0101k\u0101s kr\u0101s\u0101s<\/li>\n<\/ul>\n<p>Ide\u0101li piem\u0113rota milit\u0101rajam person\u0101lam, ties\u012bbsarg\u0101jo\u0161o iest\u0101\u017eu darbiniekiem vai taktisko entuziastiem, Two-4 jostas soma nodro\u0161ina \u0113rtu uzglab\u0101\u0161anu, neierobe\u017eojot kust\u012bbu br\u012bv\u012bbu. \u0112rti p\u0101rn\u0113s\u0101jiet medic\u012bniskos piederumus, mun\u012bciju vai person\u012bg\u0101s mantas. Izstr\u0101d\u0101ta ilgsto\u0161ai lieto\u0161anai un optim\u0101lai funkcionalit\u0101tei augstas spriedzes situ\u0101cij\u0101s.<\/p>\n","protected":false},"excerpt":{"rendered":"<p>Modul\u0101ra jostas soma bru\u0146u vest\u0113m. Dro\u0161a, daudzpus\u012bga glab\u0101tava.<\/p>\n","protected":false},"featured_media":36505,"template":"","meta":{"_acf_changed":false},"product_brand":[11134],"product_cat":[13809,13794,13785],"product_tag":[],"class_list":{"0":"post-36504","1":"product","2":"type-product","3":"status-publish","4":"has-post-thumbnail","6":"product_brand-blue-force-gear","7":"product_cat-brunu-vestes","8":"product_cat-ekipejums","9":"product_cat-sominas","11":"first","12":"instock","13":"taxable","14":"shipping-taxable","15":"purchasable","16":"product-type-simple"},"acf":[],"_links":{"self":[{"href":"https:\/\/staging.nbg.eu\/lv\/wp-json\/wp\/v2\/product\/36504","targetHints":{"allow":["GET"]}}],"collection":[{"href":"https:\/\/staging.nbg.eu\/lv\/wp-json\/wp\/v2\/product"}],"about":[{"href":"https:\/\/staging.nbg.eu\/lv\/wp-json\/wp\/v2\/types\/product"}],"wp:featuredmedia":[{"embeddable":true,"href":"https:\/\/staging.nbg.eu\/lv\/wp-json\/wp\/v2\/media\/36505"}],"wp:attachment":[{"href":"https:\/\/staging.nbg.eu\/lv\/wp-json\/wp\/v2\/media?parent=36504"}],"wp:term":[{"taxonomy":"product_brand","embeddable":true,"href":"https:\/\/staging.nbg.eu\/lv\/wp-json\/wp\/v2\/product_brand?post=36504"},{"taxonomy":"product_cat","embeddable":true,"href":"https:\/\/staging.nbg.eu\/lv\/wp-json\/wp\/v2\/product_cat?post=36504"},{"taxonomy":"product_tag","embeddable":true,"href":"https:\/\/staging.nbg.eu\/lv\/wp-json\/wp\/v2\/product_tag?post=36504"}],"curies":[{"name":"wp","href":"https:\/\/api.w.org\/{rel}","templated":true}]}}