{"id":36344,"date":"2024-07-30T18:54:40","date_gmt":"2024-09-02T13:54:38","guid":{"rendered":"https:\/\/staging.nbg.eu\/product\/mag-now-single-m4-pouch\/"},"modified":"2024-09-02T13:55:29","modified_gmt":"2024-09-02T13:55:29","slug":"helium-whisper-ravejsledzeja-piederumu-somina","status":"publish","type":"product","link":"https:\/\/staging.nbg.eu\/lv\/product\/helium-whisper-ravejsledzeja-piederumu-somina\/","title":{"rendered":"HELIUM WHISPER\u00ae R\u0101v\u0113jsl\u0113dz\u0113ja Piederumu Somi\u0146a"},"content":{"rendered":"<div class=\"product-description\">\n<h2>MAG NOW! VIENREIZ\u0112JA M4 SOMI\u0145A no BlueForceGear<\/h2>\n<p>MAG NOW! VIENREIZ\u0112JA M4 SOMI\u0145A ir daudzpus\u012bgs un iztur\u012bgs magaz\u012bnas tur\u0113t\u0101js, kas paredz\u0113ts \u0101trai piek\u013cuvei un dro\u0161ai fiks\u0101cijai. T\u0101 \u012bpa\u0161\u012bbas ietver:<\/p>\n<ul>\n<li>\u012apa\u0161i viegla konstrukcija, izmantojot patent\u0113to ULTRAcomp materi\u0101lu<\/li>\n<li>Piel\u0101gojama fiks\u0101cija da\u017e\u0101diem magaz\u012bnu veidiem<\/li>\n<li>MOLLE sader\u012bga piestiprin\u0101\u0161anas sist\u0113ma<\/li>\n<li>Abpus\u0113js dizains lieto\u0161anai gan ar kreiso, gan labo roku<\/li>\n<li>Zema profila forma samazin\u0101tam apjomam<\/li>\n<\/ul>\n<p>Ide\u0101li piem\u0113rots milit\u0101rajiem, ties\u012bbsarg\u0101jo\u0161aj\u0101m iest\u0101d\u0113m un sacens\u012bbu \u0161\u0101v\u0113jiem, kuriem nepiecie\u0161ama \u0101tra magaz\u012bnu nomai\u0146a un uzticams apr\u012bkojums.<\/p>\n<\/div>\n","protected":false},"excerpt":{"rendered":"<p>Dro\u0161a, \u0101tras piek\u013cuves M4 magaz\u012bnas soma. Iztur\u012bga, viegla konstrukcija.<\/p>\n","protected":false},"featured_media":34674,"template":"","meta":{"_acf_changed":false},"product_brand":[11134],"product_cat":[13794,13770,13785],"product_tag":[],"class_list":{"0":"post-36344","1":"product","2":"type-product","3":"status-publish","4":"has-post-thumbnail","6":"product_brand-blue-force-gear","7":"product_cat-ekipejums","8":"product_cat-magazinu-turetaji","9":"product_cat-sominas","11":"first","12":"instock","13":"taxable","14":"shipping-taxable","15":"purchasable","16":"product-type-variable","17":"wvs-archive-product-wrapper"},"acf":[],"_links":{"self":[{"href":"https:\/\/staging.nbg.eu\/lv\/wp-json\/wp\/v2\/product\/36344","targetHints":{"allow":["GET"]}}],"collection":[{"href":"https:\/\/staging.nbg.eu\/lv\/wp-json\/wp\/v2\/product"}],"about":[{"href":"https:\/\/staging.nbg.eu\/lv\/wp-json\/wp\/v2\/types\/product"}],"wp:featuredmedia":[{"embeddable":true,"href":"https:\/\/staging.nbg.eu\/lv\/wp-json\/wp\/v2\/media\/34674"}],"wp:attachment":[{"href":"https:\/\/staging.nbg.eu\/lv\/wp-json\/wp\/v2\/media?parent=36344"}],"wp:term":[{"taxonomy":"product_brand","embeddable":true,"href":"https:\/\/staging.nbg.eu\/lv\/wp-json\/wp\/v2\/product_brand?post=36344"},{"taxonomy":"product_cat","embeddable":true,"href":"https:\/\/staging.nbg.eu\/lv\/wp-json\/wp\/v2\/product_cat?post=36344"},{"taxonomy":"product_tag","embeddable":true,"href":"https:\/\/staging.nbg.eu\/lv\/wp-json\/wp\/v2\/product_tag?post=36344"}],"curies":[{"name":"wp","href":"https:\/\/api.w.org\/{rel}","templated":true}]}}