{"id":36300,"date":"2024-07-30T18:55:35","date_gmt":"2024-09-02T13:50:39","guid":{"rendered":"https:\/\/staging.nbg.eu\/product\/helium-whisper-zippered-accessory-pouch\/"},"modified":"2024-09-02T13:51:39","modified_gmt":"2024-09-02T13:51:39","slug":"blue-force-gear-vickers-slinga-125","status":"publish","type":"product","link":"https:\/\/staging.nbg.eu\/lv\/product\/blue-force-gear-vickers-slinga-125\/","title":{"rendered":"Blue Force Gear Vickers Slinga, 1.25&#8243;"},"content":{"rendered":"<p>\nBlueForceGear HELIUM WHISPER\u00ae r\u0101v\u0113jsl\u0113dz\u0113ja aksesu\u0101ru soma ir daudzpus\u012bgs un viegls uzglab\u0101\u0161anas risin\u0101jums j\u016bsu taktiskajam apr\u012bkojumam. T\u0101 ietver:<\/p>\n<ul>\n<li>\u012apa\u0161i viegls ULTRAcomp\u00ae materi\u0101ls iztur\u012bbai un \u016bdensiztur\u012bbai<\/li>\n<li>MOLLE-sader\u012bga Helium Whisper\u00ae piestiprin\u0101\u0161anas sist\u0113ma vieglai integr\u0101cijai<\/li>\n<li>Galvenais nodal\u012bjums ar r\u0101v\u0113jsl\u0113dz\u0113ju dro\u0161ai uzglab\u0101\u0161anai<\/li>\n<li>Iek\u0161\u0113j\u0101s elast\u012bg\u0101s organiz\u0113\u0161anas cilpas maziem priek\u0161metiem<\/li>\n<li>Pieejama vair\u0101k\u0101s kr\u0101s\u0101s, lai saska\u0146otu ar j\u016bsu apr\u012bkojumu<\/li>\n<\/ul>\n<p>Ide\u0101li piem\u0113rota medic\u012bnas piederumu, elektronikas vai citu svar\u012bgu priek\u0161metu uzglab\u0101\u0161anai, \u0161\u012b soma apvieno funkcionalit\u0101ti ar BlueForceGear inovat\u012bvo dizainu, lai nodro\u0161in\u0101tu optim\u0101lu veiktsp\u0113ju jebkur\u0101 vid\u0113.<\/p>\n","protected":false},"excerpt":{"rendered":"<p>Viegla un daudzpus\u012bga soma dro\u0161ai apr\u012bkojuma uzglab\u0101\u0161anai ce\u013cojuma laik\u0101.<\/p>\n","protected":false},"featured_media":36301,"template":"","meta":{"_acf_changed":false},"product_brand":[11134],"product_cat":[13794,13785],"product_tag":[],"class_list":{"0":"post-36300","1":"product","2":"type-product","3":"status-publish","4":"has-post-thumbnail","6":"product_brand-blue-force-gear","7":"product_cat-ekipejums","8":"product_cat-sominas","10":"first","11":"instock","12":"taxable","13":"shipping-taxable","14":"purchasable","15":"product-type-variable","16":"wvs-archive-product-wrapper"},"acf":[],"_links":{"self":[{"href":"https:\/\/staging.nbg.eu\/lv\/wp-json\/wp\/v2\/product\/36300","targetHints":{"allow":["GET"]}}],"collection":[{"href":"https:\/\/staging.nbg.eu\/lv\/wp-json\/wp\/v2\/product"}],"about":[{"href":"https:\/\/staging.nbg.eu\/lv\/wp-json\/wp\/v2\/types\/product"}],"wp:featuredmedia":[{"embeddable":true,"href":"https:\/\/staging.nbg.eu\/lv\/wp-json\/wp\/v2\/media\/36301"}],"wp:attachment":[{"href":"https:\/\/staging.nbg.eu\/lv\/wp-json\/wp\/v2\/media?parent=36300"}],"wp:term":[{"taxonomy":"product_brand","embeddable":true,"href":"https:\/\/staging.nbg.eu\/lv\/wp-json\/wp\/v2\/product_brand?post=36300"},{"taxonomy":"product_cat","embeddable":true,"href":"https:\/\/staging.nbg.eu\/lv\/wp-json\/wp\/v2\/product_cat?post=36300"},{"taxonomy":"product_tag","embeddable":true,"href":"https:\/\/staging.nbg.eu\/lv\/wp-json\/wp\/v2\/product_tag?post=36300"}],"curies":[{"name":"wp","href":"https:\/\/api.w.org\/{rel}","templated":true}]}}