{"id":35964,"date":"2024-04-18T05:40:44","date_gmt":"2024-09-02T13:39:48","guid":{"rendered":"https:\/\/staging.nbg.eu\/product\/blue-force-gear-vickers-sling-1-25\/"},"modified":"2024-09-13T09:17:37","modified_gmt":"2024-09-13T09:17:37","slug":"translate-items-start","status":"publish","type":"product","link":"https:\/\/staging.nbg.eu\/lv\/product\/translate-items-start\/","title":{"rendered":"# Translate-Items-Start"},"content":{"rendered":"<div class=\"product-description\">\n<h2>Blue Force Gear Vickers siksna, 1,25&#8243;<\/h2>\n<p>Vickers Combat Applications Sling\u2122 ir taktisk\u0101 siksna, kas izstr\u0101d\u0101ta sadarb\u012bb\u0101 ar Lariju Vikersu, biju\u0161o 1. SFOD-Delta operat\u012bvo dal\u012bbnieku un Vickers Guide autoru.<\/p>\n<ul>\n<li>\u0100tri piel\u0101gojams dizains<\/li>\n<li>1,25&#8243; platums svara sadal\u012bjumam<\/li>\n<li>To izmanto ASV milit\u0101rie sp\u0113ki<\/li>\n<li>Iztur\u012bga konstrukcija<\/li>\n<\/ul>\n<p>\u0160\u012b siksna ir paredz\u0113ta \u0161aute\u0146u n\u0113s\u0101\u0161anai un lieto\u0161anai. T\u0101 ir piem\u0113rota gan profesion\u0101liem operatoriem, gan entuziastiem.<\/p>\n<\/div>\n","protected":false},"excerpt":{"rendered":"<p>Taktisk\u0101 siksna no Lerija Vikersa. \u0100tri regul\u0113jama, milit\u0101r\u0101s kvalit\u0101tes.<\/p>\n","protected":false},"featured_media":35965,"template":"","meta":{"_acf_changed":false},"product_brand":[11134],"product_cat":[13794,13790],"product_tag":[],"class_list":{"0":"post-35964","1":"product","2":"type-product","3":"status-publish","4":"has-post-thumbnail","6":"product_brand-blue-force-gear","7":"product_cat-ekipejums","8":"product_cat-siksnas","10":"first","11":"instock","12":"taxable","13":"shipping-taxable","14":"purchasable","15":"product-type-variable","16":"wvs-archive-product-wrapper"},"acf":[],"_links":{"self":[{"href":"https:\/\/staging.nbg.eu\/lv\/wp-json\/wp\/v2\/product\/35964","targetHints":{"allow":["GET"]}}],"collection":[{"href":"https:\/\/staging.nbg.eu\/lv\/wp-json\/wp\/v2\/product"}],"about":[{"href":"https:\/\/staging.nbg.eu\/lv\/wp-json\/wp\/v2\/types\/product"}],"wp:featuredmedia":[{"embeddable":true,"href":"https:\/\/staging.nbg.eu\/lv\/wp-json\/wp\/v2\/media\/35965"}],"wp:attachment":[{"href":"https:\/\/staging.nbg.eu\/lv\/wp-json\/wp\/v2\/media?parent=35964"}],"wp:term":[{"taxonomy":"product_brand","embeddable":true,"href":"https:\/\/staging.nbg.eu\/lv\/wp-json\/wp\/v2\/product_brand?post=35964"},{"taxonomy":"product_cat","embeddable":true,"href":"https:\/\/staging.nbg.eu\/lv\/wp-json\/wp\/v2\/product_cat?post=35964"},{"taxonomy":"product_tag","embeddable":true,"href":"https:\/\/staging.nbg.eu\/lv\/wp-json\/wp\/v2\/product_tag?post=35964"}],"curies":[{"name":"wp","href":"https:\/\/api.w.org\/{rel}","templated":true}]}}