{"id":35596,"date":"2024-07-30T14:27:38","date_gmt":"2024-09-02T13:33:23","guid":{"rendered":"https:\/\/staging.nbg.eu\/product\/blueforcegear-grid-belt\/"},"modified":"2024-09-02T13:34:20","modified_gmt":"2024-09-02T13:34:20","slug":"blueforcegear-grid-josta","status":"publish","type":"product","link":"https:\/\/staging.nbg.eu\/lv\/product\/blueforcegear-grid-josta\/","title":{"rendered":"BlueForceGear GRID Josta"},"content":{"rendered":"<p>BlueForceGear GRID\u2122 josta ir daudzpus\u012bga un iztur\u012bga taktisk\u0101 josta, kas izstr\u0101d\u0101ta maksim\u0101lam komfortam un funkcionalit\u0101tei. T\u0101 ietver inovat\u012bvo MOLLE-sader\u012bgo GRID\u2122 sist\u0113mu, kas \u013cauj piel\u0101gojami piestiprin\u0101t somas un aksesu\u0101rus. Izgatavota no iztur\u012bgiem materi\u0101liem, t\u0101 nodro\u0161ina izcilu stipr\u012bbu un ilgm\u016b\u017e\u012bbu.<\/p>\n<ul>\n<li>Viegls, bet iztur\u012bgs dizains<\/li>\n<li>\u0100tri atbr\u012bvojama kobras spr\u0101dze vieglai uzlik\u0161anai\/no\u0146em\u0161anai<\/li>\n<li>Regul\u0113jama perfektai piegul\u0113\u0161anai<\/li>\n<li>Sader\u012bga ar dienesta un sl\u0113pt\u0101s n\u0113s\u0101\u0161anas makst\u012bm<\/li>\n<li>Pieejama vair\u0101k\u0101s kr\u0101s\u0101s un izm\u0113ros<\/li>\n<\/ul>\n<p>Izbaudiet nep\u0101rsp\u0113jamu atbalstu un elast\u012bbu ar BlueForceGear GRID\u2122 jostu, kas ide\u0101li piem\u0113rota ties\u012bbsarg\u0101jo\u0161o iest\u0101\u017eu darbiniekiem, milit\u0101rajam person\u0101lam un taktisko apr\u012bkojumu entuziastiem.<\/p>\n","protected":false},"excerpt":{"rendered":"<p>Iztur\u012bga, zema profila taktisk\u0101 josta daudzpus\u012bgai apr\u012bkojuma piestiprin\u0101\u0161anai.<\/p>\n","protected":false},"featured_media":35597,"template":"","meta":{"_acf_changed":false},"product_brand":[11134],"product_cat":[13794,13813],"product_tag":[],"class_list":{"0":"post-35596","1":"product","2":"type-product","3":"status-publish","4":"has-post-thumbnail","6":"product_brand-blue-force-gear","7":"product_cat-ekipejums","8":"product_cat-taktiskie-josti","10":"first","11":"instock","12":"taxable","13":"shipping-taxable","14":"purchasable","15":"product-type-variable","16":"wvs-archive-product-wrapper"},"acf":[],"_links":{"self":[{"href":"https:\/\/staging.nbg.eu\/lv\/wp-json\/wp\/v2\/product\/35596","targetHints":{"allow":["GET"]}}],"collection":[{"href":"https:\/\/staging.nbg.eu\/lv\/wp-json\/wp\/v2\/product"}],"about":[{"href":"https:\/\/staging.nbg.eu\/lv\/wp-json\/wp\/v2\/types\/product"}],"wp:featuredmedia":[{"embeddable":true,"href":"https:\/\/staging.nbg.eu\/lv\/wp-json\/wp\/v2\/media\/35597"}],"wp:attachment":[{"href":"https:\/\/staging.nbg.eu\/lv\/wp-json\/wp\/v2\/media?parent=35596"}],"wp:term":[{"taxonomy":"product_brand","embeddable":true,"href":"https:\/\/staging.nbg.eu\/lv\/wp-json\/wp\/v2\/product_brand?post=35596"},{"taxonomy":"product_cat","embeddable":true,"href":"https:\/\/staging.nbg.eu\/lv\/wp-json\/wp\/v2\/product_cat?post=35596"},{"taxonomy":"product_tag","embeddable":true,"href":"https:\/\/staging.nbg.eu\/lv\/wp-json\/wp\/v2\/product_tag?post=35596"}],"curies":[{"name":"wp","href":"https:\/\/api.w.org\/{rel}","templated":true}]}}