{"id":34672,"date":"2024-07-30T19:26:43","date_gmt":"2024-08-27T14:30:06","guid":{"rendered":"https:\/\/staging.nbg.eu\/product\/mag-now-triple-m4-pouch\/"},"modified":"2024-08-27T14:31:02","modified_gmt":"2024-08-27T14:31:02","slug":"mag-now-triskarska-m4-somina","status":"publish","type":"product","link":"https:\/\/staging.nbg.eu\/lv\/product\/mag-now-triskarska-m4-somina\/","title":{"rendered":"MAG NOW! TRISKARSKA M4 SOMINA"},"content":{"rendered":"<p><strong>MAG NOW! TRIPLE M4 POUCH<\/strong> no BlueForceGear ir augstas veiktsp\u0113jas magaz\u012bnu tur\u0113t\u0101js, kas izstr\u0101d\u0101ts taktiskajiem profesion\u0101\u013ciem un entuziastiem. T\u0101 \u012bpa\u0161\u012bbas ietver:<\/p>\n<ul>\n<li>Dro\u0161i notur tr\u012bs 30 patronu M4\/AR-15 magaz\u012bnas<\/li>\n<li>Iztur\u012bga 500D Cordura neilona konstrukcija<\/li>\n<li>Helium Whisper stiprin\u0101juma sist\u0113ma vieglai MOLLE sader\u012bbai<\/li>\n<li>\u0100tras piek\u013cuves gumijas notur\u0113\u0161anas siksnas<\/li>\n<li>Zema profila dizains samazin\u0101tam apjomam<\/li>\n<li>Pieejams vair\u0101k\u0101s kr\u0101s\u0101s, lai saska\u0146otu ar j\u016bsu apr\u012bkojumu<\/li>\n<\/ul>\n<p>Uzlabojiet savu ekip\u0113jumu ar \u0161o daudzpus\u012bgo, uzticamo somi\u0146u, kas nodro\u0161ina \u0101tru magaz\u012bnu nomai\u0146u, kad katra sekunde ir svar\u012bga.<\/p>\n","protected":false},"excerpt":{"rendered":"<p>Dro\u0161a tr\u012bsk\u0101r\u0161a M4 magaz\u012bnas soma. \u0100tra piek\u013cuve. Iztur\u012bga konstrukcija.<\/p>\n","protected":false},"featured_media":34673,"template":"","meta":{"_acf_changed":false},"product_brand":[11134],"product_cat":[13794,13770,13785],"product_tag":[],"class_list":{"0":"post-34672","1":"product","2":"type-product","3":"status-publish","4":"has-post-thumbnail","6":"product_brand-blue-force-gear","7":"product_cat-ekipejums","8":"product_cat-magazinu-turetaji","9":"product_cat-sominas","11":"first","12":"instock","13":"taxable","14":"shipping-taxable","15":"purchasable","16":"product-type-variable","17":"wvs-archive-product-wrapper"},"acf":[],"_links":{"self":[{"href":"https:\/\/staging.nbg.eu\/lv\/wp-json\/wp\/v2\/product\/34672","targetHints":{"allow":["GET"]}}],"collection":[{"href":"https:\/\/staging.nbg.eu\/lv\/wp-json\/wp\/v2\/product"}],"about":[{"href":"https:\/\/staging.nbg.eu\/lv\/wp-json\/wp\/v2\/types\/product"}],"wp:featuredmedia":[{"embeddable":true,"href":"https:\/\/staging.nbg.eu\/lv\/wp-json\/wp\/v2\/media\/34673"}],"wp:attachment":[{"href":"https:\/\/staging.nbg.eu\/lv\/wp-json\/wp\/v2\/media?parent=34672"}],"wp:term":[{"taxonomy":"product_brand","embeddable":true,"href":"https:\/\/staging.nbg.eu\/lv\/wp-json\/wp\/v2\/product_brand?post=34672"},{"taxonomy":"product_cat","embeddable":true,"href":"https:\/\/staging.nbg.eu\/lv\/wp-json\/wp\/v2\/product_cat?post=34672"},{"taxonomy":"product_tag","embeddable":true,"href":"https:\/\/staging.nbg.eu\/lv\/wp-json\/wp\/v2\/product_tag?post=34672"}],"curies":[{"name":"wp","href":"https:\/\/api.w.org\/{rel}","templated":true}]}}