{"id":34179,"date":"2024-07-30T19:31:05","date_gmt":"2024-08-27T14:08:59","guid":{"rendered":"https:\/\/staging.nbg.eu\/product\/boo-boo-pouch\/"},"modified":"2024-08-27T14:10:17","modified_gmt":"2024-08-27T14:10:17","slug":"pirmas-palidzibas-somina","status":"publish","type":"product","link":"https:\/\/staging.nbg.eu\/lv\/product\/pirmas-palidzibas-somina\/","title":{"rendered":"Pirmas Palidzibas Somina"},"content":{"rendered":"<p>Blue Force Gear Boo Boo Pouch ir kompakts, daudzpus\u012bgs medic\u012bniskais komplekts, kas izstr\u0101d\u0101ts ikdienas n\u0113s\u0101\u0161anai. \u0160\u012b viegl\u0101 soma viegli piestiprin\u0101ma j\u016bsu apr\u012bkojumam, izmantojot MOLLE\/PALS sist\u0113mu vai jostas cilpas. Izgatavota no iztur\u012bga 500D Cordura neilona, t\u0101 ir veidota, lai iztur\u0113tu skarbus apst\u0101k\u013cus.<\/p>\n<ul>\n<li>Izm\u0113ri: 10,16 cm x 10,16 cm x 5,08 cm<\/li>\n<li>Vair\u0101kas piestiprin\u0101\u0161anas iesp\u0113jas<\/li>\n<li>Iek\u0161\u0113j\u0101s elast\u012bg\u0101s cilpas organiz\u0113\u0161anai<\/li>\n<li>Pieejama da\u017e\u0101d\u0101s kr\u0101s\u0101s<\/li>\n<li>Ide\u0101li piem\u0113rota pamata pirm\u0101s pal\u012bdz\u012bbas piederumu uzglab\u0101\u0161anai<\/li>\n<\/ul>\n<p>Neatkar\u012bgi no t\u0101, vai j\u016bs p\u0101rg\u0101jien\u0101, nometn\u0113 vai dienest\u0101, Boo Boo Pouch nodro\u0161ina, ka esat gatavs neliel\u0101m traum\u0101m un \u0101rk\u0101rtas situ\u0101cij\u0101m. Kompakta, bet ietilp\u012bga, t\u0101 ir b\u016btiska papildin\u0101\u0161ana j\u016bsu ikdienas n\u0113s\u0101jamajam komplektam.<\/p>\n","protected":false},"excerpt":{"rendered":"<p>Kompakta medic\u012bnisk\u0101 soma b\u016btiskajam pirm\u0101s pal\u012bdz\u012bbas apr\u012bkojumam ce\u013c\u0101.<\/p>\n","protected":false},"featured_media":34185,"template":"","meta":{"_acf_changed":false},"product_brand":[11134],"product_cat":[13794,13785],"product_tag":[],"class_list":{"0":"post-34179","1":"product","2":"type-product","3":"status-publish","4":"has-post-thumbnail","6":"product_brand-blue-force-gear","7":"product_cat-ekipejums","8":"product_cat-sominas","10":"first","11":"instock","12":"taxable","13":"shipping-taxable","14":"purchasable","15":"product-type-variable","16":"wvs-archive-product-wrapper"},"acf":[],"_links":{"self":[{"href":"https:\/\/staging.nbg.eu\/lv\/wp-json\/wp\/v2\/product\/34179","targetHints":{"allow":["GET"]}}],"collection":[{"href":"https:\/\/staging.nbg.eu\/lv\/wp-json\/wp\/v2\/product"}],"about":[{"href":"https:\/\/staging.nbg.eu\/lv\/wp-json\/wp\/v2\/types\/product"}],"wp:featuredmedia":[{"embeddable":true,"href":"https:\/\/staging.nbg.eu\/lv\/wp-json\/wp\/v2\/media\/34185"}],"wp:attachment":[{"href":"https:\/\/staging.nbg.eu\/lv\/wp-json\/wp\/v2\/media?parent=34179"}],"wp:term":[{"taxonomy":"product_brand","embeddable":true,"href":"https:\/\/staging.nbg.eu\/lv\/wp-json\/wp\/v2\/product_brand?post=34179"},{"taxonomy":"product_cat","embeddable":true,"href":"https:\/\/staging.nbg.eu\/lv\/wp-json\/wp\/v2\/product_cat?post=34179"},{"taxonomy":"product_tag","embeddable":true,"href":"https:\/\/staging.nbg.eu\/lv\/wp-json\/wp\/v2\/product_tag?post=34179"}],"curies":[{"name":"wp","href":"https:\/\/api.w.org\/{rel}","templated":true}]}}