{"id":33898,"date":"2024-07-30T19:32:12","date_gmt":"2024-08-27T13:57:47","guid":{"rendered":"https:\/\/staging.nbg.eu\/product\/single-pistol-mag-pouch\/"},"modified":"2024-08-27T13:58:56","modified_gmt":"2024-08-27T13:58:56","slug":"viena-pistoles-magazinas-somina","status":"publish","type":"product","link":"https:\/\/staging.nbg.eu\/lv\/product\/viena-pistoles-magazinas-somina\/","title":{"rendered":"Viena Pistoles Magazinas Somina"},"content":{"rendered":"<div class=\"product-description\">\n<h2>Blue Force Gear vienas pistoles aptveres somi\u0146a<\/h2>\n<p>Uzlabojiet savu taktisko ekip\u0113jumu ar Blue Force Gear vienas pistoles aptveres somi\u0146u. \u0160\u012b kompakt\u0101, viegl\u0101 somi\u0146a ir paredz\u0113ta \u0101trai piek\u013cuvei un dro\u0161ai pistoles aptveres glab\u0101\u0161anai.<\/p>\n<ul>\n<li>Iztur\u012bga 1000D Cordura konstrukcija<\/li>\n<li>Regul\u0113jams spriegojums da\u017e\u0101da izm\u0113ra aptver\u0113m<\/li>\n<li>MOLLE sader\u012bga stiprin\u0101juma sist\u0113ma<\/li>\n<li>Zema profila dizains diskr\u0113tai n\u0113s\u0101\u0161anai<\/li>\n<li>Abroc\u012bga konfigur\u0101cija<\/li>\n<li>Pieejama da\u017e\u0101d\u0101s kr\u0101s\u0101s<\/li>\n<\/ul>\n<p>Ide\u0101li piem\u0113rota ties\u012bbsarg\u0101jo\u0161\u0101m iest\u0101d\u0113m, milit\u0101rajam person\u0101lam un civilajam lietojumam, \u0161\u012b daudzpus\u012bg\u0101 somi\u0146a nodro\u0161ina, ka j\u016bsu rezerves aptvere vienm\u0113r ir \u0113rti aizsniedzama.<\/p>\n<\/div>\n","protected":false},"excerpt":{"rendered":"<p>Dro\u0161s, pl\u0101ns magaz\u012bnas futr\u0101lis. \u0100tras izvilk\u0161anas dizains. Iztur\u012bga konstrukcija.<\/p>\n","protected":false},"featured_media":33905,"template":"","meta":{"_acf_changed":false},"product_brand":[11134],"product_cat":[13794,13770,13785],"product_tag":[],"class_list":{"0":"post-33898","1":"product","2":"type-product","3":"status-publish","4":"has-post-thumbnail","6":"product_brand-blue-force-gear","7":"product_cat-ekipejums","8":"product_cat-magazinu-turetaji","9":"product_cat-sominas","11":"first","12":"instock","13":"taxable","14":"shipping-taxable","15":"purchasable","16":"product-type-variable","17":"wvs-archive-product-wrapper"},"acf":[],"_links":{"self":[{"href":"https:\/\/staging.nbg.eu\/lv\/wp-json\/wp\/v2\/product\/33898","targetHints":{"allow":["GET"]}}],"collection":[{"href":"https:\/\/staging.nbg.eu\/lv\/wp-json\/wp\/v2\/product"}],"about":[{"href":"https:\/\/staging.nbg.eu\/lv\/wp-json\/wp\/v2\/types\/product"}],"wp:featuredmedia":[{"embeddable":true,"href":"https:\/\/staging.nbg.eu\/lv\/wp-json\/wp\/v2\/media\/33905"}],"wp:attachment":[{"href":"https:\/\/staging.nbg.eu\/lv\/wp-json\/wp\/v2\/media?parent=33898"}],"wp:term":[{"taxonomy":"product_brand","embeddable":true,"href":"https:\/\/staging.nbg.eu\/lv\/wp-json\/wp\/v2\/product_brand?post=33898"},{"taxonomy":"product_cat","embeddable":true,"href":"https:\/\/staging.nbg.eu\/lv\/wp-json\/wp\/v2\/product_cat?post=33898"},{"taxonomy":"product_tag","embeddable":true,"href":"https:\/\/staging.nbg.eu\/lv\/wp-json\/wp\/v2\/product_tag?post=33898"}],"curies":[{"name":"wp","href":"https:\/\/api.w.org\/{rel}","templated":true}]}}