{"id":33714,"date":"2024-07-30T19:33:04","date_gmt":"2024-08-27T13:14:21","guid":{"rendered":"https:\/\/staging.nbg.eu\/product\/mag-now-single-pistol-pouch-bullets-flat\/"},"modified":"2024-08-27T13:15:26","modified_gmt":"2024-08-27T13:15:26","slug":"mag-now-viena-pistoles-magazinas-somina-patronas-plakanas","status":"publish","type":"product","link":"https:\/\/staging.nbg.eu\/lv\/product\/mag-now-viena-pistoles-magazinas-somina-patronas-plakanas\/","title":{"rendered":"MAG NOW! VIENA PISTOLES MAGAZINAS SOMINA (PATRONAS PLAKANAS)"},"content":{"rendered":"<p>\nBlue Force Gear <strong>MAG NOW! SINGLE PISTOL POUCH (BULLETS FLAT)<\/strong> ir daudzpus\u012bgs un iztur\u012bgs risin\u0101jums pistoles aptveres n\u0113s\u0101\u0161anai. T\u0101 iez\u012bmes:<\/p>\n<ul>\n<li>Zema profila dizains neuzkr\u012bto\u0161ai n\u0113s\u0101\u0161anai<\/li>\n<li>Dro\u0161a fiks\u0101cija ar \u0101tras atbr\u012bvo\u0161anas iesp\u0113ju<\/li>\n<li>Sader\u012bgs ar vairumu dubult\u0101s k\u0101rt\u012bbas pistoles aptveru<\/li>\n<li>Viegla ULTRAcomp konstrukcija<\/li>\n<li>Sader\u012bgs ar MOLLE\/PALS sist\u0113mu<\/li>\n<li>Pieejams vair\u0101k\u0101s kr\u0101s\u0101s<\/li>\n<\/ul>\n<p>Ide\u0101li piem\u0113rots milit\u0101rai, ties\u012bbsarg\u0101jo\u0161o iest\u0101\u017eu un civilo lieto\u0161anai, \u0161is maci\u0146\u0161 nodro\u0161ina \u0101tru piek\u013cuvi un uzticamu darb\u012bbu jebkur\u0101 situ\u0101cij\u0101. Uzlabojiet savu ekip\u0113jumu ar Blue Force Gear inovat\u012bvo dizainu.<\/p>\n","protected":false},"excerpt":{"rendered":"<p>Pl\u0101ns, dro\u0161s pistoles magaz\u012bnas maci\u0146\u0161. Plakanas lodes. \u0100tras piek\u013cuves dizains.<\/p>\n","protected":false},"featured_media":33715,"template":"","meta":{"_acf_changed":false},"product_brand":[11134],"product_cat":[13794,13785],"product_tag":[],"class_list":{"0":"post-33714","1":"product","2":"type-product","3":"status-publish","4":"has-post-thumbnail","6":"product_brand-blue-force-gear","7":"product_cat-ekipejums","8":"product_cat-sominas","10":"first","11":"instock","12":"taxable","13":"shipping-taxable","14":"purchasable","15":"product-type-variable","16":"wvs-archive-product-wrapper"},"acf":[],"_links":{"self":[{"href":"https:\/\/staging.nbg.eu\/lv\/wp-json\/wp\/v2\/product\/33714","targetHints":{"allow":["GET"]}}],"collection":[{"href":"https:\/\/staging.nbg.eu\/lv\/wp-json\/wp\/v2\/product"}],"about":[{"href":"https:\/\/staging.nbg.eu\/lv\/wp-json\/wp\/v2\/types\/product"}],"wp:featuredmedia":[{"embeddable":true,"href":"https:\/\/staging.nbg.eu\/lv\/wp-json\/wp\/v2\/media\/33715"}],"wp:attachment":[{"href":"https:\/\/staging.nbg.eu\/lv\/wp-json\/wp\/v2\/media?parent=33714"}],"wp:term":[{"taxonomy":"product_brand","embeddable":true,"href":"https:\/\/staging.nbg.eu\/lv\/wp-json\/wp\/v2\/product_brand?post=33714"},{"taxonomy":"product_cat","embeddable":true,"href":"https:\/\/staging.nbg.eu\/lv\/wp-json\/wp\/v2\/product_cat?post=33714"},{"taxonomy":"product_tag","embeddable":true,"href":"https:\/\/staging.nbg.eu\/lv\/wp-json\/wp\/v2\/product_tag?post=33714"}],"curies":[{"name":"wp","href":"https:\/\/api.w.org\/{rel}","templated":true}]}}