{"id":33265,"date":"2024-01-30T18:06:01","date_gmt":"2024-08-27T12:55:26","guid":{"rendered":"https:\/\/staging.nbg.eu\/product\/plate6-molleminus-plate-carrier\/"},"modified":"2024-08-27T12:56:39","modified_gmt":"2024-08-27T12:56:39","slug":"plate6-molleminus-plaksnu-veste","status":"publish","type":"product","link":"https:\/\/staging.nbg.eu\/lv\/product\/plate6-molleminus-plaksnu-veste\/","title":{"rendered":"PLATE6 MOLLEminus Plaksnu Veste"},"content":{"rendered":"<p>\nBlueForceGear PLATE6\u00ae MOLLEminus pl\u0101k\u0161\u0146u nes\u0113js ir viegls, zema profila risin\u0101jums taktiskajiem operatoriem. T\u0101 \u012bpa\u0161\u012bbas:<\/p>\n<ul>\n<li>Patent\u0113ta ULTRAcomp\u00ae lamin\u0101ta konstrukcija<\/li>\n<li>Inovat\u012bva MOLLEminus stiprin\u0101jumu sist\u0113ma<\/li>\n<li>Regul\u0113jamas plecu siksnas un jostassiksna<\/li>\n<li>Sader\u012bgs ar SAPI\/ESAPI pl\u0101ksn\u0113m l\u012bdz 10&#215;12 coll\u0101m<\/li>\n<li>\u0100tr\u0101s atbr\u012bvo\u0161anas sist\u0113ma \u0101trai no\u0146em\u0161anai<\/li>\n<li>Ar l\u0101zeru grieztas ventil\u0101cijas atveres uzlabotai elpojam\u012bbai<\/li>\n<li>Pieejams vair\u0101k\u0101s kr\u0101s\u0101s<\/li>\n<\/ul>\n<p>PLATE6\u00ae, kas izstr\u0101d\u0101ts maksim\u0101lai kust\u012bbu br\u012bv\u012bbai un minim\u0101lam svaram, nodro\u0161ina augst\u0101ko aizsardz\u012bbu, neierobe\u017eojot veikl\u012bbu. Ide\u0101li piem\u0113rots milit\u0101rajiem, ties\u012bbsarg\u0101jo\u0161o iest\u0101\u017eu un dro\u0161\u012bbas profesion\u0101\u013ciem, kuri pieprasa lab\u0101ko taktisko apr\u012bkojumu.<\/p>\n","protected":false},"excerpt":{"rendered":"<p>\u012apa\u0161i viegls, zema profila pl\u0101k\u0161\u0146u tur\u0113t\u0101js. Piel\u0101gojams, \u0113rts, iztur\u012bgs.<\/p>\n","protected":false},"featured_media":33269,"template":"","meta":{"_acf_changed":false},"product_brand":[11134],"product_cat":[13809,13794],"product_tag":[],"class_list":{"0":"post-33265","1":"product","2":"type-product","3":"status-publish","4":"has-post-thumbnail","6":"product_brand-blue-force-gear","7":"product_cat-brunu-vestes","8":"product_cat-ekipejums","10":"first","11":"instock","12":"taxable","13":"shipping-taxable","14":"purchasable","15":"product-type-variable","16":"wvs-archive-product-wrapper"},"acf":[],"_links":{"self":[{"href":"https:\/\/staging.nbg.eu\/lv\/wp-json\/wp\/v2\/product\/33265","targetHints":{"allow":["GET"]}}],"collection":[{"href":"https:\/\/staging.nbg.eu\/lv\/wp-json\/wp\/v2\/product"}],"about":[{"href":"https:\/\/staging.nbg.eu\/lv\/wp-json\/wp\/v2\/types\/product"}],"wp:featuredmedia":[{"embeddable":true,"href":"https:\/\/staging.nbg.eu\/lv\/wp-json\/wp\/v2\/media\/33269"}],"wp:attachment":[{"href":"https:\/\/staging.nbg.eu\/lv\/wp-json\/wp\/v2\/media?parent=33265"}],"wp:term":[{"taxonomy":"product_brand","embeddable":true,"href":"https:\/\/staging.nbg.eu\/lv\/wp-json\/wp\/v2\/product_brand?post=33265"},{"taxonomy":"product_cat","embeddable":true,"href":"https:\/\/staging.nbg.eu\/lv\/wp-json\/wp\/v2\/product_cat?post=33265"},{"taxonomy":"product_tag","embeddable":true,"href":"https:\/\/staging.nbg.eu\/lv\/wp-json\/wp\/v2\/product_tag?post=33265"}],"curies":[{"name":"wp","href":"https:\/\/api.w.org\/{rel}","templated":true}]}}