{"id":31619,"date":"2024-08-18T19:30:03","date_gmt":"2024-08-24T13:46:33","guid":{"rendered":"https:\/\/staging.nbg.eu\/product\/daa-22x22mm-target-patches\/"},"modified":"2024-09-10T07:36:02","modified_gmt":"2024-09-10T07:36:02","slug":"daa-22x22mm-merkja-uzlimes","status":"publish","type":"product","link":"https:\/\/staging.nbg.eu\/lv\/product\/daa-22x22mm-merkja-uzlimes\/","title":{"rendered":"Daa 22X22Mm Merkja Uzlimes"},"content":{"rendered":"<div class=\"product-description\">\n<h2>DAA 22x22mm m\u0113r\u0137a iel\u0101pi<\/h2>\n<p>Uzlabojiet savu \u0161au\u0161anas pieredzi ar DAA piel\u0101gotajiem m\u0113r\u0137a iel\u0101piem, kas izstr\u0101d\u0101ti, lai ide\u0101li sapl\u016bstu ar parastajiem kartona m\u0113r\u0137iem.<\/p>\n<ul>\n<li>Kr\u0101su pieska\u0146o\u0161ana gandr\u012bz neredzamai uzlik\u0161anai uz parastajiem m\u0113r\u0137iem<\/li>\n<li>Unik\u0101ls 22x22mm kvadr\u0101ta dizains liel\u0101kam p\u0101rkl\u0101jumam<\/li>\n<li>Viegl\u0101k un \u0101tr\u0101k uzliekami nek\u0101 standarta apa\u013cie iel\u0101pi<\/li>\n<li>1000 iel\u0101pu rull\u012b, 10 ru\u013c\u013ci iepakojum\u0101<\/li>\n<\/ul>\n<p>\u0160ie augst\u0101k\u0101s kvalit\u0101tes iel\u0101pi nodro\u0161ina lab\u0101ku p\u0101rkl\u0101jumu un efektivit\u0101ti sal\u012bdzin\u0101jum\u0101 ar standarta 20mm apa\u013cajiem iel\u0101piem. To kvadr\u0101ta forma \u013cauj \u0101tr\u0101k uzlikt bez nepiecie\u0161am\u012bbas prec\u012bzi m\u0113r\u0137\u0113t. Neatkar\u012bgi no t\u0101, vai esat profesion\u0101ls vai atp\u016btas \u0161\u0101v\u0113js, DAA m\u0113r\u0137a iel\u0101pi nodro\u0161ina nevainojamu risin\u0101jumu j\u016bsu m\u0113r\u0137u kalpo\u0161anas laika pagarin\u0101\u0161anai jebkuros laika apst\u0101k\u013cos.<\/p>\n<\/div>\n","protected":false},"excerpt":{"rendered":"<p>Pret laika apst\u0101k\u013ciem iztur\u012bgi 22x22mm m\u0113r\u0137a pl\u0101ksteri. 1000 gab.\/rull\u012b, 10 ru\u013c\u013ci\/iepakojum\u0101.<\/p>\n","protected":false},"featured_media":29103,"template":"","meta":{"_acf_changed":false},"product_brand":[11271],"product_cat":[13792,13825,13800],"product_tag":[],"class_list":{"0":"post-31619","1":"product","2":"type-product","3":"status-publish","4":"has-post-thumbnail","6":"product_brand-doublealpha","7":"product_cat-ielapi-un-ielapu-pistoles","8":"product_cat-merki","9":"product_cat-papira-merki","11":"first","12":"instock","13":"taxable","14":"shipping-taxable","15":"purchasable","16":"product-type-variable","17":"wvs-archive-product-wrapper"},"acf":[],"_links":{"self":[{"href":"https:\/\/staging.nbg.eu\/lv\/wp-json\/wp\/v2\/product\/31619","targetHints":{"allow":["GET"]}}],"collection":[{"href":"https:\/\/staging.nbg.eu\/lv\/wp-json\/wp\/v2\/product"}],"about":[{"href":"https:\/\/staging.nbg.eu\/lv\/wp-json\/wp\/v2\/types\/product"}],"wp:featuredmedia":[{"embeddable":true,"href":"https:\/\/staging.nbg.eu\/lv\/wp-json\/wp\/v2\/media\/29103"}],"wp:attachment":[{"href":"https:\/\/staging.nbg.eu\/lv\/wp-json\/wp\/v2\/media?parent=31619"}],"wp:term":[{"taxonomy":"product_brand","embeddable":true,"href":"https:\/\/staging.nbg.eu\/lv\/wp-json\/wp\/v2\/product_brand?post=31619"},{"taxonomy":"product_cat","embeddable":true,"href":"https:\/\/staging.nbg.eu\/lv\/wp-json\/wp\/v2\/product_cat?post=31619"},{"taxonomy":"product_tag","embeddable":true,"href":"https:\/\/staging.nbg.eu\/lv\/wp-json\/wp\/v2\/product_tag?post=31619"}],"curies":[{"name":"wp","href":"https:\/\/api.w.org\/{rel}","templated":true}]}}