{"id":31543,"date":"2024-08-18T19:35:37","date_gmt":"2024-08-24T13:44:23","guid":{"rendered":"https:\/\/staging.nbg.eu\/product\/product-6\/"},"modified":"2024-09-09T15:45:36","modified_gmt":"2024-09-09T15:45:36","slug":"mrbulletfeeder-by-double-alpha-gen-2","status":"publish","type":"product","link":"https:\/\/staging.nbg.eu\/lv\/product\/mrbulletfeeder-by-double-alpha-gen-2\/","title":{"rendered":"Mr.Bulletfeeder By Double-Alpha Gen 2"},"content":{"rendered":"<div class=\"product-description\">\n<h2>Mr.Bulletfeeder no Double-Alpha 2. paaudze<\/h2>\n<p>Revolucioniz\u0113jiet savu p\u0101rl\u0101d\u0113\u0161anas procesu ar Mr.Bulletfeeder no Double-Alpha 2. paaudzi. \u0160\u012b modern\u0101 lo\u017eu padeves sist\u0113ma nevainojami integr\u0113jas ar j\u016bsu progres\u012bvo p\u0101rl\u0101d\u0113\u0161anas presi, iev\u0113rojami palielinot j\u016bsu ra\u017eo\u0161anas \u0101trumu un efektivit\u0101ti.<\/p>\n<ul>\n<li>Sader\u012bgs ar vair\u0101kiem kalibriem<\/li>\n<li>Viegli uzst\u0101d\u012bt un piel\u0101got<\/li>\n<li>Prec\u012bzi izstr\u0101d\u0101ts uzticamai darb\u012bbai<\/li>\n<li>Samazina manu\u0101lu apstr\u0101di dro\u0161\u0101kai p\u0101rl\u0101d\u0113\u0161anai<\/li>\n<li>Iztur\u012bga konstrukcija ilgsto\u0161ai lieto\u0161anai<\/li>\n<\/ul>\n<p>Uzlabojiet savu p\u0101rl\u0101d\u0113\u0161anas apr\u012bkojumu jau \u0161odien un izbaudiet at\u0161\u0137ir\u012bbu ar Mr.Bulletfeeder 2. paaudzi!<\/p>\n<\/div>\n","protected":false},"excerpt":{"rendered":"<p>Efekt\u012bvs patronu padeves meh\u0101nisms \u0101trai un prec\u012bzai p\u0101rl\u0101d\u0113\u0161anai. Paaugstina produktivit\u0101ti.<\/p>\n","protected":false},"featured_media":29310,"template":"","meta":{"_acf_changed":false},"product_brand":[11271],"product_cat":[13823,13795],"product_tag":[],"class_list":{"0":"post-31543","1":"product","2":"type-product","3":"status-publish","4":"has-post-thumbnail","6":"product_brand-doublealpha","7":"product_cat-parladesana","8":"product_cat-parladesanas-masinas","10":"first","11":"instock","12":"taxable","13":"shipping-taxable","14":"purchasable","15":"product-type-variable","16":"wvs-archive-product-wrapper"},"acf":[],"_links":{"self":[{"href":"https:\/\/staging.nbg.eu\/lv\/wp-json\/wp\/v2\/product\/31543","targetHints":{"allow":["GET"]}}],"collection":[{"href":"https:\/\/staging.nbg.eu\/lv\/wp-json\/wp\/v2\/product"}],"about":[{"href":"https:\/\/staging.nbg.eu\/lv\/wp-json\/wp\/v2\/types\/product"}],"wp:featuredmedia":[{"embeddable":true,"href":"https:\/\/staging.nbg.eu\/lv\/wp-json\/wp\/v2\/media\/29310"}],"wp:attachment":[{"href":"https:\/\/staging.nbg.eu\/lv\/wp-json\/wp\/v2\/media?parent=31543"}],"wp:term":[{"taxonomy":"product_brand","embeddable":true,"href":"https:\/\/staging.nbg.eu\/lv\/wp-json\/wp\/v2\/product_brand?post=31543"},{"taxonomy":"product_cat","embeddable":true,"href":"https:\/\/staging.nbg.eu\/lv\/wp-json\/wp\/v2\/product_cat?post=31543"},{"taxonomy":"product_tag","embeddable":true,"href":"https:\/\/staging.nbg.eu\/lv\/wp-json\/wp\/v2\/product_tag?post=31543"}],"curies":[{"name":"wp","href":"https:\/\/api.w.org\/{rel}","templated":true}]}}