{"id":31454,"date":"2024-08-18T19:39:34","date_gmt":"2024-08-24T13:40:22","guid":{"rendered":"https:\/\/staging.nbg.eu\/product\/product-5\/"},"modified":"2024-09-05T11:53:57","modified_gmt":"2024-09-05T11:53:57","slug":"flex-kabura-rezerves-sanu-starplikas-komplekts","status":"publish","type":"product","link":"https:\/\/staging.nbg.eu\/lv\/product\/flex-kabura-rezerves-sanu-starplikas-komplekts\/","title":{"rendered":"Flex Kabura &#8211; Rezerves Sanu Starplikas Komplekts"},"content":{"rendered":"<div class=\"product-description\">\n<h2>Flex Holster &#8211; Rezerves s\u0101nu starplikas komplekts<\/h2>\n<p>Uzlabojiet sava Flex Holster daudzpus\u012bbu ar \u0161o rezerves s\u0101nu starplikas komplektu no Double Alpha Academy. \u0160\u012bs prec\u012bzi izstr\u0101d\u0101t\u0101s starplikas \u013cauj jums:<\/p>\n<ul>\n<li>Piel\u0101got holstera platumu da\u017e\u0101diem iero\u010du mode\u013ciem<\/li>\n<li>Prec\u012bzi noregul\u0113t notur\u0113\u0161anas spiedienu<\/li>\n<li>Piel\u0101got vilk\u0161anas kust\u012bbu<\/li>\n<\/ul>\n<p>Izgatavotas no iztur\u012bga polim\u0113ra, \u0161\u012bs starplikas nodro\u0161ina ilgsto\u0161u veiktsp\u0113ju. Sader\u012bgas ar visiem Flex Holster mode\u013ciem, t\u0101s ir b\u016btiskas sacens\u012bbu \u0161\u0101v\u0113jiem un entuziastiem, kuri pieprasa maksim\u0101lu piel\u0101gojam\u012bbu no sava apr\u012bkojuma.<\/p>\n<p>Uzlabojiet savu Flex Holster jau \u0161odien optim\u0101lai veiktsp\u0113jai un daudzpus\u012bbai!<\/p>\n<\/div>\n","protected":false},"excerpt":{"rendered":"<p>Papildu s\u0101nu starplikas Flex Holster makstij. Piel\u0101gojiet izm\u0113ru un fiks\u0101ciju.<\/p>\n","protected":false},"featured_media":29448,"template":"","meta":{"_acf_changed":false},"product_brand":[],"product_cat":[13814,13781,13819],"product_tag":[],"class_list":{"0":"post-31454","1":"product","2":"type-product","3":"status-publish","4":"has-post-thumbnail","6":"product_cat-koburas-aksesuari","7":"product_cat-maksts","8":"product_cat-sporta-kobura","10":"first","11":"instock","12":"taxable","13":"shipping-taxable","14":"purchasable","15":"product-type-variable","16":"wvs-archive-product-wrapper"},"acf":[],"_links":{"self":[{"href":"https:\/\/staging.nbg.eu\/lv\/wp-json\/wp\/v2\/product\/31454","targetHints":{"allow":["GET"]}}],"collection":[{"href":"https:\/\/staging.nbg.eu\/lv\/wp-json\/wp\/v2\/product"}],"about":[{"href":"https:\/\/staging.nbg.eu\/lv\/wp-json\/wp\/v2\/types\/product"}],"wp:featuredmedia":[{"embeddable":true,"href":"https:\/\/staging.nbg.eu\/lv\/wp-json\/wp\/v2\/media\/29448"}],"wp:attachment":[{"href":"https:\/\/staging.nbg.eu\/lv\/wp-json\/wp\/v2\/media?parent=31454"}],"wp:term":[{"taxonomy":"product_brand","embeddable":true,"href":"https:\/\/staging.nbg.eu\/lv\/wp-json\/wp\/v2\/product_brand?post=31454"},{"taxonomy":"product_cat","embeddable":true,"href":"https:\/\/staging.nbg.eu\/lv\/wp-json\/wp\/v2\/product_cat?post=31454"},{"taxonomy":"product_tag","embeddable":true,"href":"https:\/\/staging.nbg.eu\/lv\/wp-json\/wp\/v2\/product_tag?post=31454"}],"curies":[{"name":"wp","href":"https:\/\/api.w.org\/{rel}","templated":true}]}}