{"id":31267,"date":"2024-08-18T19:46:48","date_gmt":"2024-08-24T13:34:02","guid":{"rendered":"https:\/\/staging.nbg.eu\/product\/product-4\/"},"modified":"2025-01-29T09:10:08","modified_gmt":"2025-01-29T09:10:08","slug":"flex-kaburas-krasainie-ieliktni","status":"publish","type":"product","link":"https:\/\/staging.nbg.eu\/lv\/product\/flex-kaburas-krasainie-ieliktni\/","title":{"rendered":"Flex Kaburas Krasainie Ieliktni"},"content":{"rendered":"<div class=\"product-description\">\n<h2>Flex maksta kr\u0101su ielikt\u0146i<\/h2>\n<p>Piel\u0101gojiet savu Flex makstu ar \u0161iem l\u0101zergriestajiem plastmasas logo ielikt\u0146iem. Pieejami da\u017e\u0101d\u0101s kr\u0101s\u0101s, \u0161ie ielikt\u0146i pievieno j\u016bsu makstij person\u012bgu akcentu.<\/p>\n<ul>\n<li>Viegla uzst\u0101d\u012b\u0161ana ar 3M lentes aizmuguri<\/li>\n<li>No\u0146emami kr\u0101su mai\u0146ai (no\u0146em\u0161anas laik\u0101 var sal\u016bzt)<\/li>\n<li>Iek\u013cauta caursp\u012bd\u012bga aizsargpl\u0113ve (no\u0146emama lab\u0101kam izskatam)<\/li>\n<\/ul>\n<p>Izv\u0113lieties no m\u016bsu kr\u0101su kl\u0101sta:<\/p>\n<ul class=\"color-options\">\n<li>Melna<\/li>\n<li>Zila<\/li>\n<li>Vara<\/li>\n<li>Zelta<\/li>\n<li>Oran\u017ea<\/li>\n<li>Sarkana<\/li>\n<li>Sudraba<\/li>\n<li>Dzeltena<\/li>\n<\/ul>\n<p>Uzlabojiet savas Flex makstas izskatu ar \u0161iem kr\u0101su ielikt\u0146iem.<\/p>\n<\/div>\n","protected":false},"excerpt":{"rendered":"<p>Piel\u0101gojamas kr\u0101su ielikt\u0146u pl\u0101ksnes Flex makstim: viegli uzst\u0101d\u0101mas, no\u0146emamas.<\/p>\n","protected":false},"featured_media":29701,"template":"","meta":{"_acf_changed":false},"product_brand":[],"product_cat":[13814,13781,13819],"product_tag":[],"class_list":{"0":"post-31267","1":"product","2":"type-product","3":"status-publish","4":"has-post-thumbnail","6":"product_cat-koburas-aksesuari","7":"product_cat-maksts","8":"product_cat-sporta-kobura","10":"first","11":"instock","12":"taxable","13":"shipping-taxable","14":"purchasable","15":"product-type-variable","16":"wvs-archive-product-wrapper"},"acf":[],"_links":{"self":[{"href":"https:\/\/staging.nbg.eu\/lv\/wp-json\/wp\/v2\/product\/31267","targetHints":{"allow":["GET"]}}],"collection":[{"href":"https:\/\/staging.nbg.eu\/lv\/wp-json\/wp\/v2\/product"}],"about":[{"href":"https:\/\/staging.nbg.eu\/lv\/wp-json\/wp\/v2\/types\/product"}],"wp:featuredmedia":[{"embeddable":true,"href":"https:\/\/staging.nbg.eu\/lv\/wp-json\/wp\/v2\/media\/29701"}],"wp:attachment":[{"href":"https:\/\/staging.nbg.eu\/lv\/wp-json\/wp\/v2\/media?parent=31267"}],"wp:term":[{"taxonomy":"product_brand","embeddable":true,"href":"https:\/\/staging.nbg.eu\/lv\/wp-json\/wp\/v2\/product_brand?post=31267"},{"taxonomy":"product_cat","embeddable":true,"href":"https:\/\/staging.nbg.eu\/lv\/wp-json\/wp\/v2\/product_cat?post=31267"},{"taxonomy":"product_tag","embeddable":true,"href":"https:\/\/staging.nbg.eu\/lv\/wp-json\/wp\/v2\/product_tag?post=31267"}],"curies":[{"name":"wp","href":"https:\/\/api.w.org\/{rel}","templated":true}]}}