{"id":31050,"date":"2024-08-19T17:23:05","date_gmt":"2024-08-24T13:28:54","guid":{"rendered":"https:\/\/staging.nbg.eu\/product\/admin-dapper-pouch\/"},"modified":"2024-09-02T13:29:13","modified_gmt":"2024-09-02T13:29:13","slug":"admin-dapper-somina","status":"publish","type":"product","link":"https:\/\/staging.nbg.eu\/lv\/product\/admin-dapper-somina\/","title":{"rendered":"Admin Dapper Somina"},"content":{"rendered":"<div class=\"product-description\">\n<h2>BlueForceGear Admin Dapper soma<\/h2>\n<p>Organiz\u0113jiet savas b\u016btisk\u0101s lietas ar daudzpus\u012bgo Admin Dapper somu no BlueForceGear. \u0160\u012b kompakt\u0101, viegl\u0101 soma pied\u0101v\u0101:<\/p>\n<ul>\n<li>Iztur\u012bgu 500D Cordura konstrukciju<\/li>\n<li>Vair\u0101kas iek\u0161\u0113j\u0101s kabatas efekt\u012bvai uzglab\u0101\u0161anai<\/li>\n<li>Elast\u012bg\u0101s cilpas dro\u0161ai priek\u0161metu notur\u0113\u0161anai<\/li>\n<li>YKK r\u0101v\u0113jsl\u0113dz\u0113ju \u0101trai piek\u013cuvei<\/li>\n<\/ul>\n<p>Ide\u0101li piem\u0113rota milit\u0101raj\u0101m, ties\u012bbsarg\u0101jo\u0161aj\u0101m iest\u0101d\u0113m vai ikdienas n\u0113s\u0101\u0161anai, Admin Dapper soma nodro\u0161ina j\u016bsu apr\u012bkojuma organiz\u0113\u0161anu un pieejam\u012bbu. Pieejama da\u017e\u0101d\u0101s kr\u0101s\u0101s, lai atbilstu j\u016bsu apr\u012bkojumam vai v\u0113lm\u0113m.<\/p>\n<\/div>\n","protected":false},"excerpt":{"rendered":"<p>Kompakta, daudzpus\u012bga administrat\u012bv\u0101 soma ikdienas nepiecie\u0161amaj\u0101m liet\u0101m. Iztur\u012bga un eleganta.<\/p>\n","protected":false},"featured_media":22411,"template":"","meta":{"_acf_changed":false},"product_brand":[11134],"product_cat":[13794,13785],"product_tag":[],"class_list":{"0":"post-31050","1":"product","2":"type-product","3":"status-publish","4":"has-post-thumbnail","6":"product_brand-blue-force-gear","7":"product_cat-ekipejums","8":"product_cat-sominas","10":"first","11":"instock","12":"taxable","13":"shipping-taxable","14":"purchasable","15":"product-type-simple"},"acf":[],"_links":{"self":[{"href":"https:\/\/staging.nbg.eu\/lv\/wp-json\/wp\/v2\/product\/31050","targetHints":{"allow":["GET"]}}],"collection":[{"href":"https:\/\/staging.nbg.eu\/lv\/wp-json\/wp\/v2\/product"}],"about":[{"href":"https:\/\/staging.nbg.eu\/lv\/wp-json\/wp\/v2\/types\/product"}],"wp:featuredmedia":[{"embeddable":true,"href":"https:\/\/staging.nbg.eu\/lv\/wp-json\/wp\/v2\/media\/22411"}],"wp:attachment":[{"href":"https:\/\/staging.nbg.eu\/lv\/wp-json\/wp\/v2\/media?parent=31050"}],"wp:term":[{"taxonomy":"product_brand","embeddable":true,"href":"https:\/\/staging.nbg.eu\/lv\/wp-json\/wp\/v2\/product_brand?post=31050"},{"taxonomy":"product_cat","embeddable":true,"href":"https:\/\/staging.nbg.eu\/lv\/wp-json\/wp\/v2\/product_cat?post=31050"},{"taxonomy":"product_tag","embeddable":true,"href":"https:\/\/staging.nbg.eu\/lv\/wp-json\/wp\/v2\/product_tag?post=31050"}],"curies":[{"name":"wp","href":"https:\/\/api.w.org\/{rel}","templated":true}]}}