{"id":30995,"date":"2024-08-18T19:55:34","date_gmt":"2024-08-24T13:23:48","guid":{"rendered":"https:\/\/staging.nbg.eu\/product\/product-3\/"},"modified":"2024-08-24T13:26:16","modified_gmt":"2024-08-24T13:26:16","slug":"sordin-supreme-pro-x-dzirdes-aizsardziba","status":"publish","type":"product","link":"https:\/\/staging.nbg.eu\/lv\/product\/sordin-supreme-pro-x-dzirdes-aizsardziba\/","title":{"rendered":"Sordin Supreme-Pro X Dzirdes Aizsardziba"},"content":{"rendered":"<div class=\"product-description\">\n<h2>Sordin Supreme-Pro X dzirdes aizsardz\u012bba<\/h2>\n<p>Izbaudiet augst\u0101ko dzirdes aizsardz\u012bbu ar Sordin Supreme-Pro X. \u0160\u012bs modern\u0101s austi\u0146as pied\u0101v\u0101:<\/p>\n<ul>\n<li>Akt\u012bvu trok\u0161\u0146u sl\u0101p\u0113\u0161anu optim\u0101lai dro\u0161\u012bbai<\/li>\n<li>Apk\u0101rt\u0113j\u0101s vides ska\u0146u pastiprin\u0101\u0161anu situ\u0101cijas apzin\u0101\u0161anai<\/li>\n<li>\u016adensiztur\u012bgu dizainu lieto\u0161anai jebkuros laikapst\u0101k\u013cos<\/li>\n<li>\u0112rtu, ergonomisku piegulumu ilgsto\u0161ai valk\u0101\u0161anai<\/li>\n<li>Pl\u0101nu profilu nevainojamai integr\u0101cijai ar citu ekip\u0113jumu<\/li>\n<\/ul>\n<p>Ide\u0101li piem\u0113rotas \u0161au\u0161anai, med\u012bb\u0101m vai r\u016bpnieciskam pielietojumam, Supreme-Pro X nodro\u0161ina nep\u0101rsp\u0113jamu dzirdes aizsardz\u012bbu, neierobe\u017eojot komunik\u0101ciju vai apk\u0101rt\u0113j\u0101s vides uztveri. Aizsarg\u0101jiet savu dzirdi ar Sordin jaun\u0101ko tehnolo\u0123iju.<\/p>\n<\/div>\n","protected":false},"excerpt":{"rendered":"<p>Sordin Supreme-Pro X: Augst\u0101k\u0101s klases ausu aizsardz\u012bba ar krist\u0101lskaidru ska\u0146u.<\/p>\n","protected":false},"featured_media":30276,"template":"","meta":{"_acf_changed":false},"product_brand":[],"product_cat":[13789,13794,13843],"product_tag":[],"class_list":{"0":"post-30995","1":"product","2":"type-product","3":"status-publish","4":"has-post-thumbnail","6":"product_cat-ausu-aizsardziba","7":"product_cat-ekipejums","8":"product_cat-nekategorizets","10":"first","11":"instock","12":"taxable","13":"shipping-taxable","14":"purchasable","15":"product-type-variable","16":"wvs-archive-product-wrapper"},"acf":[],"_links":{"self":[{"href":"https:\/\/staging.nbg.eu\/lv\/wp-json\/wp\/v2\/product\/30995","targetHints":{"allow":["GET"]}}],"collection":[{"href":"https:\/\/staging.nbg.eu\/lv\/wp-json\/wp\/v2\/product"}],"about":[{"href":"https:\/\/staging.nbg.eu\/lv\/wp-json\/wp\/v2\/types\/product"}],"wp:featuredmedia":[{"embeddable":true,"href":"https:\/\/staging.nbg.eu\/lv\/wp-json\/wp\/v2\/media\/30276"}],"wp:attachment":[{"href":"https:\/\/staging.nbg.eu\/lv\/wp-json\/wp\/v2\/media?parent=30995"}],"wp:term":[{"taxonomy":"product_brand","embeddable":true,"href":"https:\/\/staging.nbg.eu\/lv\/wp-json\/wp\/v2\/product_brand?post=30995"},{"taxonomy":"product_cat","embeddable":true,"href":"https:\/\/staging.nbg.eu\/lv\/wp-json\/wp\/v2\/product_cat?post=30995"},{"taxonomy":"product_tag","embeddable":true,"href":"https:\/\/staging.nbg.eu\/lv\/wp-json\/wp\/v2\/product_tag?post=30995"}],"curies":[{"name":"wp","href":"https:\/\/api.w.org\/{rel}","templated":true}]}}