{"id":290584,"date":"2025-03-02T07:15:36","date_gmt":"2025-03-02T07:15:36","guid":{"rendered":"https:\/\/staging.nbg.eu\/prodcut\/two-vets-tripod-with-area-419-arcalock-dual-clamp-the-qdt-v2-ls-i\/"},"modified":"2025-03-27T10:50:21","modified_gmt":"2025-03-27T10:50:21","slug":"two-vets-trijkajis-ar-area-419-arcalock-dual-clamp-the-qdt-v2-ls-i","status":"publish","type":"product","link":"https:\/\/staging.nbg.eu\/lv\/product\/two-vets-trijkajis-ar-area-419-arcalock-dual-clamp-the-qdt-v2-ls-i\/","title":{"rendered":"Two Vets trijkajis ar Area 419 ARCALOCK Dual Clamp &#8211; The QDT V2 LS I"},"content":{"rendered":"<h2>Two Vets Tripod ar Area 419 ARCALOCK dubulto skavu &#8211; QDT V2 LS I<\/h2>\n<p>GripChanger ir jaun\u0101kais papildin\u0101jums m\u016bsu \u0161au\u0161anas piederumu kl\u0101st\u0101. \u0160\u012b kompakt\u0101, 0,45 kg soma ir piem\u0113rota \u0101trai poz\u012bcijas veido\u0161anai un izmanto\u0161anai maz\u0101s atver\u0113s. T\u0101s bl\u012bvi piepild\u012btais dizains \u013cauj tai pie\u0137erties jebkurai virsmai, nodro\u0161inot stabilu platformu.<\/p>\n<h2>Komplekt\u0101 iek\u013cauts:<\/h2>\n<ul>\n<li>1 Area 419 GripChanger soma<\/li>\n<li>1 ARCALOCK skava<\/li>\n<li>1 Area 419 sliedes mai\u0146as svira<\/li>\n<\/ul>\n<p><strong>Izm\u0113ri:<\/strong> 25,4 cm \u00d7 7,6 cm \u00d7 5,1 cm<br \/>\n<strong>Ra\u017eot\u0101js:<\/strong> Armageddon Gear<\/p>\n<p>GripChanger komplekts ir daudzpus\u012bgs un uzticams \u0161au\u0161anas piederums.<\/p>\n","protected":false},"excerpt":{"rendered":"<p>Daudzpus\u012bgs stat\u012bvs ar dubulto skavu \u0101trai un stabilai uz\u0146em\u0161anas poz\u012bcijai.<\/p>\n","protected":false},"featured_media":233729,"template":"","meta":{"_acf_changed":false},"product_brand":[11043],"product_cat":[13820,13827],"product_tag":[],"class_list":{"0":"post-290584","1":"product","2":"type-product","3":"status-publish","4":"has-post-thumbnail","6":"product_brand-area-419","7":"product_cat-divkaji","8":"product_cat-sautene","10":"first","11":"instock","12":"taxable","13":"shipping-taxable","14":"purchasable","15":"product-type-simple"},"acf":[],"_links":{"self":[{"href":"https:\/\/staging.nbg.eu\/lv\/wp-json\/wp\/v2\/product\/290584","targetHints":{"allow":["GET"]}}],"collection":[{"href":"https:\/\/staging.nbg.eu\/lv\/wp-json\/wp\/v2\/product"}],"about":[{"href":"https:\/\/staging.nbg.eu\/lv\/wp-json\/wp\/v2\/types\/product"}],"wp:featuredmedia":[{"embeddable":true,"href":"https:\/\/staging.nbg.eu\/lv\/wp-json\/wp\/v2\/media\/233729"}],"wp:attachment":[{"href":"https:\/\/staging.nbg.eu\/lv\/wp-json\/wp\/v2\/media?parent=290584"}],"wp:term":[{"taxonomy":"product_brand","embeddable":true,"href":"https:\/\/staging.nbg.eu\/lv\/wp-json\/wp\/v2\/product_brand?post=290584"},{"taxonomy":"product_cat","embeddable":true,"href":"https:\/\/staging.nbg.eu\/lv\/wp-json\/wp\/v2\/product_cat?post=290584"},{"taxonomy":"product_tag","embeddable":true,"href":"https:\/\/staging.nbg.eu\/lv\/wp-json\/wp\/v2\/product_tag?post=290584"}],"curies":[{"name":"wp","href":"https:\/\/api.w.org\/{rel}","templated":true}]}}