{"id":290474,"date":"2025-03-02T06:50:24","date_gmt":"2025-03-27T10:28:21","guid":{"rendered":"https:\/\/staging.nbg.eu\/prodcut\/area-419-railchanger-shmedium-from-armageddon-gear\/"},"modified":"2025-03-27T10:30:46","modified_gmt":"2025-03-27T10:30:46","slug":"area-419-railchanger-shmedium-no-armageddon-gear","status":"publish","type":"product","link":"https:\/\/staging.nbg.eu\/lv\/product\/area-419-railchanger-shmedium-no-armageddon-gear\/","title":{"rendered":"Area 419 &#8211; RailChanger Shmedium no Armageddon Gear"},"content":{"rendered":"<h2>Area 419 &#8211; RailChanger Shmedium<\/h2>\n<h2>no Armageddon Gear<\/h2>\n<p>RailChanger Shmedium ir \u0161au\u0161anas piederums. Tam ir piem\u0113rots izm\u0113rs un bl\u012bvs pild\u012bjums, kas ir noder\u012bgs \u0161au\u0161anas laukum\u0101.<\/p>\n<ul>\n<li><strong>Dizains:<\/strong> Ar l\u0101zera grieztiem pane\u013ciem aug\u0161pus\u0113 un s\u0101nos piestiprin\u0101\u0161anai pie RCX<\/li>\n<li><strong>Izm\u0113rs:<\/strong> 8 \u00d7 6 \u00d7 6 collas<\/li>\n<li><strong>Svars:<\/strong> 7 m\u0101rci\u0146as<\/li>\n<li><strong>Kvalit\u0101te:<\/strong> Ra\u017eots Armageddon Gear<\/li>\n<\/ul>\n<p>RailChanger Shmedium ir soma, ko var izmantot \u0161au\u0161anas laukum\u0101. T\u0101 apvieno funkcionalit\u0101ti un dizainu.<\/p>\n","protected":false},"excerpt":{"rendered":"<p>Kompakts, bl\u012bvi pild\u012bts GameChanger modelis RCX. Ide\u0101ls pavadonis \u0161autuv\u0113.<\/p>\n","protected":false},"featured_media":233497,"template":"","meta":{"_acf_changed":false},"product_brand":[11043],"product_cat":[13827,390],"product_tag":[],"class_list":{"0":"post-290474","1":"product","2":"type-product","3":"status-publish","4":"has-post-thumbnail","6":"product_brand-area-419","7":"product_cat-sautene","8":"product_cat-aiming","10":"first","11":"instock","12":"taxable","13":"shipping-taxable","14":"purchasable","15":"product-type-simple"},"acf":[],"_links":{"self":[{"href":"https:\/\/staging.nbg.eu\/lv\/wp-json\/wp\/v2\/product\/290474","targetHints":{"allow":["GET"]}}],"collection":[{"href":"https:\/\/staging.nbg.eu\/lv\/wp-json\/wp\/v2\/product"}],"about":[{"href":"https:\/\/staging.nbg.eu\/lv\/wp-json\/wp\/v2\/types\/product"}],"wp:featuredmedia":[{"embeddable":true,"href":"https:\/\/staging.nbg.eu\/lv\/wp-json\/wp\/v2\/media\/233497"}],"wp:attachment":[{"href":"https:\/\/staging.nbg.eu\/lv\/wp-json\/wp\/v2\/media?parent=290474"}],"wp:term":[{"taxonomy":"product_brand","embeddable":true,"href":"https:\/\/staging.nbg.eu\/lv\/wp-json\/wp\/v2\/product_brand?post=290474"},{"taxonomy":"product_cat","embeddable":true,"href":"https:\/\/staging.nbg.eu\/lv\/wp-json\/wp\/v2\/product_cat?post=290474"},{"taxonomy":"product_tag","embeddable":true,"href":"https:\/\/staging.nbg.eu\/lv\/wp-json\/wp\/v2\/product_tag?post=290474"}],"curies":[{"name":"wp","href":"https:\/\/api.w.org\/{rel}","templated":true}]}}