{"id":290350,"date":"2025-03-02T06:33:52","date_gmt":"2025-03-27T10:02:59","guid":{"rendered":"https:\/\/staging.nbg.eu\/prodcut\/area-419-railchanger-og-bag\/"},"modified":"2025-03-27T10:05:26","modified_gmt":"2025-03-27T10:05:26","slug":"area-419-railchanger-og-soma","status":"publish","type":"product","link":"https:\/\/staging.nbg.eu\/lv\/product\/area-419-railchanger-og-soma\/","title":{"rendered":"Area 419 &#8211; RailChanger OG Soma"},"content":{"rendered":"<h2>Area 419 &#8211; RailChanger OG soma<\/h2>\n<p>RailChanger OG no Armageddon Gear &#8211; piederums RCX sist\u0113mai. \u0160ai pilna izm\u0113ra OG GameChanger somai ir piel\u0101goti l\u0101zergriesti pane\u013ci aug\u0161pus\u0113 un s\u0101nos, kas \u013cauj to integr\u0113t ar RCX sist\u0113mu.<\/p>\n<h2>Galven\u0101s iez\u012bmes:<\/h2>\n<ul>\n<li>Izstr\u0101d\u0101ta RCX sist\u0113mai<\/li>\n<li>Piel\u0101goti l\u0101zergriesti pane\u013ci dro\u0161ai piestiprin\u0101\u0161anai<\/li>\n<li>Pilna izm\u0113ra OG GameChanger dizains<\/li>\n<li>Iztur\u012bga konstrukcija ilgsto\u0161ai lieto\u0161anai<\/li>\n<\/ul>\n<h2>Specifik\u0101cijas:<\/h2>\n<ul>\n<li>Svars: 3,18 kg<\/li>\n<li>Izm\u0113ri: 25,4 \u00d7 17,8 \u00d7 15,2 cm<\/li>\n<li>Pieejam\u0101s kr\u0101sas: Melna, Smil\u0161kr\u0101sa<\/li>\n<\/ul>\n<p>RailChanger OG &#8211; soma, kas tika paredz\u0113ta RCX sist\u0113mas izveid\u0113.<\/p>\n","protected":false},"excerpt":{"rendered":"<p>Piel\u0101gota GameChanger soma RCX: ar l\u0101zeru izgriezti pane\u013ci, pilna izm\u0113ra, daudzpus\u012bga.<\/p>\n","protected":false},"featured_media":233472,"template":"","meta":{"_acf_changed":false},"product_brand":[11043],"product_cat":[13827],"product_tag":[],"class_list":{"0":"post-290350","1":"product","2":"type-product","3":"status-publish","4":"has-post-thumbnail","6":"product_brand-area-419","7":"product_cat-sautene","9":"first","10":"outofstock","11":"taxable","12":"shipping-taxable","13":"purchasable","14":"product-type-variable","15":"wvs-archive-product-wrapper"},"acf":[],"_links":{"self":[{"href":"https:\/\/staging.nbg.eu\/lv\/wp-json\/wp\/v2\/product\/290350","targetHints":{"allow":["GET"]}}],"collection":[{"href":"https:\/\/staging.nbg.eu\/lv\/wp-json\/wp\/v2\/product"}],"about":[{"href":"https:\/\/staging.nbg.eu\/lv\/wp-json\/wp\/v2\/types\/product"}],"wp:featuredmedia":[{"embeddable":true,"href":"https:\/\/staging.nbg.eu\/lv\/wp-json\/wp\/v2\/media\/233472"}],"wp:attachment":[{"href":"https:\/\/staging.nbg.eu\/lv\/wp-json\/wp\/v2\/media?parent=290350"}],"wp:term":[{"taxonomy":"product_brand","embeddable":true,"href":"https:\/\/staging.nbg.eu\/lv\/wp-json\/wp\/v2\/product_brand?post=290350"},{"taxonomy":"product_cat","embeddable":true,"href":"https:\/\/staging.nbg.eu\/lv\/wp-json\/wp\/v2\/product_cat?post=290350"},{"taxonomy":"product_tag","embeddable":true,"href":"https:\/\/staging.nbg.eu\/lv\/wp-json\/wp\/v2\/product_tag?post=290350"}],"curies":[{"name":"wp","href":"https:\/\/api.w.org\/{rel}","templated":true}]}}