{"id":290223,"date":"2025-03-02T10:02:47","date_gmt":"2025-03-02T10:02:47","guid":{"rendered":"https:\/\/staging.nbg.eu\/prodcut\/area-419-arcalock-rail-for-barrett-mrad-mk22-sniper-system\/"},"modified":"2025-03-27T09:57:39","modified_gmt":"2025-03-27T09:57:39","slug":"area-419-arcalock-sliede-barrett-mrad-mk22-snaipera-sistemai","status":"publish","type":"product","link":"https:\/\/staging.nbg.eu\/lv\/product\/area-419-arcalock-sliede-barrett-mrad-mk22-snaipera-sistemai\/","title":{"rendered":"Area 419 &#8211; ARCALOCK Sliede Barrett MRAD, MK22 Snaipera Sistemai"},"content":{"rendered":"<div class=\"product-description\">\n<h2>Area 419 &#8211; ARCALOCK sliede Barrett MRAD, MK22 snaipera sist\u0113mai<\/h2>\n<p>ARCALOCK sliede no Area 419 Barrett MRAD vai MK22 snaipera sist\u0113mai. \u0160is piederums pied\u0101v\u0101:<\/p>\n<ul>\n<li>Integr\u0101cija ar Barrett MRAD un MK22 platform\u0101m<\/li>\n<li>7075-T6 alum\u012bnija konstrukcija iztur\u012bbai<\/li>\n<li>ARCALOCK stiprin\u0101\u0161anas sist\u0113ma<\/li>\n<li>Pagarin\u0101ta aug\u0161\u0113j\u0101 sliede papildu piederumu mont\u0101\u017eai<\/li>\n<li>M-LOK sader\u012bgas s\u0101nu un apak\u0161\u0113j\u0101s da\u013cas piel\u0101go\u0161anai<\/li>\n<li>Viegla konstrukcija l\u012bdzsvara saglab\u0101\u0161anai<\/li>\n<li>Anod\u0113ta apdare korozijas aizsardz\u012bbai<\/li>\n<\/ul>\n<p>Area 419 ARCALOCK sliede &#8211; uzlabojums \u0161\u0101v\u0113jiem un milit\u0101rajiem profesion\u0101\u013ciem.<\/p>\n<\/div>\n","protected":false},"excerpt":{"rendered":"<p>Prec\u012bzi izstr\u0101d\u0101ta ARCALOCK sliede Barrett MRAD\/MK22 iero\u010diem. Uzlabo precizit\u0101ti un piederumu piestiprin\u0101\u0161anas iesp\u0113jas.<\/p>\n","protected":false},"featured_media":234168,"template":"","meta":{"_acf_changed":false},"product_brand":[11043],"product_cat":[13827,13775],"product_tag":[],"class_list":{"0":"post-290223","1":"product","2":"type-product","3":"status-publish","4":"has-post-thumbnail","6":"product_brand-area-419","7":"product_cat-sautene","8":"product_cat-sliedes","10":"first","11":"instock","12":"taxable","13":"shipping-taxable","14":"purchasable","15":"product-type-simple"},"acf":[],"_links":{"self":[{"href":"https:\/\/staging.nbg.eu\/lv\/wp-json\/wp\/v2\/product\/290223","targetHints":{"allow":["GET"]}}],"collection":[{"href":"https:\/\/staging.nbg.eu\/lv\/wp-json\/wp\/v2\/product"}],"about":[{"href":"https:\/\/staging.nbg.eu\/lv\/wp-json\/wp\/v2\/types\/product"}],"wp:featuredmedia":[{"embeddable":true,"href":"https:\/\/staging.nbg.eu\/lv\/wp-json\/wp\/v2\/media\/234168"}],"wp:attachment":[{"href":"https:\/\/staging.nbg.eu\/lv\/wp-json\/wp\/v2\/media?parent=290223"}],"wp:term":[{"taxonomy":"product_brand","embeddable":true,"href":"https:\/\/staging.nbg.eu\/lv\/wp-json\/wp\/v2\/product_brand?post=290223"},{"taxonomy":"product_cat","embeddable":true,"href":"https:\/\/staging.nbg.eu\/lv\/wp-json\/wp\/v2\/product_cat?post=290223"},{"taxonomy":"product_tag","embeddable":true,"href":"https:\/\/staging.nbg.eu\/lv\/wp-json\/wp\/v2\/product_tag?post=290223"}],"curies":[{"name":"wp","href":"https:\/\/api.w.org\/{rel}","templated":true}]}}