{"id":289782,"date":"2025-03-01T16:03:10","date_gmt":"2025-03-26T21:35:48","guid":{"rendered":"https:\/\/staging.nbg.eu\/prodcut\/area-419-arcalock-8-universal-dovetail-rail\/"},"modified":"2025-03-26T21:38:17","modified_gmt":"2025-03-26T21:38:17","slug":"area-419-arcalock-8-universala-slipviles-sliede","status":"publish","type":"product","link":"https:\/\/staging.nbg.eu\/lv\/product\/area-419-arcalock-8-universala-slipviles-sliede\/","title":{"rendered":"Area 419 &#8211; ARCALOCK 8&#8243; Universala Slipviles Sliede"},"content":{"rendered":"<div class=\"product-description\">\n<h2>Area 419 &#8211; ARCALOCK 8&#8243; univers\u0101l\u0101 bezdel\u012bgastes sliede<\/h2>\n<p>ARCALOCK 8&#8243; univers\u0101l\u0101 bezdel\u012bgastes sliede no Area 419. \u0160ai slie\u017eu sist\u0113mai ir:<\/p>\n<ul>\n<li>Rievot\u0101s malas meh\u0101niskai fiks\u0101cijai ar Area 419 skav\u0101m<\/li>\n<li>Sader\u012bba ar standarta ARCA piederumiem<\/li>\n<li>8&#8243; garums pilnai priek\u0161\u0113j\u0101s da\u013cas p\u0101rkl\u0101\u0161anai<\/li>\n<li>Viegla konstrukcija, tikai 3 unces<\/li>\n<li>Atbilst\u012bba RRS 1.5&#8243; bezdel\u012bgastes standartam<\/li>\n<li>Noapa\u013cotas malas<\/li>\n<li>3. tipa ciet\u0101 p\u0101rkl\u0101juma anod\u0113ts apdare<\/li>\n<li>Ra\u017eots ASV no 6061-T6 alum\u012bnija<\/li>\n<\/ul>\n<p>ARCALOCK slie\u017eu sist\u0113ma ir paredz\u0113ta \u0161au\u0161anas veiktsp\u0113jas uzlabo\u0161anai.<\/p>\n<\/div>\n","protected":false},"excerpt":{"rendered":"<p>Area 419 ARCALOCK: 8 collu fiks\u0113jama bezdel\u012bgastes sliede prec\u012bzijas \u0161auten\u0113m.<\/p>\n","protected":false},"featured_media":232892,"template":"","meta":{"_acf_changed":false},"product_brand":[11043],"product_cat":[13827,13775,390],"product_tag":[],"class_list":{"0":"post-289782","1":"product","2":"type-product","3":"status-publish","4":"has-post-thumbnail","6":"product_brand-area-419","7":"product_cat-sautene","8":"product_cat-sliedes","9":"product_cat-aiming","11":"first","12":"instock","13":"taxable","14":"shipping-taxable","15":"purchasable","16":"product-type-simple"},"acf":[],"_links":{"self":[{"href":"https:\/\/staging.nbg.eu\/lv\/wp-json\/wp\/v2\/product\/289782","targetHints":{"allow":["GET"]}}],"collection":[{"href":"https:\/\/staging.nbg.eu\/lv\/wp-json\/wp\/v2\/product"}],"about":[{"href":"https:\/\/staging.nbg.eu\/lv\/wp-json\/wp\/v2\/types\/product"}],"wp:featuredmedia":[{"embeddable":true,"href":"https:\/\/staging.nbg.eu\/lv\/wp-json\/wp\/v2\/media\/232892"}],"wp:attachment":[{"href":"https:\/\/staging.nbg.eu\/lv\/wp-json\/wp\/v2\/media?parent=289782"}],"wp:term":[{"taxonomy":"product_brand","embeddable":true,"href":"https:\/\/staging.nbg.eu\/lv\/wp-json\/wp\/v2\/product_brand?post=289782"},{"taxonomy":"product_cat","embeddable":true,"href":"https:\/\/staging.nbg.eu\/lv\/wp-json\/wp\/v2\/product_cat?post=289782"},{"taxonomy":"product_tag","embeddable":true,"href":"https:\/\/staging.nbg.eu\/lv\/wp-json\/wp\/v2\/product_tag?post=289782"}],"curies":[{"name":"wp","href":"https:\/\/api.w.org\/{rel}","templated":true}]}}