{"id":289679,"date":"2025-03-01T15:55:52","date_gmt":"2025-03-26T21:32:30","guid":{"rendered":"https:\/\/staging.nbg.eu\/prodcut\/area-419-arcalock-4-25-universal-dovetail-rail\/"},"modified":"2025-03-26T21:35:03","modified_gmt":"2025-03-26T21:35:03","slug":"area-419-arcalock-425-universala-slipviles-sliede","status":"publish","type":"product","link":"https:\/\/staging.nbg.eu\/lv\/product\/area-419-arcalock-425-universala-slipviles-sliede\/","title":{"rendered":"Area 419 &#8211; ARCALOCK 4.25&#8243; Universala Slipviles Sliede"},"content":{"rendered":"<h2>Area 419 &#8211; ARCALOCK 4.25&#8243; Univers\u0101l\u0101 bezdel\u012bgastes sliede<\/h2>\n<p>Area 419 ARCALOCK 4.25&#8243; Univers\u0101l\u0101 bezdel\u012bgastes sliede ir izgatavota no 6061 alum\u012bnija sakaus\u0113juma.<\/p>\n<h2>Galven\u0101s iez\u012bmes:<\/h2>\n<ul>\n<li>Materi\u0101ls: 6061 alum\u012bnija sakaus\u0113jums<\/li>\n<li>Apdare: Melna anod\u0113ta<\/li>\n<li>Garums: 4.25 collas<\/li>\n<li>Univers\u0101ls bezdel\u012bgastes dizains<\/li>\n<li>Prec\u012bzi apstr\u0101d\u0101ta<\/li>\n<\/ul>\n<h2>Produkta specifik\u0101cijas:<\/h2>\n<ul>\n<li>Svars: 1 m\u0101rci\u0146a<\/li>\n<li>Izm\u0113ri: 8 \u00d7 4 \u00d7 1 collas<\/li>\n<li>Ra\u017eot\u0101js: Area 419<\/li>\n<\/ul>\n<p>\u0160\u012b ARCALOCK sliede nodro\u0161ina stabilu mont\u0101\u017eas platformu da\u017e\u0101diem piederumiem.<\/p>\n","protected":false},"excerpt":{"rendered":"<p>Area 419 ARCALOCK: Iztur\u012bga 4,25 collu bezdel\u012bgastes sliede, melni anod\u0113ts alum\u012bnijs.<\/p>\n","protected":false},"featured_media":232776,"template":"","meta":{"_acf_changed":false},"product_brand":[11043],"product_cat":[13827,13775,390],"product_tag":[],"class_list":{"0":"post-289679","1":"product","2":"type-product","3":"status-publish","4":"has-post-thumbnail","6":"product_brand-area-419","7":"product_cat-sautene","8":"product_cat-sliedes","9":"product_cat-aiming","11":"first","12":"instock","13":"taxable","14":"shipping-taxable","15":"purchasable","16":"product-type-simple"},"acf":[],"_links":{"self":[{"href":"https:\/\/staging.nbg.eu\/lv\/wp-json\/wp\/v2\/product\/289679","targetHints":{"allow":["GET"]}}],"collection":[{"href":"https:\/\/staging.nbg.eu\/lv\/wp-json\/wp\/v2\/product"}],"about":[{"href":"https:\/\/staging.nbg.eu\/lv\/wp-json\/wp\/v2\/types\/product"}],"wp:featuredmedia":[{"embeddable":true,"href":"https:\/\/staging.nbg.eu\/lv\/wp-json\/wp\/v2\/media\/232776"}],"wp:attachment":[{"href":"https:\/\/staging.nbg.eu\/lv\/wp-json\/wp\/v2\/media?parent=289679"}],"wp:term":[{"taxonomy":"product_brand","embeddable":true,"href":"https:\/\/staging.nbg.eu\/lv\/wp-json\/wp\/v2\/product_brand?post=289679"},{"taxonomy":"product_cat","embeddable":true,"href":"https:\/\/staging.nbg.eu\/lv\/wp-json\/wp\/v2\/product_cat?post=289679"},{"taxonomy":"product_tag","embeddable":true,"href":"https:\/\/staging.nbg.eu\/lv\/wp-json\/wp\/v2\/product_tag?post=289679"}],"curies":[{"name":"wp","href":"https:\/\/api.w.org\/{rel}","templated":true}]}}