{"id":289568,"date":"2025-03-01T14:21:59","date_gmt":"2025-03-26T21:28:15","guid":{"rendered":"https:\/\/staging.nbg.eu\/prodcut\/area-419-arcalock-10%e2%80%b3-universal-dovetail-rail\/"},"modified":"2025-03-26T21:30:52","modified_gmt":"2025-03-26T21:30:52","slug":"area-419-arcalock-10-universala-slipviles-sliede","status":"publish","type":"product","link":"https:\/\/staging.nbg.eu\/lv\/product\/area-419-arcalock-10-universala-slipviles-sliede\/","title":{"rendered":"Area 419 &#8211; ARCALOCK 10\u2033 Universala Slipviles Sliede"},"content":{"rendered":"<div class=\"product-description\">\n<h2>Area 419 &#8211; ARCALOCK 10&#8243; univers\u0101l\u0101 bezdel\u012bgastes sliede<\/h2>\n<p>Area 419 ARCALOCK 10&#8243; univers\u0101l\u0101 bezdel\u012bgastes sliede prec\u012bzijas \u0161autuv\u0113m. \u0160ai sliedei ir \u0161\u0101das \u012bpa\u0161\u012bbas:<\/p>\n<ul>\n<li>Rievot\u0101s malas meh\u0101niskai fiks\u0101cijai ar Area 419 skav\u0101m<\/li>\n<li>Sader\u012bba ar standarta Arca piederumiem<\/li>\n<li>Viegla konstrukcija, tikai 4,1 unces<\/li>\n<li>Atbilst RRS 1,5&#8243; bezdel\u012bgastes standartam<\/li>\n<li>Nosl\u012bpin\u0101tas malas \u0113rt\u012bbai un dro\u0161\u012bbai<\/li>\n<li>3. tipa ciet\u0101 p\u0101rkl\u0101juma anod\u0113ts 6061-T6 alum\u012bnija konstrukcija<\/li>\n<li>Ra\u017eots ASV<\/li>\n<li>M-LOK sloti papildu piederumu piestiprin\u0101\u0161anai<\/li>\n<\/ul>\n<p><strong>Piez\u012bme:<\/strong> Nepiecie\u0161ami 6 sec\u012bgi MLOK sloti piestiprin\u0101\u0161anai. Lo\u017eu laid\u0113m ar maz\u0101ku slotu skaitu apsveriet 12&#8243; univers\u0101lo sliedi.<\/p>\n<p>ARCALOCK bezdel\u012bgastes slie\u017eu sist\u0113ma.<\/p>\n<\/div>\n","protected":false},"excerpt":{"rendered":"<p>ARCALOCK 10&#8243; univers\u0101l\u0101 bezdel\u012bgastes sliede: Dro\u0161a, daudzpus\u012bga MLOK stiprin\u0101juma sist\u0113ma prec\u012bzijas \u0161autuv\u0113m.<\/p>\n","protected":false},"featured_media":232426,"template":"","meta":{"_acf_changed":false},"product_brand":[11043],"product_cat":[13827,13775,390],"product_tag":[],"class_list":{"0":"post-289568","1":"product","2":"type-product","3":"status-publish","4":"has-post-thumbnail","6":"product_brand-area-419","7":"product_cat-sautene","8":"product_cat-sliedes","9":"product_cat-aiming","11":"first","12":"instock","13":"taxable","14":"shipping-taxable","15":"purchasable","16":"product-type-simple"},"acf":[],"_links":{"self":[{"href":"https:\/\/staging.nbg.eu\/lv\/wp-json\/wp\/v2\/product\/289568","targetHints":{"allow":["GET"]}}],"collection":[{"href":"https:\/\/staging.nbg.eu\/lv\/wp-json\/wp\/v2\/product"}],"about":[{"href":"https:\/\/staging.nbg.eu\/lv\/wp-json\/wp\/v2\/types\/product"}],"wp:featuredmedia":[{"embeddable":true,"href":"https:\/\/staging.nbg.eu\/lv\/wp-json\/wp\/v2\/media\/232426"}],"wp:attachment":[{"href":"https:\/\/staging.nbg.eu\/lv\/wp-json\/wp\/v2\/media?parent=289568"}],"wp:term":[{"taxonomy":"product_brand","embeddable":true,"href":"https:\/\/staging.nbg.eu\/lv\/wp-json\/wp\/v2\/product_brand?post=289568"},{"taxonomy":"product_cat","embeddable":true,"href":"https:\/\/staging.nbg.eu\/lv\/wp-json\/wp\/v2\/product_cat?post=289568"},{"taxonomy":"product_tag","embeddable":true,"href":"https:\/\/staging.nbg.eu\/lv\/wp-json\/wp\/v2\/product_tag?post=289568"}],"curies":[{"name":"wp","href":"https:\/\/api.w.org\/{rel}","templated":true}]}}