{"id":289431,"date":"2025-03-01T15:46:12","date_gmt":"2025-03-01T15:46:12","guid":{"rendered":"https:\/\/staging.nbg.eu\/prodcut\/area-419-arcalock-14-universal-dovetail-rail\/"},"modified":"2025-10-01T16:18:58","modified_gmt":"2025-10-01T13:18:58","slug":"area-419-arcalock-14-universala-slipviles-sliede","status":"publish","type":"product","link":"https:\/\/staging.nbg.eu\/lv\/product\/area-419-arcalock-14-universala-slipviles-sliede\/","title":{"rendered":"Area 419 &#8211; ARCALOCK 14&#8243; Universala Slipviles Sliede"},"content":{"rendered":"<h2>Area 419 &#8211; ARCALOCK 14&#8243; univers\u0101l\u0101 bezdel\u012bgastes sliede<\/h2>\n<p>ARCALOCK 14&#8243; univers\u0101l\u0101 bezdel\u012bgastes sliede no Area 419 ietver:<\/p>\n<ul>\n<li>Rievot\u0101s malas meh\u0101niskai fiks\u0101cijai ar Area 419 skav\u0101m<\/li>\n<li>65 fiks\u0101cijas poz\u012bcijas uz 14&#8243; sliedes<\/li>\n<li>Sader\u012bba ar standarta Arca piederumiem<\/li>\n<li>Rievota fiks\u0113ta aizmugur\u0113j\u0101 barjeras aizture ar pagarin\u0101juma spraudni<\/li>\n<li>Viegla konstrukcija, tikai 5.6 unces<\/li>\n<li>Izgatavota atbilsto\u0161i RRS 1.5&#8243; bezdel\u012bgastes standartam<\/li>\n<li>Noapa\u013coti st\u016bri un sl\u012bpas malas \u0113rt\u012bbai<\/li>\n<li>3. tipa ciet\u0101 p\u0101rkl\u0101juma anod\u0113ts 6061-T6 alum\u012bnija konstrukcija<\/li>\n<li>Ra\u017eots ASV<\/li>\n<\/ul>\n<p>ARCALOCK slie\u017eu sist\u0113ma ir paredz\u0113ta precizit\u0101tei un veiktsp\u0113jai.<\/p>\n","protected":false},"excerpt":{"rendered":"<p>&#8220;Fiks\u0113jo\u0161\u0101 ARCA sliede prec\u012bzijas \u0161autuv\u0113m. 35,56 cm, 65 poz\u012bcijas, 158,76 grami.&#8221;<\/p>\n","protected":false},"featured_media":232589,"template":"","meta":{"_acf_changed":false},"product_brand":[11043],"product_cat":[13827,13775],"product_tag":[],"class_list":{"0":"post-289431","1":"product","2":"type-product","3":"status-publish","4":"has-post-thumbnail","6":"product_brand-area-419","7":"product_cat-sautene","8":"product_cat-sliedes","10":"first","11":"instock","12":"taxable","13":"shipping-taxable","14":"purchasable","15":"product-type-simple"},"acf":[],"_links":{"self":[{"href":"https:\/\/staging.nbg.eu\/lv\/wp-json\/wp\/v2\/product\/289431","targetHints":{"allow":["GET"]}}],"collection":[{"href":"https:\/\/staging.nbg.eu\/lv\/wp-json\/wp\/v2\/product"}],"about":[{"href":"https:\/\/staging.nbg.eu\/lv\/wp-json\/wp\/v2\/types\/product"}],"wp:featuredmedia":[{"embeddable":true,"href":"https:\/\/staging.nbg.eu\/lv\/wp-json\/wp\/v2\/media\/232589"}],"wp:attachment":[{"href":"https:\/\/staging.nbg.eu\/lv\/wp-json\/wp\/v2\/media?parent=289431"}],"wp:term":[{"taxonomy":"product_brand","embeddable":true,"href":"https:\/\/staging.nbg.eu\/lv\/wp-json\/wp\/v2\/product_brand?post=289431"},{"taxonomy":"product_cat","embeddable":true,"href":"https:\/\/staging.nbg.eu\/lv\/wp-json\/wp\/v2\/product_cat?post=289431"},{"taxonomy":"product_tag","embeddable":true,"href":"https:\/\/staging.nbg.eu\/lv\/wp-json\/wp\/v2\/product_tag?post=289431"}],"curies":[{"name":"wp","href":"https:\/\/api.w.org\/{rel}","templated":true}]}}