{"id":289340,"date":"2024-01-30T18:07:31","date_gmt":"2025-03-26T21:21:52","guid":{"rendered":"https:\/\/staging.nbg.eu\/prodcut\/area-419-arcalock-12-m-lok-dovetail-rail-2\/"},"modified":"2025-03-26T21:24:32","modified_gmt":"2025-03-26T21:24:32","slug":"area-419-arcalock-12-m-lok-slipviles-sliede","status":"publish","type":"product","link":"https:\/\/staging.nbg.eu\/lv\/product\/area-419-arcalock-12-m-lok-slipviles-sliede\/","title":{"rendered":"Area 419 &#8211; ARCALOCK 12&#8243; M-LOK Slipviles Sliede"},"content":{"rendered":"<h2>Area 419 &#8211; ARCALOCK 12&#8243; M-LOK Dovetail sliede<\/h2>\n<p>ARCALOCK 12&#8243; M-LOK Dovetail sliede no Area 419. \u0160ai slie\u017eu sist\u0113mai ir \u0161\u0101das \u012bpa\u0161\u012bbas:<\/p>\n<ul>\n<li>Rievot\u0101s malas meh\u0101niskai fiks\u0101cijai ar Area 419 skav\u0101m<\/li>\n<li>Sader\u012bba ar standarta Arca piederumiem<\/li>\n<li>12&#8243; garums optim\u0101lai piestiprin\u0101\u0161anas vietai<\/li>\n<li>Viegla konstrukcija, tikai 111,5 grami<\/li>\n<li>Atbilst RRS 1,5&#8243; Dovetail standartam<\/li>\n<li>Nosl\u012bp\u0113tas malas \u0113rt\u012bbai un dro\u0161\u012bbai<\/li>\n<li>Da\u017e\u0101das mont\u0101\u017eas iesp\u0113jas da\u017e\u0101d\u0101m \u0161autenes konfigur\u0101cij\u0101m<\/li>\n<li>3. tipa ciet\u0101 p\u0101rkl\u0101juma anod\u0113ts 6061-T6 alum\u012bnija konstrukcija<\/li>\n<li>Ra\u017eots ASV no augstas kvalit\u0101tes materi\u0101liem<\/li>\n<\/ul>\n<p>ARCALOCK Dovetail slie\u017eu sist\u0113ma ir paredz\u0113ta, lai nov\u0113rstu kust\u012bbu zem spiediena un uzlabotu \u0161au\u0161anas precizit\u0101ti.<\/p>\n","protected":false},"excerpt":{"rendered":"<p>Sl\u0113dzams 12&#8243; ARCA sliede prec\u012bzijas \u0161autuv\u0113m. Robotas malas, sader\u012bgs ar M-LOK.<\/p>\n","protected":false},"featured_media":232512,"template":"","meta":{"_acf_changed":false},"product_brand":[11043],"product_cat":[13827,13775],"product_tag":[],"class_list":{"0":"post-289340","1":"product","2":"type-product","3":"status-publish","4":"has-post-thumbnail","6":"product_brand-area-419","7":"product_cat-sautene","8":"product_cat-sliedes","10":"first","11":"instock","12":"taxable","13":"shipping-taxable","14":"purchasable","15":"product-type-variable","16":"wvs-archive-product-wrapper"},"acf":[],"_links":{"self":[{"href":"https:\/\/staging.nbg.eu\/lv\/wp-json\/wp\/v2\/product\/289340","targetHints":{"allow":["GET"]}}],"collection":[{"href":"https:\/\/staging.nbg.eu\/lv\/wp-json\/wp\/v2\/product"}],"about":[{"href":"https:\/\/staging.nbg.eu\/lv\/wp-json\/wp\/v2\/types\/product"}],"wp:featuredmedia":[{"embeddable":true,"href":"https:\/\/staging.nbg.eu\/lv\/wp-json\/wp\/v2\/media\/232512"}],"wp:attachment":[{"href":"https:\/\/staging.nbg.eu\/lv\/wp-json\/wp\/v2\/media?parent=289340"}],"wp:term":[{"taxonomy":"product_brand","embeddable":true,"href":"https:\/\/staging.nbg.eu\/lv\/wp-json\/wp\/v2\/product_brand?post=289340"},{"taxonomy":"product_cat","embeddable":true,"href":"https:\/\/staging.nbg.eu\/lv\/wp-json\/wp\/v2\/product_cat?post=289340"},{"taxonomy":"product_tag","embeddable":true,"href":"https:\/\/staging.nbg.eu\/lv\/wp-json\/wp\/v2\/product_tag?post=289340"}],"curies":[{"name":"wp","href":"https:\/\/api.w.org\/{rel}","templated":true}]}}