{"id":289096,"date":"2025-03-05T07:17:43","date_gmt":"2025-03-26T19:44:45","guid":{"rendered":"https:\/\/staging.nbg.eu\/prodcut\/magpul-ctr-carbine-stock-for-ar15-m4\/"},"modified":"2025-03-26T19:47:20","modified_gmt":"2025-03-26T19:47:20","slug":"magpul-ctr-karabines-klads-ar15-m4","status":"publish","type":"product","link":"https:\/\/staging.nbg.eu\/lv\/product\/magpul-ctr-karabines-klads-ar15-m4\/","title":{"rendered":"Magpul &#8211; CTR\u2122 Karabines Klads AR15 \/ M4"},"content":{"rendered":"<div class=\"product-description\">\n<h2>Magpul CTR\u2122 karb\u012bna laide\u0146a plecs AR15 \/ M4<\/h2>\n<p>Magpul CTR (Compact\/Type Restricted) \u2013 Mil-Spec modelis AR15 \/ M16 karb\u012bnam. \u0160is nomai\u0146as laide\u0146a plecs ir paredz\u0113ts vieglai lieto\u0161anai un ietver:<\/p>\n<ul>\n<li>A-frame profils, lai izvair\u012btos no aiz\u0137er\u0161an\u0101s<\/li>\n<li>Aizsarg\u0101ts atbr\u012bvo\u0161anas meh\u0101nisms, lai nov\u0113rstu nejau\u0161u aktiviz\u0113\u0161anu<\/li>\n<li>Papildu berzes blo\u0137\u0113\u0161anas sist\u0113ma iero\u010da stabilit\u0101tei<\/li>\n<li>Abpus\u0113js QD siksnas stiprin\u0101jums, sader\u012bgs ar pogas spiediena siksnas \u0161arn\u012briem<\/li>\n<li>0.3&#8243; biezs gumijas uzgalis lab\u0101kai plecu atbalstam<\/li>\n<\/ul>\n<p>Sader\u012bgs ar Mil-Spec izm\u0113ra uztv\u0113r\u0113ja pagarin\u0101juma caurul\u0113m, \u0161is ASV ra\u017eotais laide\u0146a plecs pied\u0101v\u0101 garuma regul\u0113\u0161anas diapazonu 3.3 collas. Ar maksim\u0101lo garumu 7.0 collas un svaru 8.9 unces, CTR laide\u0146a plecs nodro\u0161ina funkcionalit\u0101ti un \u0113rtumu j\u016bsu karb\u012bnam.<\/p>\n<p><strong>Piez\u012bme:<\/strong> Sader\u012bgs tikai ar Mil-Spec uztv\u0113r\u0113ja pagarin\u0101jumiem. Pirms ieg\u0101des p\u0101rliecinieties, ka j\u016bsu karb\u012bnam ir pareiz\u0101 caurule.<\/p>\n<\/div>\n","protected":false},"excerpt":{"rendered":"<p>Kompakts AR15\/M4 laides. Aerodinamisks, stabils, ar \u0101tri no\u0146emamu siksnas stiprin\u0101jumu.<\/p>\n","protected":false},"featured_media":237497,"template":"","meta":{"_acf_changed":false},"product_brand":[11547],"product_cat":[13827,13787,13776],"product_tag":[],"class_list":{"0":"post-289096","1":"product","2":"type-product","3":"status-publish","4":"has-post-thumbnail","6":"product_brand-magpul","7":"product_cat-sautene","8":"product_cat-sautenes-lata","9":"product_cat-sautenes-uzlabojumi","11":"first","12":"instock","13":"taxable","14":"shipping-taxable","15":"purchasable","16":"product-type-simple"},"acf":[],"_links":{"self":[{"href":"https:\/\/staging.nbg.eu\/lv\/wp-json\/wp\/v2\/product\/289096","targetHints":{"allow":["GET"]}}],"collection":[{"href":"https:\/\/staging.nbg.eu\/lv\/wp-json\/wp\/v2\/product"}],"about":[{"href":"https:\/\/staging.nbg.eu\/lv\/wp-json\/wp\/v2\/types\/product"}],"wp:featuredmedia":[{"embeddable":true,"href":"https:\/\/staging.nbg.eu\/lv\/wp-json\/wp\/v2\/media\/237497"}],"wp:attachment":[{"href":"https:\/\/staging.nbg.eu\/lv\/wp-json\/wp\/v2\/media?parent=289096"}],"wp:term":[{"taxonomy":"product_brand","embeddable":true,"href":"https:\/\/staging.nbg.eu\/lv\/wp-json\/wp\/v2\/product_brand?post=289096"},{"taxonomy":"product_cat","embeddable":true,"href":"https:\/\/staging.nbg.eu\/lv\/wp-json\/wp\/v2\/product_cat?post=289096"},{"taxonomy":"product_tag","embeddable":true,"href":"https:\/\/staging.nbg.eu\/lv\/wp-json\/wp\/v2\/product_tag?post=289096"}],"curies":[{"name":"wp","href":"https:\/\/api.w.org\/{rel}","templated":true}]}}