{"id":288869,"date":"2025-03-05T10:45:22","date_gmt":"2025-03-05T10:45:22","guid":{"rendered":"https:\/\/staging.nbg.eu\/prodcut\/magpul-pmag-ar-m4-gen-m3-10rds\/"},"modified":"2025-03-26T19:10:44","modified_gmt":"2025-03-26T19:10:44","slug":"magpul-pmag-arm4-gen-m3","status":"publish","type":"product","link":"https:\/\/staging.nbg.eu\/lv\/product\/magpul-pmag-arm4-gen-m3\/","title":{"rendered":"Magpul &#8211; PMAG\u00ae AR\/M4 GEN M3\u2122"},"content":{"rendered":"<h2>Magpul &#8211; PMAG\u00ae AR\/M4 GEN M3\u2122<\/h2>\n<p>PMAG 10 GEN M3 ir 10 patronu polim\u0113ra magaz\u012bna AR15\/M4 sader\u012bgiem iero\u010diem. T\u0101 pied\u0101v\u0101:<\/p>\n<ul>\n<li>Uzlabotu iztur\u012bbu ar modernu polim\u0113ra konstrukciju<\/li>\n<li>Sader\u012bbu ar da\u017e\u0101d\u0101m platform\u0101m, ieskaitot HK\u00ae 416 un FN\u00ae SCAR\u2122 MK 16\/16S<\/li>\n<li>Uzticamu patronu padevi ar \u010detrvirzienu anti-sag\u0101\u0161an\u0101s sekot\u0101ju<\/li>\n<li>Vieglu izjauk\u0161anu un uzlabotu aizsardz\u012bbu pret kritieniem ar papla\u0161in\u0101tu pamatni<\/li>\n<li>Vienm\u0113r\u012bgu darb\u012bbu, pateicoties past\u0101v\u012bg\u0101s l\u012bknes iek\u0161\u0113jai \u0123eometrijai<\/li>\n<li>Uzlabotu satv\u0113rienu ar ribotu virsmu un tekst\u016bru<\/li>\n<\/ul>\n<p>Ra\u017eots ASV, PMAG 10 GEN M3 ir kompakta magaz\u012bna, piem\u0113rota \u0161au\u0161anai gu\u013cus poz\u012bcij\u0101 un taktiskai daudzpus\u012bbai.<\/p>\n","protected":false},"excerpt":{"rendered":"<p>Iztur\u012bga 10 patronu AR15\/M4 aptvere ar uzlabot\u0101m funkcij\u0101m un sader\u012bbu.<\/p>\n","protected":false},"featured_media":239092,"template":"","meta":{"_acf_changed":false},"product_brand":[11547],"product_cat":[13827,13810],"product_tag":[],"class_list":{"0":"post-288869","1":"product","2":"type-product","3":"status-publish","4":"has-post-thumbnail","6":"product_brand-magpul","7":"product_cat-sautene","8":"product_cat-sautenes-zurnali","10":"first","11":"instock","12":"taxable","13":"shipping-taxable","14":"product-type-variable","15":"wvs-archive-product-wrapper"},"acf":[],"_links":{"self":[{"href":"https:\/\/staging.nbg.eu\/lv\/wp-json\/wp\/v2\/product\/288869","targetHints":{"allow":["GET"]}}],"collection":[{"href":"https:\/\/staging.nbg.eu\/lv\/wp-json\/wp\/v2\/product"}],"about":[{"href":"https:\/\/staging.nbg.eu\/lv\/wp-json\/wp\/v2\/types\/product"}],"wp:featuredmedia":[{"embeddable":true,"href":"https:\/\/staging.nbg.eu\/lv\/wp-json\/wp\/v2\/media\/239092"}],"wp:attachment":[{"href":"https:\/\/staging.nbg.eu\/lv\/wp-json\/wp\/v2\/media?parent=288869"}],"wp:term":[{"taxonomy":"product_brand","embeddable":true,"href":"https:\/\/staging.nbg.eu\/lv\/wp-json\/wp\/v2\/product_brand?post=288869"},{"taxonomy":"product_cat","embeddable":true,"href":"https:\/\/staging.nbg.eu\/lv\/wp-json\/wp\/v2\/product_cat?post=288869"},{"taxonomy":"product_tag","embeddable":true,"href":"https:\/\/staging.nbg.eu\/lv\/wp-json\/wp\/v2\/product_tag?post=288869"}],"curies":[{"name":"wp","href":"https:\/\/api.w.org\/{rel}","templated":true}]}}