{"id":288288,"date":"2025-03-06T10:32:44","date_gmt":"2025-03-06T10:32:44","guid":{"rendered":"https:\/\/staging.nbg.eu\/prodcut\/ftcs-custom-ak-mod-7-handguard-m-lok-short-forward-curved\/"},"modified":"2025-03-26T17:39:06","modified_gmt":"2025-03-26T17:39:06","slug":"ftcs-pielagots-ak-mod-7-rokturis-m-lok-iss-prieksa-izliekts","status":"publish","type":"product","link":"https:\/\/staging.nbg.eu\/lv\/product\/ftcs-pielagots-ak-mod-7-rokturis-m-lok-iss-prieksa-izliekts\/","title":{"rendered":"FTCS &#8211; Pielagots AK Mod 7 Rokturis &#8211; M-LOK &#8211; Iss Prieksa Izliekts"},"content":{"rendered":"<div class=\"product-description\">\n<h2>FTCS &#8211; Piel\u0101gots AK Mod 7 priek\u0161\u0113jais rokturis &#8211; M-LOK &#8211; \u012ass uz priek\u0161u izliekts<\/h2>\n<p>AKM karab\u012bnei paredz\u0113ts piel\u0101gots AK Mod 7 priek\u0161\u0113jais rokturis ar \u012bsu, uz priek\u0161u izliektu dizainu. \u0160is vieglais koka rokturis apvieno klasisko izskatu ar m\u016bsdienu funkcionalit\u0101ti.<\/p>\n<h2>Galven\u0101s iez\u012bmes:<\/h2>\n<ul>\n<li>\u012ass, uz priek\u0161u izliekts priek\u0161\u0113jais rokturis lab\u0101kai kontrolei<\/li>\n<li>Viegla koka konstrukcija (180g)<\/li>\n<li>Integr\u0113tas alum\u012bnija M-LOK sliedes piederumu piestiprin\u0101\u0161anai<\/li>\n<li>Sader\u012bgs ar AKM, AKMS un AKMN karab\u012bn\u0113m (var b\u016bt nepiecie\u0161ama piel\u0101go\u0161ana)<\/li>\n<li>Graf\u012bta melna H-146 Cerakote apdare<\/li>\n<\/ul>\n<p>M-LOK apr\u012bkots koka rokturis. Saglab\u0101 koka saj\u016btu, vienlaikus nodro\u0161inot iesp\u0113ju piestiprin\u0101t m\u016bsdienu piederumus, piem\u0113ram, luktur\u012b\u0161us un l\u0101zerus. Piez\u012bme: Nav sader\u012bgs ar fr\u0113z\u0113t\u0101m AK karab\u012bn\u0113m bez modifik\u0101cijas.<\/p>\n<p>Izm\u0113ri: 160 x 120 x 35 mm<\/p>\n<\/div>\n","protected":false},"excerpt":{"rendered":"<p>FTCS AK Mod 7 priek\u0161\u0113jais rokturis: \u012ass, izliekts koka rokturis ar M-LOK slied\u0113m.<\/p>\n","protected":false},"featured_media":241207,"template":"","meta":{"_acf_changed":false},"product_brand":[11318],"product_cat":[13761,13827,13776,13775],"product_tag":[],"class_list":{"0":"post-288288","1":"product","2":"type-product","3":"status-publish","4":"has-post-thumbnail","6":"product_brand-ftcs","7":"product_cat-ak-uzlabojumi","8":"product_cat-sautene","9":"product_cat-sautenes-uzlabojumi","10":"product_cat-sliedes","12":"first","13":"outofstock","14":"taxable","15":"shipping-taxable","16":"purchasable","17":"product-type-simple"},"acf":[],"_links":{"self":[{"href":"https:\/\/staging.nbg.eu\/lv\/wp-json\/wp\/v2\/product\/288288","targetHints":{"allow":["GET"]}}],"collection":[{"href":"https:\/\/staging.nbg.eu\/lv\/wp-json\/wp\/v2\/product"}],"about":[{"href":"https:\/\/staging.nbg.eu\/lv\/wp-json\/wp\/v2\/types\/product"}],"wp:featuredmedia":[{"embeddable":true,"href":"https:\/\/staging.nbg.eu\/lv\/wp-json\/wp\/v2\/media\/241207"}],"wp:attachment":[{"href":"https:\/\/staging.nbg.eu\/lv\/wp-json\/wp\/v2\/media?parent=288288"}],"wp:term":[{"taxonomy":"product_brand","embeddable":true,"href":"https:\/\/staging.nbg.eu\/lv\/wp-json\/wp\/v2\/product_brand?post=288288"},{"taxonomy":"product_cat","embeddable":true,"href":"https:\/\/staging.nbg.eu\/lv\/wp-json\/wp\/v2\/product_cat?post=288288"},{"taxonomy":"product_tag","embeddable":true,"href":"https:\/\/staging.nbg.eu\/lv\/wp-json\/wp\/v2\/product_tag?post=288288"}],"curies":[{"name":"wp","href":"https:\/\/api.w.org\/{rel}","templated":true}]}}