{"id":288174,"date":"2025-03-06T10:17:52","date_gmt":"2025-03-26T17:22:04","guid":{"rendered":"https:\/\/staging.nbg.eu\/prodcut\/ftcs-dong-handguard-m-lok-akm\/"},"modified":"2025-03-26T17:24:32","modified_gmt":"2025-03-26T17:24:32","slug":"ftcs-dong-rokturis-m-lok-akm","status":"publish","type":"product","link":"https:\/\/staging.nbg.eu\/lv\/product\/ftcs-dong-rokturis-m-lok-akm\/","title":{"rendered":"FTCS &#8211; &#8220;Dong&#8221; Rokturis &#8211; M-LOK &#8211; AKM"},"content":{"rendered":"<div class=\"product-description\">\n<h2>FTCS &#8211; &#8220;Dong&#8221; Priek\u0161\u0113jais Rokturis &#8211; M-LOK &#8211; AKM<\/h2>\n<p>FTCS &#8220;Dong&#8221; priek\u0161\u0113jais rokturis AKM\/AKMS \u0161auten\u0113m. \u0160im AIMS stila rokturim ir \u0161\u0101das \u012bpa\u0161\u012bbas:<\/p>\n<ul>\n<li>Viegla koka konstrukcija<\/li>\n<li>Integr\u0113ts priek\u0161\u0113jais rokturis<\/li>\n<li>M-LOK sloti piederumu piestiprin\u0101\u0161anai<\/li>\n<li>Sader\u012bba ar salok\u0101majiem laidn\u0113m<\/li>\n<li>Graf\u012bta melna Cerakote apdare<\/li>\n<\/ul>\n<p>Svars 141g, izm\u0113ri 160x120x35mm. S\u0101nu M-LOK sliedes \u013cauj piestiprin\u0101t luktur\u012b\u0161us, l\u0101zerus un citus piederumus.<\/p>\n<p>FTCS &#8220;Dong&#8221; priek\u0161\u0113jais rokturis ir pieejams AKM \u0161auten\u0113m.<\/p>\n<\/div>\n","protected":false},"excerpt":{"rendered":"<p>Klasiska AIMS stila koka AKM rokturis ar M-LOK slied\u0113m.<\/p>\n","protected":false},"featured_media":240997,"template":"","meta":{"_acf_changed":false},"product_brand":[11318],"product_cat":[13761,13798,13776],"product_tag":[],"class_list":{"0":"post-288174","1":"product","2":"type-product","3":"status-publish","4":"has-post-thumbnail","6":"product_brand-ftcs","7":"product_cat-ak-uzlabojumi","8":"product_cat-sautenes-rokturi","9":"product_cat-sautenes-uzlabojumi","11":"first","12":"instock","13":"taxable","14":"shipping-taxable","15":"purchasable","16":"product-type-simple"},"acf":[],"_links":{"self":[{"href":"https:\/\/staging.nbg.eu\/lv\/wp-json\/wp\/v2\/product\/288174","targetHints":{"allow":["GET"]}}],"collection":[{"href":"https:\/\/staging.nbg.eu\/lv\/wp-json\/wp\/v2\/product"}],"about":[{"href":"https:\/\/staging.nbg.eu\/lv\/wp-json\/wp\/v2\/types\/product"}],"wp:featuredmedia":[{"embeddable":true,"href":"https:\/\/staging.nbg.eu\/lv\/wp-json\/wp\/v2\/media\/240997"}],"wp:attachment":[{"href":"https:\/\/staging.nbg.eu\/lv\/wp-json\/wp\/v2\/media?parent=288174"}],"wp:term":[{"taxonomy":"product_brand","embeddable":true,"href":"https:\/\/staging.nbg.eu\/lv\/wp-json\/wp\/v2\/product_brand?post=288174"},{"taxonomy":"product_cat","embeddable":true,"href":"https:\/\/staging.nbg.eu\/lv\/wp-json\/wp\/v2\/product_cat?post=288174"},{"taxonomy":"product_tag","embeddable":true,"href":"https:\/\/staging.nbg.eu\/lv\/wp-json\/wp\/v2\/product_tag?post=288174"}],"curies":[{"name":"wp","href":"https:\/\/api.w.org\/{rel}","templated":true}]}}