{"id":287752,"date":"2025-03-05T11:14:35","date_gmt":"2025-03-05T11:14:35","guid":{"rendered":"https:\/\/staging.nbg.eu\/prodcut\/clawgear-ak47-long-slick-handguard-m-lok\/"},"modified":"2025-03-26T12:40:36","modified_gmt":"2025-03-26T12:40:36","slug":"clawgear-ak47-garais-gludais-rokturis-m-lok","status":"publish","type":"product","link":"https:\/\/staging.nbg.eu\/lv\/product\/clawgear-ak47-garais-gludais-rokturis-m-lok\/","title":{"rendered":"Clawgear AK47 Garais Gludais Rokturis M-LOK"},"content":{"rendered":"<div class=\"product-description\">\n<h2>Clawgear AK47 gar\u0161 handguards ar M-LOK<\/h2>\n<p>AK47 handguards no Clawgear. Iez\u012bmes:<\/p>\n<ul>\n<li>Mat\u0113ts melns p\u0101rkl\u0101jums atstarojumu samazin\u0101\u0161anai<\/li>\n<li>QD siksnas stiprin\u0101juma punkts aizmugur\u0113<\/li>\n<li>M-LOK stiprin\u0101jumu sist\u0113ma piederumiem<\/li>\n<li>Sader\u012bgs ar \u0161tanc\u0113tiem un fr\u0113z\u0113tiem uztv\u0113r\u0113jiem<\/li>\n<li>Viegls 6061 alum\u012bnija korpuss ar MIL-SPEC III tipa anod\u0113tu apdari<\/li>\n<\/ul>\n<p>Izm\u0113ri: 37,2 cm (G) x 4,8 cm (P) x 4,8 cm (A)<\/p>\n<p>Svars: 0,25 kg<\/p>\n<p>Handguards AK47 uzlabo\u0161anai un piel\u0101go\u0161anai.<\/p>\n<\/div>\n","protected":false},"excerpt":{"rendered":"<p>Pl\u016bdl\u012bnijas M-LOK AK47 priek\u0161\u0113js rokturis: viegls, daudzpus\u012bgs, gatavs \u0101trai siksnas pievieno\u0161anai.<\/p>\n","protected":false},"featured_media":239371,"template":"","meta":{"_acf_changed":false},"product_brand":[11225],"product_cat":[13761,13827,13776,13775],"product_tag":[],"class_list":{"0":"post-287752","1":"product","2":"type-product","3":"status-publish","4":"has-post-thumbnail","6":"product_brand-clawgear","7":"product_cat-ak-uzlabojumi","8":"product_cat-sautene","9":"product_cat-sautenes-uzlabojumi","10":"product_cat-sliedes","12":"first","13":"instock","14":"taxable","15":"shipping-taxable","16":"purchasable","17":"product-type-simple"},"acf":[],"_links":{"self":[{"href":"https:\/\/staging.nbg.eu\/lv\/wp-json\/wp\/v2\/product\/287752","targetHints":{"allow":["GET"]}}],"collection":[{"href":"https:\/\/staging.nbg.eu\/lv\/wp-json\/wp\/v2\/product"}],"about":[{"href":"https:\/\/staging.nbg.eu\/lv\/wp-json\/wp\/v2\/types\/product"}],"wp:featuredmedia":[{"embeddable":true,"href":"https:\/\/staging.nbg.eu\/lv\/wp-json\/wp\/v2\/media\/239371"}],"wp:attachment":[{"href":"https:\/\/staging.nbg.eu\/lv\/wp-json\/wp\/v2\/media?parent=287752"}],"wp:term":[{"taxonomy":"product_brand","embeddable":true,"href":"https:\/\/staging.nbg.eu\/lv\/wp-json\/wp\/v2\/product_brand?post=287752"},{"taxonomy":"product_cat","embeddable":true,"href":"https:\/\/staging.nbg.eu\/lv\/wp-json\/wp\/v2\/product_cat?post=287752"},{"taxonomy":"product_tag","embeddable":true,"href":"https:\/\/staging.nbg.eu\/lv\/wp-json\/wp\/v2\/product_tag?post=287752"}],"curies":[{"name":"wp","href":"https:\/\/api.w.org\/{rel}","templated":true}]}}