{"id":287725,"date":"2025-03-05T11:33:07","date_gmt":"2025-03-05T11:33:07","guid":{"rendered":"https:\/\/staging.nbg.eu\/prodcut\/clawgear-ak47-medium-slick-handguard-m-lok\/"},"modified":"2025-03-26T12:49:30","modified_gmt":"2025-03-26T12:49:30","slug":"clawgear-ak47-videja-gludais-rokturis-m-lok","status":"publish","type":"product","link":"https:\/\/staging.nbg.eu\/lv\/product\/clawgear-ak47-videja-gludais-rokturis-m-lok\/","title":{"rendered":"Clawgear AK47 Videja Gludais Rokturis M-LOK"},"content":{"rendered":"<div class=\"product-description\">\n<h2>Clawgear AK47 vid\u0113ja izm\u0113ra gludais priek\u0161\u0113jo rokturi M-LOK<\/h2>\n<p>AK47 priek\u0161\u0113jais rokturis no Clawgear. Tam ir mat\u0113ts melns p\u0101rkl\u0101jums, kas samazina atsp\u012bdumus. M-LOK stiprin\u0101jumu sist\u0113ma \u013cauj pievienot da\u017e\u0101dus piederumus, un QD siksnas stiprin\u0101juma punkts nodro\u0161ina papildu \u0113rt\u012bbu.<\/p>\n<ul>\n<li>Sader\u012bgs ar \u0161tanc\u0113tiem un fr\u0113z\u0113tiem uztv\u0113r\u0113jiem<\/li>\n<li>Izgatavots no 6061 alum\u012bnija<\/li>\n<li>MIL-SPEC Type III anod\u0113ts p\u0101rkl\u0101jums<\/li>\n<li>Svars: 0,15 kg<\/li>\n<li>Izm\u0113ri: 26,2 cm (G) x 4,3 cm (P) x 4,3 cm (A)<\/li>\n<\/ul>\n<p>\u0160is priek\u0161\u0113jais rokturis uzlabo AK47 funkcionalit\u0101ti.<\/p>\n<\/div>\n","protected":false},"excerpt":{"rendered":"<p>Viegls M-LOK AK47 priek\u0161\u0113jais rokturis ar \u0101tri atvienojamu siksnas stiprin\u0101juma punktu un mat\u0113tu apdari.<\/p>\n","protected":false},"featured_media":239649,"template":"","meta":{"_acf_changed":false},"product_brand":[11225],"product_cat":[13761,13827,13776,13775],"product_tag":[],"class_list":{"0":"post-287725","1":"product","2":"type-product","3":"status-publish","4":"has-post-thumbnail","6":"product_brand-clawgear","7":"product_cat-ak-uzlabojumi","8":"product_cat-sautene","9":"product_cat-sautenes-uzlabojumi","10":"product_cat-sliedes","12":"first","13":"instock","14":"taxable","15":"shipping-taxable","16":"purchasable","17":"product-type-simple"},"acf":[],"_links":{"self":[{"href":"https:\/\/staging.nbg.eu\/lv\/wp-json\/wp\/v2\/product\/287725","targetHints":{"allow":["GET"]}}],"collection":[{"href":"https:\/\/staging.nbg.eu\/lv\/wp-json\/wp\/v2\/product"}],"about":[{"href":"https:\/\/staging.nbg.eu\/lv\/wp-json\/wp\/v2\/types\/product"}],"wp:featuredmedia":[{"embeddable":true,"href":"https:\/\/staging.nbg.eu\/lv\/wp-json\/wp\/v2\/media\/239649"}],"wp:attachment":[{"href":"https:\/\/staging.nbg.eu\/lv\/wp-json\/wp\/v2\/media?parent=287725"}],"wp:term":[{"taxonomy":"product_brand","embeddable":true,"href":"https:\/\/staging.nbg.eu\/lv\/wp-json\/wp\/v2\/product_brand?post=287725"},{"taxonomy":"product_cat","embeddable":true,"href":"https:\/\/staging.nbg.eu\/lv\/wp-json\/wp\/v2\/product_cat?post=287725"},{"taxonomy":"product_tag","embeddable":true,"href":"https:\/\/staging.nbg.eu\/lv\/wp-json\/wp\/v2\/product_tag?post=287725"}],"curies":[{"name":"wp","href":"https:\/\/api.w.org\/{rel}","templated":true}]}}