{"id":287660,"date":"2025-03-06T20:23:37","date_gmt":"2025-03-06T20:23:37","guid":{"rendered":"https:\/\/staging.nbg.eu\/prodcut\/clawgear-ak47-short-slick-handguard-m-lok\/"},"modified":"2025-03-26T12:36:56","modified_gmt":"2025-03-26T12:36:56","slug":"clawgear-ak47-isais-gludais-prieksturis-m-lok","status":"publish","type":"product","link":"https:\/\/staging.nbg.eu\/lv\/product\/clawgear-ak47-isais-gludais-prieksturis-m-lok\/","title":{"rendered":"Clawgear &#8211; AK47 \u012bsais gludais priek\u0161turis M-LOK"},"content":{"rendered":"<h2>Clawgear &#8211; AK47 \u012bsais priek\u0161\u0113jais rokturis ar M-LOK<\/h2>\n<p>AK47 priek\u0161\u0113jais rokturis ar \u0161\u0101d\u0101m \u012bpa\u0161\u012bb\u0101m:<\/p>\n<ul>\n<li>M-LOK stiprin\u0101jumu sist\u0113ma piederumu pievieno\u0161anai<\/li>\n<li>Mat\u0113ta melna virsma atstarojumu samazin\u0101\u0161anai<\/li>\n<li>QD siksnas stiprin\u0101juma punkts aizmugur\u0113<\/li>\n<li>Sader\u012bgs ar \u0161tanc\u0113tiem un fr\u0113z\u0113tiem uztv\u0113r\u0113jiem<\/li>\n<li>Izgatavots no 6061 alum\u012bnija<\/li>\n<li>MIL-SPEC III tipa anod\u0113ts p\u0101rkl\u0101jums<\/li>\n<\/ul>\n<p>Izm\u0113ri: 16.4cm (G) x 4.5cm (P) x 4cm (A)<\/p>\n<p>Svars: 0.16kg<\/p>\n<p>AK47 priek\u0161\u0113jais rokturis ar da\u017e\u0101d\u0101m funkcij\u0101m.<\/p>\n","protected":false},"excerpt":{"rendered":"<p>Viegls M-LOK priek\u0161\u0113js rokturis AK47. QD siksnas stiprin\u0101juma punkts. Der da\u017e\u0101diem uztv\u0113r\u0113jiem.<\/p>\n","protected":false},"featured_media":245164,"template":"","meta":{"_acf_changed":false},"product_brand":[],"product_cat":[13761,13827,13776],"product_tag":[],"class_list":{"0":"post-287660","1":"product","2":"type-product","3":"status-publish","4":"has-post-thumbnail","6":"product_cat-ak-uzlabojumi","7":"product_cat-sautene","8":"product_cat-sautenes-uzlabojumi","10":"first","11":"instock","12":"taxable","13":"shipping-taxable","14":"purchasable","15":"product-type-simple"},"acf":[],"_links":{"self":[{"href":"https:\/\/staging.nbg.eu\/lv\/wp-json\/wp\/v2\/product\/287660","targetHints":{"allow":["GET"]}}],"collection":[{"href":"https:\/\/staging.nbg.eu\/lv\/wp-json\/wp\/v2\/product"}],"about":[{"href":"https:\/\/staging.nbg.eu\/lv\/wp-json\/wp\/v2\/types\/product"}],"wp:featuredmedia":[{"embeddable":true,"href":"https:\/\/staging.nbg.eu\/lv\/wp-json\/wp\/v2\/media\/245164"}],"wp:attachment":[{"href":"https:\/\/staging.nbg.eu\/lv\/wp-json\/wp\/v2\/media?parent=287660"}],"wp:term":[{"taxonomy":"product_brand","embeddable":true,"href":"https:\/\/staging.nbg.eu\/lv\/wp-json\/wp\/v2\/product_brand?post=287660"},{"taxonomy":"product_cat","embeddable":true,"href":"https:\/\/staging.nbg.eu\/lv\/wp-json\/wp\/v2\/product_cat?post=287660"},{"taxonomy":"product_tag","embeddable":true,"href":"https:\/\/staging.nbg.eu\/lv\/wp-json\/wp\/v2\/product_tag?post=287660"}],"curies":[{"name":"wp","href":"https:\/\/api.w.org\/{rel}","templated":true}]}}