{"id":285437,"date":"2025-03-04T19:02:48","date_gmt":"2025-03-25T14:27:55","guid":{"rendered":"https:\/\/staging.nbg.eu\/product\/magpul-ctr-moe-cheek-riser-0-75\/"},"modified":"2025-03-25T14:30:17","modified_gmt":"2025-03-25T14:30:17","slug":"magpul-ctr-moe-vaiga-paaugstinatajs-075","status":"publish","type":"product","link":"https:\/\/staging.nbg.eu\/lv\/product\/magpul-ctr-moe-vaiga-paaugstinatajs-075\/","title":{"rendered":"Magpul &#8211; CTR \/ MOE vaiga paaugstin\u0101t\u0101js &#8211; 0.75&#8243;"},"content":{"rendered":"<div class=\"product-description\">\n<h2>Magpul &#8211; CTR \/ MOE vaigu balsts &#8211; 0,75&#8243;<\/h2>\n<p>Magpul CTR \/ MOE vaigu balsts. \u0160is piestiprin\u0101tais piederums ir paredz\u0113ts, lai paceltu vaigu atbalstu par 3\/4 collas, nodro\u0161inot lab\u0101ku t\u0113m\u0113\u0161anas poz\u012bciju da\u017e\u0101diem \u0161aujamiero\u010diem.<\/p>\n<ul>\n<li>Sader\u012bgs ar CTR, MOE\u00ae, DT un PR karb\u012bna laid\u0113m<\/li>\n<li>Piem\u0113rots ne-AR15\/M4 uzst\u0101d\u012bjumiem, piem\u0113ram, M14 karb\u012bna laides p\u0101rveidojumiem<\/li>\n<li>Viegli uzst\u0101d\u0101ms<\/li>\n<li>Ra\u017eots ASV<\/li>\n<li>NSN: MAG327-BLK 1005-01-591-6041<\/li>\n<\/ul>\n<p><strong>Piez\u012bme:<\/strong> Var trauc\u0113t uzl\u0101des roktura darb\u012bbu AR15\/M4 platform\u0101s, ja laide nav piln\u012bb\u0101 izb\u012bd\u012bta.<\/p>\n<\/div>\n","protected":false},"excerpt":{"rendered":"<p>&#8220;Uzliekams 0,75 collu vaiga balsts uzlabotam komfortam un precizit\u0101tei.&#8221;<\/p>\n","protected":false},"featured_media":237153,"template":"","meta":{"_acf_changed":false},"product_brand":[11547],"product_cat":[13827,13787,13776],"product_tag":[],"class_list":{"0":"post-285437","1":"product","2":"type-product","3":"status-publish","4":"has-post-thumbnail","6":"product_brand-magpul","7":"product_cat-sautene","8":"product_cat-sautenes-lata","9":"product_cat-sautenes-uzlabojumi","11":"first","12":"instock","13":"taxable","14":"shipping-taxable","15":"purchasable","16":"product-type-variable","17":"wvs-archive-product-wrapper"},"acf":[],"_links":{"self":[{"href":"https:\/\/staging.nbg.eu\/lv\/wp-json\/wp\/v2\/product\/285437","targetHints":{"allow":["GET"]}}],"collection":[{"href":"https:\/\/staging.nbg.eu\/lv\/wp-json\/wp\/v2\/product"}],"about":[{"href":"https:\/\/staging.nbg.eu\/lv\/wp-json\/wp\/v2\/types\/product"}],"wp:featuredmedia":[{"embeddable":true,"href":"https:\/\/staging.nbg.eu\/lv\/wp-json\/wp\/v2\/media\/237153"}],"wp:attachment":[{"href":"https:\/\/staging.nbg.eu\/lv\/wp-json\/wp\/v2\/media?parent=285437"}],"wp:term":[{"taxonomy":"product_brand","embeddable":true,"href":"https:\/\/staging.nbg.eu\/lv\/wp-json\/wp\/v2\/product_brand?post=285437"},{"taxonomy":"product_cat","embeddable":true,"href":"https:\/\/staging.nbg.eu\/lv\/wp-json\/wp\/v2\/product_cat?post=285437"},{"taxonomy":"product_tag","embeddable":true,"href":"https:\/\/staging.nbg.eu\/lv\/wp-json\/wp\/v2\/product_tag?post=285437"}],"curies":[{"name":"wp","href":"https:\/\/api.w.org\/{rel}","templated":true}]}}