{"id":285240,"date":"2025-03-04T18:44:51","date_gmt":"2025-03-25T14:25:47","guid":{"rendered":"https:\/\/staging.nbg.eu\/product\/magpul-ctr-moe-cheek-riser-0-25\/"},"modified":"2025-03-25T14:28:06","modified_gmt":"2025-03-25T14:28:06","slug":"magpul-ctr-moe-vaiga-paaugstinatajs-025","status":"publish","type":"product","link":"https:\/\/staging.nbg.eu\/lv\/product\/magpul-ctr-moe-vaiga-paaugstinatajs-025\/","title":{"rendered":"Magpul &#8211; CTR \/ MOE vaiga paaugstin\u0101t\u0101js &#8211; 0.25&#8221;"},"content":{"rendered":"<div class=\"product-description\">\n<h2>Magpul &#8211; CTR \/ MOE vaiga pac\u0113l\u0101js &#8211; 0.25&#8243;<\/h2>\n<p>Magpul CTR \/ MOE vaiga pac\u0113l\u0101js. \u0160is piestiprin\u0101tais piederums ir paredz\u0113ts, lai paceltu j\u016bsu vaiga atbalstu par 1\/4 collu, nodro\u0161inot uzlabotu \u0113rt\u012bbu un precizit\u0101ti lietojumiem, kas nav AR15\/M4.<\/p>\n<ul>\n<li>Sader\u012bgs ar CTR, MOE\u00ae, DT un PR karb\u012bna laid\u0113m<\/li>\n<li>Piem\u0113rots M14 karb\u012bna laides p\u0101rveidojumiem<\/li>\n<li>Ra\u017eots ASV<\/li>\n<li>NSN: MAG325-BLK 1005-01-591-6018<\/li>\n<\/ul>\n<p><strong>Piez\u012bme:<\/strong> \u0160is pac\u0113l\u0101js var trauc\u0113t uzl\u0101des roktura darb\u012bbu AR15\/M4 platform\u0101s, ja vien laide nav piln\u012bb\u0101 izvilkta.<\/p>\n<p>Magpul vaiga pac\u0113l\u0101js.<\/p>\n<\/div>\n","protected":false},"excerpt":{"rendered":"<p>Vaiga paaugstin\u0101t\u0101js, kas nav paredz\u0113ts AR15\/M4 laid\u0113m. Paaugstina vaigu atbalsta punktu par 0,25 coll\u0101m. Ra\u017eots ASV.<\/p>\n","protected":false},"featured_media":236939,"template":"","meta":{"_acf_changed":false},"product_brand":[11547],"product_cat":[13827,13787,13776],"product_tag":[],"class_list":{"0":"post-285240","1":"product","2":"type-product","3":"status-publish","4":"has-post-thumbnail","6":"product_brand-magpul","7":"product_cat-sautene","8":"product_cat-sautenes-lata","9":"product_cat-sautenes-uzlabojumi","11":"first","12":"instock","13":"taxable","14":"shipping-taxable","15":"purchasable","16":"product-type-variable","17":"wvs-archive-product-wrapper"},"acf":[],"_links":{"self":[{"href":"https:\/\/staging.nbg.eu\/lv\/wp-json\/wp\/v2\/product\/285240","targetHints":{"allow":["GET"]}}],"collection":[{"href":"https:\/\/staging.nbg.eu\/lv\/wp-json\/wp\/v2\/product"}],"about":[{"href":"https:\/\/staging.nbg.eu\/lv\/wp-json\/wp\/v2\/types\/product"}],"wp:featuredmedia":[{"embeddable":true,"href":"https:\/\/staging.nbg.eu\/lv\/wp-json\/wp\/v2\/media\/236939"}],"wp:attachment":[{"href":"https:\/\/staging.nbg.eu\/lv\/wp-json\/wp\/v2\/media?parent=285240"}],"wp:term":[{"taxonomy":"product_brand","embeddable":true,"href":"https:\/\/staging.nbg.eu\/lv\/wp-json\/wp\/v2\/product_brand?post=285240"},{"taxonomy":"product_cat","embeddable":true,"href":"https:\/\/staging.nbg.eu\/lv\/wp-json\/wp\/v2\/product_cat?post=285240"},{"taxonomy":"product_tag","embeddable":true,"href":"https:\/\/staging.nbg.eu\/lv\/wp-json\/wp\/v2\/product_tag?post=285240"}],"curies":[{"name":"wp","href":"https:\/\/api.w.org\/{rel}","templated":true}]}}