{"id":285065,"date":"2025-03-02T07:13:28","date_gmt":"2025-03-25T14:10:12","guid":{"rendered":"https:\/\/staging.nbg.eu\/product\/the-railchanger-from-area-419-armageddon-gear-and-reasor-precision\/"},"modified":"2025-03-25T14:12:24","modified_gmt":"2025-03-25T14:12:24","slug":"railchanger-no-area-419-armageddon-gear-un-reasor-precision","status":"publish","type":"product","link":"https:\/\/staging.nbg.eu\/lv\/product\/railchanger-no-area-419-armageddon-gear-un-reasor-precision\/","title":{"rendered":"RailChanger \u2013 no Area 419, Armageddon Gear un Reasor Precision"},"content":{"rendered":"<div class=\"product-description\">\n<h2>RailChanger: GripChanger versija<\/h2>\n<p>RailChanger l\u012bnijas jaun\u0101kais papildin\u0101jums: GripChanger. \u0160\u012b kompakt\u0101, daudzpus\u012bg\u0101 soma ir piem\u0113rota \u0101trai poz\u012bcijas veido\u0161anai un izmanto\u0161anai maz\u0101s atver\u0113s.<\/p>\n<h2>\u012apa\u0161\u012bbas:<\/h2>\n<ul>\n<li>Maza, ar labu sa\u0137eri un bl\u012bvi pild\u012bta<\/li>\n<li>Svars aptuveni 0,45 kg<\/li>\n<li>Pie\u0137eras jebkurai virsmai<\/li>\n<li>Nodro\u0161ina stabilu platformu \u0101trai uzst\u0101d\u012b\u0161anai<\/li>\n<\/ul>\n<h2>Komplekt\u0101 ietilpst:<\/h2>\n<ul>\n<li>1 Area 419 GripChanger soma<\/li>\n<li>1 ARCALOCK skava<\/li>\n<li>1 Area 419 Rail Changer svira<\/li>\n<\/ul>\n<h2>Specifik\u0101cijas:<\/h2>\n<ul>\n<li>Svars: 0,45 kg<\/li>\n<li>Izm\u0113ri: 25,4 \u00d7 7,6 \u00d7 5,1 cm<\/li>\n<li>Ra\u017eot\u0101js: Armageddon Gear<\/li>\n<\/ul>\n<p>GripChanger ir Area 419, Armageddon Gear un Reasor Precision sadarb\u012bbas rezult\u0101ts.<\/p>\n<\/div>\n","protected":false},"excerpt":{"rendered":"<p>Daudzpus\u012bgs, labi satverams maiss \u0101tru un stabilu \u0161au\u0161anas poz\u012bciju ie\u0146em\u0161anai.<\/p>\n","protected":false},"featured_media":233703,"template":"","meta":{"_acf_changed":false},"product_brand":[11043],"product_cat":[13827],"product_tag":[],"class_list":{"0":"post-285065","1":"product","2":"type-product","3":"status-publish","4":"has-post-thumbnail","6":"product_brand-area-419","7":"product_cat-sautene","9":"first","10":"instock","11":"taxable","12":"shipping-taxable","13":"purchasable","14":"product-type-variable","15":"wvs-archive-product-wrapper"},"acf":[],"_links":{"self":[{"href":"https:\/\/staging.nbg.eu\/lv\/wp-json\/wp\/v2\/product\/285065","targetHints":{"allow":["GET"]}}],"collection":[{"href":"https:\/\/staging.nbg.eu\/lv\/wp-json\/wp\/v2\/product"}],"about":[{"href":"https:\/\/staging.nbg.eu\/lv\/wp-json\/wp\/v2\/types\/product"}],"wp:featuredmedia":[{"embeddable":true,"href":"https:\/\/staging.nbg.eu\/lv\/wp-json\/wp\/v2\/media\/233703"}],"wp:attachment":[{"href":"https:\/\/staging.nbg.eu\/lv\/wp-json\/wp\/v2\/media?parent=285065"}],"wp:term":[{"taxonomy":"product_brand","embeddable":true,"href":"https:\/\/staging.nbg.eu\/lv\/wp-json\/wp\/v2\/product_brand?post=285065"},{"taxonomy":"product_cat","embeddable":true,"href":"https:\/\/staging.nbg.eu\/lv\/wp-json\/wp\/v2\/product_cat?post=285065"},{"taxonomy":"product_tag","embeddable":true,"href":"https:\/\/staging.nbg.eu\/lv\/wp-json\/wp\/v2\/product_tag?post=285065"}],"curies":[{"name":"wp","href":"https:\/\/api.w.org\/{rel}","templated":true}]}}