{"id":284347,"date":"2025-03-06T20:15:14","date_gmt":"2025-03-06T20:15:14","guid":{"rendered":"https:\/\/staging.nbg.eu\/product\/clawgear-ak47-gas-tube-cover\/"},"modified":"2025-03-25T13:01:05","modified_gmt":"2025-03-25T13:01:05","slug":"clawgear-ak47-gazes-caurules-parsegs","status":"publish","type":"product","link":"https:\/\/staging.nbg.eu\/lv\/product\/clawgear-ak47-gazes-caurules-parsegs\/","title":{"rendered":"Clawgear &#8211; AK47 g\u0101zes caurules p\u0101rsegs"},"content":{"rendered":"<h2>Clawgear &#8211; AK47 g\u0101zes caurules p\u0101rsegs<\/h2>\n<p>AK47 g\u0101zes caurules p\u0101rsegs, paredz\u0113ts lieto\u0161anai ar CG Slimline priek\u0161\u0113jo rokturi. \u0160im aksesu\u0101ram ir \u0161\u0101das \u012bpa\u0161\u012bbas:<\/p>\n<ul>\n<li>Mil-STD 1913 Picatinny \/ Stanag 4694 sliede aug\u0161pus\u0113<\/li>\n<li>Izgatavots no augstas iztur\u012bbas alum\u012bnija<\/li>\n<li>Iztur\u012bgs melns milit\u0101rais p\u0101rkl\u0101jums<\/li>\n<\/ul>\n<p>\u0160is uzlabojums ir 10 cm gar\u0161 un sver 80 g, tas iek\u013caujas AK47 dizain\u0101.<\/p>\n<p><strong>Piez\u012bme:<\/strong> \u0160is produkts ir sader\u012bgs <em>tikai<\/em> ar Clawgear AK47 Slimline priek\u0161\u0113jo rokturi.<\/p>\n<p>Clawgear AK47 g\u0101zes caurules p\u0101rsegs ir papildin\u0101jums j\u016bsu iero\u010dam.<\/p>\n","protected":false},"excerpt":{"rendered":"<p>Iztur\u012bgs AK47 g\u0101zes caurules p\u0101rsegs ar Picatinny sliedi Slimline rokturim.<\/p>\n","protected":false},"featured_media":244887,"template":"","meta":{"_acf_changed":false},"product_brand":[11225],"product_cat":[13761,13827,13775],"product_tag":[],"class_list":{"0":"post-284347","1":"product","2":"type-product","3":"status-publish","4":"has-post-thumbnail","6":"product_brand-clawgear","7":"product_cat-ak-uzlabojumi","8":"product_cat-sautene","9":"product_cat-sliedes","11":"first","12":"instock","13":"taxable","14":"shipping-taxable","15":"purchasable","16":"product-type-simple"},"acf":[],"_links":{"self":[{"href":"https:\/\/staging.nbg.eu\/lv\/wp-json\/wp\/v2\/product\/284347","targetHints":{"allow":["GET"]}}],"collection":[{"href":"https:\/\/staging.nbg.eu\/lv\/wp-json\/wp\/v2\/product"}],"about":[{"href":"https:\/\/staging.nbg.eu\/lv\/wp-json\/wp\/v2\/types\/product"}],"wp:featuredmedia":[{"embeddable":true,"href":"https:\/\/staging.nbg.eu\/lv\/wp-json\/wp\/v2\/media\/244887"}],"wp:attachment":[{"href":"https:\/\/staging.nbg.eu\/lv\/wp-json\/wp\/v2\/media?parent=284347"}],"wp:term":[{"taxonomy":"product_brand","embeddable":true,"href":"https:\/\/staging.nbg.eu\/lv\/wp-json\/wp\/v2\/product_brand?post=284347"},{"taxonomy":"product_cat","embeddable":true,"href":"https:\/\/staging.nbg.eu\/lv\/wp-json\/wp\/v2\/product_cat?post=284347"},{"taxonomy":"product_tag","embeddable":true,"href":"https:\/\/staging.nbg.eu\/lv\/wp-json\/wp\/v2\/product_tag?post=284347"}],"curies":[{"name":"wp","href":"https:\/\/api.w.org\/{rel}","templated":true}]}}