{"id":284186,"date":"2025-03-05T08:21:40","date_gmt":"2025-03-25T10:48:11","guid":{"rendered":"https:\/\/staging.nbg.eu\/product\/magpul-moe-sl-enhanced-rubber-butt-pad-0-70\/"},"modified":"2025-03-25T10:50:47","modified_gmt":"2025-03-25T10:50:47","slug":"magpul-moe-sl-uzlabota-gumijas-kabes-paliktnis-070","status":"publish","type":"product","link":"https:\/\/staging.nbg.eu\/lv\/product\/magpul-moe-sl-uzlabota-gumijas-kabes-paliktnis-070\/","title":{"rendered":"Magpul &#8211; MOE SL\u00ae uzlabota gumijas kabes paliktnis, 0.70"},"content":{"rendered":"<h2>Magpul &#8211; MOE SL\u00ae uzlabotais gumijas laides spilvens, 0,70 collas<\/h2>\n<p>Magpul laidei paredz\u0113ts MOE SL\u00ae uzlabotais gumijas laides spilvens, 0,70 collas. \u0160is tie\u0161\u0101s nomai\u0146as spilvens pied\u0101v\u0101 uzlabotu komfortu un funkcionalit\u0101ti j\u016bsu \u0161aujamierocim.<\/p>\n<h3>Galven\u0101s \u012bpa\u0161\u012bbas:<\/h3>\n<ul>\n<li>Sader\u012bgs ar DT Carbine, MOE SL\u00ae, MOE\u00ae SL-S\u2122, UBR\u00ae GEN2, MOE\u00ae AK, Zhukov-S\u00ae, X-22 Backpacker un PC Backpacker laid\u0113m<\/li>\n<li>Nesl\u012bdo\u0161a, rievota tekst\u016bra dro\u0161ai satver\u0161anai<\/li>\n<li>Biez\u0101ks, ventil\u0113ts dizains uzlabotam komfortam<\/li>\n<li>Pievieno aptuveni 3\/8 collas laides garumam<\/li>\n<li>Sver maz\u0101k nek\u0101 1 unci<\/li>\n<li>Sl\u012bps, rievots apak\u0161gals viegl\u0101kai uzst\u0101d\u012b\u0161anai<\/li>\n<li>Izliekta aug\u0161da\u013ca \u0113rtai pleca pozicion\u0113\u0161anai<\/li>\n<\/ul>\n<p>Ra\u017eots ASV, \u0161is laides spilvens apvieno iztur\u012bbu ar uzlabotu dizainu. To var viegli uzst\u0101d\u012bt ar eso\u0161o apr\u012bkojumu, nodro\u0161inot t\u016bl\u012bt\u0113ju Magpul laides uzlabojumu.<\/p>\n<p><strong>Magpul MOE SL\u00ae uzlabotais gumijas laides spilvens ir pieejams.<\/strong><\/p>\n","protected":false},"excerpt":{"rendered":"<p>\u0112rts, nesl\u012bdo\u0161s 0,70 collu gumijas plecu paliktnis Magpul laidskastu aptverei.<\/p>\n","protected":false},"featured_media":238695,"template":"","meta":{"_acf_changed":false},"product_brand":[11547],"product_cat":[13827,13787,13776],"product_tag":[],"class_list":{"0":"post-284186","1":"product","2":"type-product","3":"status-publish","4":"has-post-thumbnail","6":"product_brand-magpul","7":"product_cat-sautene","8":"product_cat-sautenes-lata","9":"product_cat-sautenes-uzlabojumi","11":"first","12":"instock","13":"taxable","14":"shipping-taxable","15":"purchasable","16":"product-type-simple"},"acf":[],"_links":{"self":[{"href":"https:\/\/staging.nbg.eu\/lv\/wp-json\/wp\/v2\/product\/284186","targetHints":{"allow":["GET"]}}],"collection":[{"href":"https:\/\/staging.nbg.eu\/lv\/wp-json\/wp\/v2\/product"}],"about":[{"href":"https:\/\/staging.nbg.eu\/lv\/wp-json\/wp\/v2\/types\/product"}],"wp:featuredmedia":[{"embeddable":true,"href":"https:\/\/staging.nbg.eu\/lv\/wp-json\/wp\/v2\/media\/238695"}],"wp:attachment":[{"href":"https:\/\/staging.nbg.eu\/lv\/wp-json\/wp\/v2\/media?parent=284186"}],"wp:term":[{"taxonomy":"product_brand","embeddable":true,"href":"https:\/\/staging.nbg.eu\/lv\/wp-json\/wp\/v2\/product_brand?post=284186"},{"taxonomy":"product_cat","embeddable":true,"href":"https:\/\/staging.nbg.eu\/lv\/wp-json\/wp\/v2\/product_cat?post=284186"},{"taxonomy":"product_tag","embeddable":true,"href":"https:\/\/staging.nbg.eu\/lv\/wp-json\/wp\/v2\/product_tag?post=284186"}],"curies":[{"name":"wp","href":"https:\/\/api.w.org\/{rel}","templated":true}]}}