{"id":283950,"date":"2025-03-05T07:31:40","date_gmt":"2025-03-05T07:31:40","guid":{"rendered":"https:\/\/staging.nbg.eu\/product\/magpul-daka-window-pouch-medium\/"},"modified":"2025-03-25T09:55:09","modified_gmt":"2025-03-25T09:55:09","slug":"magpul-daka-kabata-ar-logu-videja","status":"publish","type":"product","link":"https:\/\/staging.nbg.eu\/lv\/product\/magpul-daka-kabata-ar-logu-videja\/","title":{"rendered":"Magpul &#8211; DAKA\u00ae kabata ar logu, vid\u0113ja"},"content":{"rendered":"<h2>Magpul &#8211; DAKA\u00ae Lodzi\u0146a Maci\u0146\u0161, Vid\u0113js<\/h2>\n<p>Magpul DAKA\u00ae \u016adensiztur\u012bgais Lodzi\u0146a Maci\u0146\u0161. \u0160is vid\u0113ja izm\u0113ra maci\u0146\u0161 ietver:<\/p>\n<ul>\n<li>IPX7 nov\u0113rt\u0113ti s\u0101nu r\u0101v\u0113jsl\u0113dz\u0113ji piln\u012bgai \u016bdensiztur\u012bbai<\/li>\n<li>550 paracord r\u0101v\u0113jsl\u0113dz\u0113ju vilc\u0113ji ar termoizol\u0101cijas caurul\u012bt\u0113m<\/li>\n<li>Caursp\u012bd\u012bgs lodzi\u0146a panelis vieglai satura identific\u0113\u0161anai<\/li>\n<li>Divi \u012bpa\u0161i lieli karab\u012bnes caurumi daudzpus\u012bgai piestiprin\u0101\u0161anai<\/li>\n<li>Iztur\u012bga RF metin\u0101ta konstrukcija ar necaurlaid\u012bg\u0101m \u0161uv\u0113m<\/li>\n<li>Unik\u0101ls ar polim\u0113ru pies\u016bcin\u0101ts materi\u0101ls papildu aizsardz\u012bbai<\/li>\n<\/ul>\n<p>Izm\u0113ri: 17,8 cm x 30,5 cm (\u0101r\u0113jie), 17,1 cm x 29,8 cm (iek\u0161\u0113jie)<\/p>\n<p>DAKA\u00ae \u016adensiztur\u012bgais Lodzi\u0146a Maci\u0146\u0161 ir piem\u0113rots, kad iesp\u0113jama iegremd\u0113\u0161ana \u016bden\u012b. Tas ir paredz\u0113ts mantu uzglab\u0101\u0161anai da\u017e\u0101d\u0101s vid\u0113s.<\/p>\n","protected":false},"excerpt":{"rendered":"<p>\u016adensiztur\u012bgs maci\u0146\u0161 ar lodzi\u0146u vieglai identifik\u0101cijai. Iztur\u012bgs, iegremd\u0113jams.<\/p>\n","protected":false},"featured_media":237803,"template":"","meta":{"_acf_changed":false},"product_brand":[11547],"product_cat":[13794,13785],"product_tag":[],"class_list":{"0":"post-283950","1":"product","2":"type-product","3":"status-publish","4":"has-post-thumbnail","6":"product_brand-magpul","7":"product_cat-ekipejums","8":"product_cat-sominas","10":"first","11":"instock","12":"taxable","13":"shipping-taxable","14":"purchasable","15":"product-type-simple"},"acf":[],"_links":{"self":[{"href":"https:\/\/staging.nbg.eu\/lv\/wp-json\/wp\/v2\/product\/283950","targetHints":{"allow":["GET"]}}],"collection":[{"href":"https:\/\/staging.nbg.eu\/lv\/wp-json\/wp\/v2\/product"}],"about":[{"href":"https:\/\/staging.nbg.eu\/lv\/wp-json\/wp\/v2\/types\/product"}],"wp:featuredmedia":[{"embeddable":true,"href":"https:\/\/staging.nbg.eu\/lv\/wp-json\/wp\/v2\/media\/237803"}],"wp:attachment":[{"href":"https:\/\/staging.nbg.eu\/lv\/wp-json\/wp\/v2\/media?parent=283950"}],"wp:term":[{"taxonomy":"product_brand","embeddable":true,"href":"https:\/\/staging.nbg.eu\/lv\/wp-json\/wp\/v2\/product_brand?post=283950"},{"taxonomy":"product_cat","embeddable":true,"href":"https:\/\/staging.nbg.eu\/lv\/wp-json\/wp\/v2\/product_cat?post=283950"},{"taxonomy":"product_tag","embeddable":true,"href":"https:\/\/staging.nbg.eu\/lv\/wp-json\/wp\/v2\/product_tag?post=283950"}],"curies":[{"name":"wp","href":"https:\/\/api.w.org\/{rel}","templated":true}]}}