{"id":283717,"date":"2025-03-06T10:14:28","date_gmt":"2025-03-06T10:14:28","guid":{"rendered":"https:\/\/staging.nbg.eu\/product\/clawgear-snap-cap-12-gauge-2-pack\/"},"modified":"2025-03-25T09:28:28","modified_gmt":"2025-03-25T09:28:28","slug":"clawgear-tuksas-patronas-12-kalibrs-2-gab","status":"publish","type":"product","link":"https:\/\/staging.nbg.eu\/lv\/product\/clawgear-tuksas-patronas-12-kalibrs-2-gab\/","title":{"rendered":"Clawgear tuk\u0161\u0101s patronas 12 kalibrs 2 gab."},"content":{"rendered":"<h2>Clawgear Snap Cap 12. kalibra 2 gab. komplekts<\/h2>\n<p>Clawgear Snap Cap 12. kalibra 2 gab. komplekts ir paredz\u0113ts \u0161aujamiero\u010du apm\u0101c\u012bbai un apkopei. \u0160ie snap cap ir izstr\u0101d\u0101ti, lai aizsarg\u0101tu iero\u010da belzni un meh\u0101nismu saus\u0101s \u0161au\u0161anas treni\u0146u, funkciju p\u0101rbaudes un uzglab\u0101\u0161anas laik\u0101.<\/p>\n<h2>Galven\u0101s \u012bpa\u0161\u012bbas:<\/h2>\n<ul>\n<li>2 snap cap komplekts<\/li>\n<li>Iztur\u012bga konstrukcija ilgsto\u0161ai lieto\u0161anai<\/li>\n<li>Nov\u0113r\u0161 bel\u017e\u0146a un meh\u0101nisma boj\u0101jumus<\/li>\n<li>Piem\u0113rots saus\u0101s \u0161au\u0161anas treni\u0146iem un funkciju p\u0101rbaudei<\/li>\n<\/ul>\n<h2>Produkta izm\u0113ri:<\/h2>\n<ul>\n<li>Garums: 5,5 cm<\/li>\n<li>Platums: 2,1 cm<\/li>\n<li>Augstums: 2,1 cm<\/li>\n<li>Svars: 0,106 kg<\/li>\n<\/ul>\n<p>Izmantojiet Clawgear Snap Cap 12. kalibra 2 gab. komplektu, lai uzlabotu \u0161au\u0161anas prasmes un veiktu iero\u010da apkopi.<\/p>\n","protected":false},"excerpt":{"rendered":"<p>&#8220;Iztur\u012bgi 12. kalibra m\u0101c\u012bbu patroni, 2 gab. komplekts. Ide\u0101li piem\u0113roti dro\u0161ai \u0161au\u0161anas treni\u0146u praksei bez mun\u012bcijas.&#8221;<\/p>\n","protected":false},"featured_media":240948,"template":"","meta":{"_acf_changed":false},"product_brand":[11225],"product_cat":[13802],"product_tag":[],"class_list":{"0":"post-283717","1":"product","2":"type-product","3":"status-publish","4":"has-post-thumbnail","6":"product_brand-clawgear","7":"product_cat-municija","9":"first","10":"instock","11":"taxable","12":"shipping-taxable","13":"purchasable","14":"product-type-simple"},"acf":[],"_links":{"self":[{"href":"https:\/\/staging.nbg.eu\/lv\/wp-json\/wp\/v2\/product\/283717","targetHints":{"allow":["GET"]}}],"collection":[{"href":"https:\/\/staging.nbg.eu\/lv\/wp-json\/wp\/v2\/product"}],"about":[{"href":"https:\/\/staging.nbg.eu\/lv\/wp-json\/wp\/v2\/types\/product"}],"wp:featuredmedia":[{"embeddable":true,"href":"https:\/\/staging.nbg.eu\/lv\/wp-json\/wp\/v2\/media\/240948"}],"wp:attachment":[{"href":"https:\/\/staging.nbg.eu\/lv\/wp-json\/wp\/v2\/media?parent=283717"}],"wp:term":[{"taxonomy":"product_brand","embeddable":true,"href":"https:\/\/staging.nbg.eu\/lv\/wp-json\/wp\/v2\/product_brand?post=283717"},{"taxonomy":"product_cat","embeddable":true,"href":"https:\/\/staging.nbg.eu\/lv\/wp-json\/wp\/v2\/product_cat?post=283717"},{"taxonomy":"product_tag","embeddable":true,"href":"https:\/\/staging.nbg.eu\/lv\/wp-json\/wp\/v2\/product_tag?post=283717"}],"curies":[{"name":"wp","href":"https:\/\/api.w.org\/{rel}","templated":true}]}}